{"id":37094,"date":"2025-02-20T23:36:51","date_gmt":"2025-02-20T22:36:51","guid":{"rendered":"https:\/\/olemosaic.orbitalia.org\/producto\/jarra-de-ceramica-bailaora-beige\/"},"modified":"2025-07-25T20:00:19","modified_gmt":"2025-07-25T18:00:19","slug":"jarra-de-ceramica-bailarina-flamenco-bege","status":"publish","type":"product","link":"https:\/\/olemosaic.orbitalia.org\/pt-pt\/produto\/jarra-de-ceramica-bailarina-flamenco-bege\/","title":{"rendered":"Jarra de cer\u00e2mica. Bailarina de Flamenco. Bege."},"content":{"rendered":"<p>Apresentamos a nossa jarra de cer\u00e2mica com efeito pintado \u00e0 m\u00e3o, uma aut\u00eantica homenagem \u00e0 rica cultura espanhola com um design vibrante que captura a ess\u00eancia do flamenco. Esta pe\u00e7a decorativa, elaborada com cer\u00e2mica de alta qualidade, destaca-se pela sua cor bege suave, que serve de tela ideal para a din\u00e2mica ilustra\u00e7\u00e3o de uma bailarina de flamenco, vestida com um traje colorido que evoca a tradi\u00e7\u00e3o andaluza. A bailarina, representada num majestoso movimento, est\u00e1 rodeada de belas flores de cravo, que conferem um toque rom\u00e2ntico e vibrante ao design. Na parte superior da jarra, a palavra &#8220;ESPANHA&#8221; aparece com um tra\u00e7o elegante, enfatizando a sua identidade nacional como recorda\u00e7\u00e3o representativa.<\/p>\n<p>Este artigo n\u00e3o s\u00f3 cumpre uma fun\u00e7\u00e3o pr\u00e1tica, como tamb\u00e9m \u00e9 uma pe\u00e7a decorativa que adiciona um toque de arte e cultura a qualquer lar. Ideal para quem procura souvenirs de Espanha, esta jarra de cer\u00e2mica \u00e9 perfeita para recordar momentos especiais da sua visita. Al\u00e9m disso, a sua qualidade artesanal torna-a uma excelente op\u00e7\u00e3o para lojas dedicadas \u00e0 venda de souvenirs por grosso. Na Ol\u00e9 Mosaic, orgulhamo-nos de oferecer produtos aut\u00eanticos, e esta jarra \u00e9 o presente perfeito para aqueles que desejam levar um pedacinho da rica hist\u00f3ria e do exuberante folclore espanhol. Atraia os seus clientes com esta magn\u00edfica jarra de cer\u00e2mica, un verdadeiro s\u00edmbolo da tradi\u00e7\u00e3o cultural de Espanha e uma aut\u00eantica obra de arte em cada lar.<\/p>\n","protected":false},"excerpt":{"rendered":"<p>Jarra de cer\u00e2mica com design artesanal, pintado \u00e0 m\u00e3o, decorada com uma vibrante ilustra\u00e7\u00e3o de uma bailarina de flamenco que evoca o esp\u00edrito de Espanha. O seu design inclui cores chamativas como o vermelho e o amarelo, com detalhes florais como cravos e a palavra &#8220;ESPANHA&#8221; na borda. Esta pe\u00e7a, de tom bege, combina funcionalidade e arte, o que a torna uma excelente recorda\u00e7\u00e3o ou elemento decorativo para qualquer lar.<\/p>\n","protected":false},"featured_media":7284,"template":"","meta":{"_acf_changed":false},"product_brand":[],"product_cat":[669],"product_tag":[515],"class_list":{"0":"post-37094","1":"product","2":"type-product","3":"status-publish","4":"has-post-thumbnail","6":"product_cat-jarras","7":"product_tag-ceramica","8":"pa_motivo-dancarinos","10":"first","11":"instock","12":"shipping-taxable","13":"product-type-simple"},"acf":[],"_links":{"self":[{"href":"https:\/\/olemosaic.orbitalia.org\/pt-pt\/wp-json\/wp\/v2\/product\/37094","targetHints":{"allow":["GET"]}}],"collection":[{"href":"https:\/\/olemosaic.orbitalia.org\/pt-pt\/wp-json\/wp\/v2\/product"}],"about":[{"href":"https:\/\/olemosaic.orbitalia.org\/pt-pt\/wp-json\/wp\/v2\/types\/product"}],"wp:featuredmedia":[{"embeddable":true,"href":"https:\/\/olemosaic.orbitalia.org\/pt-pt\/wp-json\/wp\/v2\/media\/7284"}],"wp:attachment":[{"href":"https:\/\/olemosaic.orbitalia.org\/pt-pt\/wp-json\/wp\/v2\/media?parent=37094"}],"wp:term":[{"taxonomy":"product_brand","embeddable":true,"href":"https:\/\/olemosaic.orbitalia.org\/pt-pt\/wp-json\/wp\/v2\/product_brand?post=37094"},{"taxonomy":"product_cat","embeddable":true,"href":"https:\/\/olemosaic.orbitalia.org\/pt-pt\/wp-json\/wp\/v2\/product_cat?post=37094"},{"taxonomy":"product_tag","embeddable":true,"href":"https:\/\/olemosaic.orbitalia.org\/pt-pt\/wp-json\/wp\/v2\/product_tag?post=37094"}],"curies":[{"name":"wp","href":"https:\/\/api.w.org\/{rel}","templated":true}]}}