{"id":37091,"date":"2025-02-20T23:36:50","date_gmt":"2025-02-20T22:36:50","guid":{"rendered":"https:\/\/olemosaic.orbitalia.org\/producto\/saleros-de-ceramica-toros-blanco-2\/"},"modified":"2025-07-25T20:14:42","modified_gmt":"2025-07-25T18:14:42","slug":"saleiros-de-ceramica-touros-branco-2","status":"publish","type":"product","link":"https:\/\/olemosaic.orbitalia.org\/pt-pt\/produto\/saleiros-de-ceramica-touros-branco-2\/","title":{"rendered":"Saleiros de cer\u00e2mica. Touros. Mosaico. Branco."},"content":{"rendered":"<p>Apresentamos os saleiros de cer\u00e2mica com um vibrante design de touros, uma aut\u00eantica representa\u00e7\u00e3o da cultura espanhola. Cada saleiro, com um elegante acabamento branco, destaca-se pelo seu colorido padr\u00e3o de mosaico que ilustra um imponente touro numa cena campestre, rodeado de intensas flores vermelhas. A t\u00e9cnica de pintura \u00e0 m\u00e3o utilizada nestes saleiros real\u00e7a primorosamente as cores intensas verde, vermelho e azul, capturando a ess\u00eancia do folclore espanhol e a paix\u00e3o que emana das tradi\u00e7\u00f5es da pen\u00ednsula.<\/p>\n<p>Esta recorda\u00e7\u00e3o, que n\u00e3o \u00e9 apenas pr\u00e1tica mas tamb\u00e9m uma obra de arte, torna-se o complemento perfeito para qualquer mesa, conferindo um toque aut\u00eantico e distintivo \u00e0 decora\u00e7\u00e3o. A figura do touro, s\u00edmbolo da for\u00e7a e da bravura espanholas, ergue-se como uma lembran\u00e7a do rico patrim\u00f3nio cultural de Espanha, especialmente celebrado em eventos como as touradas e os festivais locais. Na Ol\u00e9 Mosaic, especializamo-nos na distribui\u00e7\u00e3o de recorda\u00e7\u00f5es por grosso, oferecendo pe\u00e7as \u00fanicas que refletem a autenticidade e a arte artesanal. Estes saleiros de cer\u00e2mica s\u00e3o uma excelente op\u00e7\u00e3o para lojas de presentes tur\u00edsticos que procuram produtos representativos e de qualidade. Ao adquirir estas recorda\u00e7\u00f5es de touros, n\u00e3o escolhe apenas uma pe\u00e7a decorativa, mas uma parte da cultura espanhola que poder\u00e1 levar para casa.<\/p>\n","protected":false},"excerpt":{"rendered":"<p>Saleiros de cer\u00e2mica com um vibrante design de touros, inspirados na cultura espanhola. Cada saleiro apresenta um acabamento branco e um colorido padr\u00e3o de mosaico que ilustra um touro numa cena campestre, rodeado de flores vermelhas. A t\u00e9cnica de design artesanal, pintado \u00e0 m\u00e3o, real\u00e7a os detalhes em cores intensas, como o verde, o vermelho e o azul, capturando a ess\u00eancia do folclore e a paix\u00e3o das tradi\u00e7\u00f5es espanholas. Perfeitos para adicionar um toque de autenticidade \u00e0 sua mesa.<\/p>\n","protected":false},"featured_media":8537,"template":"","meta":{"_acf_changed":false},"product_brand":[],"product_cat":[821],"product_tag":[516,515],"class_list":{"0":"post-37091","1":"product","2":"type-product","3":"status-publish","4":"has-post-thumbnail","6":"product_cat-saleiros","7":"product_tag-animais","8":"product_tag-ceramica","9":"pa_motivo-touros","11":"first","12":"instock","13":"shipping-taxable","14":"product-type-simple"},"acf":[],"_links":{"self":[{"href":"https:\/\/olemosaic.orbitalia.org\/pt-pt\/wp-json\/wp\/v2\/product\/37091","targetHints":{"allow":["GET"]}}],"collection":[{"href":"https:\/\/olemosaic.orbitalia.org\/pt-pt\/wp-json\/wp\/v2\/product"}],"about":[{"href":"https:\/\/olemosaic.orbitalia.org\/pt-pt\/wp-json\/wp\/v2\/types\/product"}],"wp:featuredmedia":[{"embeddable":true,"href":"https:\/\/olemosaic.orbitalia.org\/pt-pt\/wp-json\/wp\/v2\/media\/8537"}],"wp:attachment":[{"href":"https:\/\/olemosaic.orbitalia.org\/pt-pt\/wp-json\/wp\/v2\/media?parent=37091"}],"wp:term":[{"taxonomy":"product_brand","embeddable":true,"href":"https:\/\/olemosaic.orbitalia.org\/pt-pt\/wp-json\/wp\/v2\/product_brand?post=37091"},{"taxonomy":"product_cat","embeddable":true,"href":"https:\/\/olemosaic.orbitalia.org\/pt-pt\/wp-json\/wp\/v2\/product_cat?post=37091"},{"taxonomy":"product_tag","embeddable":true,"href":"https:\/\/olemosaic.orbitalia.org\/pt-pt\/wp-json\/wp\/v2\/product_tag?post=37091"}],"curies":[{"name":"wp","href":"https:\/\/api.w.org\/{rel}","templated":true}]}}