{"id":37090,"date":"2025-02-20T23:36:50","date_gmt":"2025-02-20T22:36:50","guid":{"rendered":"https:\/\/olemosaic.orbitalia.org\/producto\/4-bols-de-coco-de-13-x-6-cm-flamenco-6\/"},"modified":"2025-07-25T20:13:52","modified_gmt":"2025-07-25T18:13:52","slug":"4-tacas-de-coco-de-13-x-6-cm-flamenco-6","status":"publish","type":"product","link":"https:\/\/olemosaic.orbitalia.org\/pt-pt\/produto\/4-tacas-de-coco-de-13-x-6-cm-flamenco-6\/","title":{"rendered":"4 Ta\u00e7as de coco de 13 x 6 cm. Flamenco. Azul, vermelho, amarelo e f\u00facsia."},"content":{"rendered":"<p>Apresentamos as encantadoras ta\u00e7as de coco decoradas com flamingos, uma op\u00e7\u00e3o vibrante e colorida para real\u00e7ar qualquer espa\u00e7o. Este conjunto inclui quatro ta\u00e7as de 13 x 6 cm, elaboradas cuidadosamente com coco pintado \u00e0 m\u00e3o, o que garante autenticidade e qualidade em cada pe\u00e7a. Com uma gama de cores brilhantes que inclui azul, vermelho, amarelo e f\u00facsia, cada ta\u00e7a apresenta um design muito especial de flamingos rodeados de cora\u00e7\u00f5es, emoldurados por um elegante rebordo preto que real\u00e7a o seu apelo visual.<\/p>\n<p>Estas ta\u00e7as n\u00e3o s\u00f3 s\u00e3o perfeitas para servir pequenos aperitivos, como tamb\u00e9m s\u00e3o uma excelente op\u00e7\u00e3o decorativa, capturando a ess\u00eancia alegre do folclore espanhol. A representa\u00e7\u00e3o do flamenco, um s\u00edmbolo ic\u00f3nico da cultura espanhola, confere um toque de alegria e cor a qualquer ambiente, tornando-as recorda\u00e7\u00f5es ideais para turistas que procuram levar uma lembran\u00e7a aut\u00eantica e representativa da sua visita. Na Ol\u00e9 Mosaic, somos distribuidores de recorda\u00e7\u00f5es que garantem produtos de qualidade a lojas de presentes tur\u00edsticos. Gra\u00e7as ao seu design art\u00edstico e \u00e0 sua inspira\u00e7\u00e3o cultural, estas ta\u00e7as de coco s\u00e3o uma escolha acertada para quem deseja oferecer um pedacinho de Espanha em cada casa.<\/p>\n","protected":false},"excerpt":{"rendered":"<p>Ta\u00e7as de coco de 13 x 6 cm decoradas com motivos de flamingos, ideais para dar um toque vibrante e colorido a qualquer espa\u00e7o. Estas quatro ta\u00e7as, elaboradas em coco com design artesanal, pintado \u00e0 m\u00e3o, apresentam uma variedade de cores brilhantes: azul, vermelho, amarelo e f\u00facsia. Cada ta\u00e7a mostra um design muito especial de flamingos com cora\u00e7\u00f5es, rodeados por um rebordo preto que real\u00e7a o seu apelo visual. Perfeitas como recorda\u00e7\u00e3o da cultura espanhola ou para uso decorativo.<\/p>\n","protected":false},"featured_media":13830,"template":"","meta":{"_acf_changed":false},"product_brand":[],"product_cat":[513],"product_tag":[516],"class_list":{"0":"post-37090","1":"product","2":"type-product","3":"status-publish","4":"has-post-thumbnail","6":"product_cat-bols","7":"product_tag-animais","8":"pa_motivo-flamingos","10":"first","11":"instock","12":"shipping-taxable","13":"product-type-simple"},"acf":[],"_links":{"self":[{"href":"https:\/\/olemosaic.orbitalia.org\/pt-pt\/wp-json\/wp\/v2\/product\/37090","targetHints":{"allow":["GET"]}}],"collection":[{"href":"https:\/\/olemosaic.orbitalia.org\/pt-pt\/wp-json\/wp\/v2\/product"}],"about":[{"href":"https:\/\/olemosaic.orbitalia.org\/pt-pt\/wp-json\/wp\/v2\/types\/product"}],"wp:featuredmedia":[{"embeddable":true,"href":"https:\/\/olemosaic.orbitalia.org\/pt-pt\/wp-json\/wp\/v2\/media\/13830"}],"wp:attachment":[{"href":"https:\/\/olemosaic.orbitalia.org\/pt-pt\/wp-json\/wp\/v2\/media?parent=37090"}],"wp:term":[{"taxonomy":"product_brand","embeddable":true,"href":"https:\/\/olemosaic.orbitalia.org\/pt-pt\/wp-json\/wp\/v2\/product_brand?post=37090"},{"taxonomy":"product_cat","embeddable":true,"href":"https:\/\/olemosaic.orbitalia.org\/pt-pt\/wp-json\/wp\/v2\/product_cat?post=37090"},{"taxonomy":"product_tag","embeddable":true,"href":"https:\/\/olemosaic.orbitalia.org\/pt-pt\/wp-json\/wp\/v2\/product_tag?post=37090"}],"curies":[{"name":"wp","href":"https:\/\/api.w.org\/{rel}","templated":true}]}}