{"id":37088,"date":"2025-02-20T23:36:50","date_gmt":"2025-02-20T22:36:50","guid":{"rendered":"https:\/\/olemosaic.orbitalia.org\/producto\/libreta-de-80-hojas-salamandra-fuerteventura-2\/"},"modified":"2025-07-25T19:41:21","modified_gmt":"2025-07-25T17:41:21","slug":"caderno-de-80-folhas-salamandra-fuerteventura-2","status":"publish","type":"product","link":"https:\/\/olemosaic.orbitalia.org\/pt-pt\/produto\/caderno-de-80-folhas-salamandra-fuerteventura-2\/","title":{"rendered":"Caderno de 80 folhas. Salamandra. Fuerteventura. Motivos florais."},"content":{"rendered":"<p>Apresentamos o caderno decorado com um vibrante design inspirado na fauna de Fuerteventura, uma aut\u00eantica recorda\u00e7\u00e3o desta bela ilha can\u00e1ria. Este caderno, com 80 folhas, exibe uma ilustra\u00e7\u00e3o central de uma elegante salamandra, plasmada em exuberantes tons de verde, vermelho e azul, que real\u00e7am a riqueza natural e a biodiversidade de Fuerteventura. O fundo, com um delicado mosaico de cores que inclui flores vermelhas e azuis, confere um toque art\u00edstico e alegre, tornando-o um objeto visualmente atraente. O seu pr\u00e1tico fecho el\u00e1stico vermelho garante a prote\u00e7\u00e3o das suas notas e pensamentos, fazendo deste caderno um presente funcional e decorativo.<\/p>\n<p>Esta recorda\u00e7\u00e3o de Fuerteventura \u00e9 ideal n\u00e3o s\u00f3 para os amantes da natureza, mas tamb\u00e9m para aqueles que apreciam a arte e a cultura insular. A salamandra, um s\u00edmbolo do ecossistema local, representa a liga\u00e7\u00e3o com a fauna aut\u00f3ctone, transformando este caderno numa recorda\u00e7\u00e3o cultural significativa. Na Ol\u00e9 Mosaic, o nosso compromisso \u00e9 fornecer artigos aut\u00eanticos e de alta qualidade, e este caderno \u00e9 uma excelente op\u00e7\u00e3o para lojas de presentes tur\u00edsticos que procuram produtos singulares e representativos das Ilhas Can\u00e1rias. Ao adquirir este produto, os clientes n\u00e3o s\u00f3 levam uma recorda\u00e7\u00e3o, mas tamb\u00e9m um pedacinho da vida e da arte de Fuerteventura.<\/p>\n","protected":false},"excerpt":{"rendered":"<p>Caderno de 80 folhas decorado com um design vibrante inspirado na fauna de Fuerteventura, onde se destaca uma elegante salamandra em tons brilhantes de verde, vermelho e azul. O fundo apresenta um mosaico de cores com flores vermelhas e azuis, conferindo um toque art\u00edstico e alegre. O seu fecho el\u00e1stico vermelho garante a seguran\u00e7a das suas notas, tornando-o uma recorda\u00e7\u00e3o pr\u00e1tica e colorida desta bela ilha can\u00e1ria. Ideal para os amantes da natureza e da arte.<\/p>\n","protected":false},"featured_media":12012,"template":"","meta":{"_acf_changed":false},"product_brand":[],"product_cat":[808],"product_tag":[516],"class_list":{"0":"post-37088","1":"product","2":"type-product","3":"status-publish","4":"has-post-thumbnail","6":"product_cat-cadernos","7":"product_tag-animais","8":"pa_ciudad-fuerteventura","9":"pa_motivo-salamandras","10":"pa_pais-espana","12":"first","13":"instock","14":"shipping-taxable","15":"product-type-simple"},"acf":[],"_links":{"self":[{"href":"https:\/\/olemosaic.orbitalia.org\/pt-pt\/wp-json\/wp\/v2\/product\/37088","targetHints":{"allow":["GET"]}}],"collection":[{"href":"https:\/\/olemosaic.orbitalia.org\/pt-pt\/wp-json\/wp\/v2\/product"}],"about":[{"href":"https:\/\/olemosaic.orbitalia.org\/pt-pt\/wp-json\/wp\/v2\/types\/product"}],"wp:featuredmedia":[{"embeddable":true,"href":"https:\/\/olemosaic.orbitalia.org\/pt-pt\/wp-json\/wp\/v2\/media\/12012"}],"wp:attachment":[{"href":"https:\/\/olemosaic.orbitalia.org\/pt-pt\/wp-json\/wp\/v2\/media?parent=37088"}],"wp:term":[{"taxonomy":"product_brand","embeddable":true,"href":"https:\/\/olemosaic.orbitalia.org\/pt-pt\/wp-json\/wp\/v2\/product_brand?post=37088"},{"taxonomy":"product_cat","embeddable":true,"href":"https:\/\/olemosaic.orbitalia.org\/pt-pt\/wp-json\/wp\/v2\/product_cat?post=37088"},{"taxonomy":"product_tag","embeddable":true,"href":"https:\/\/olemosaic.orbitalia.org\/pt-pt\/wp-json\/wp\/v2\/product_tag?post=37088"}],"curies":[{"name":"wp","href":"https:\/\/api.w.org\/{rel}","templated":true}]}}