{"id":37086,"date":"2025-02-20T23:36:49","date_gmt":"2025-02-20T22:36:49","guid":{"rendered":"https:\/\/olemosaic.orbitalia.org\/producto\/huevera-de-ceramica-panoramica-barcelona-beige\/"},"modified":"2025-07-25T18:36:51","modified_gmt":"2025-07-25T16:36:51","slug":"oveira-de-ceramica-panoramica-barcelona-bege","status":"publish","type":"product","link":"https:\/\/olemosaic.orbitalia.org\/pt-pt\/produto\/oveira-de-ceramica-panoramica-barcelona-bege\/","title":{"rendered":"Oveira de cer\u00e2mica. Panor\u00e2mica. Barcelona. Bege"},"content":{"rendered":"<p>Apresentamos a oveira de cer\u00e2mica com efeito pintado \u00e0 m\u00e3o, uma bela representa\u00e7\u00e3o da vibrante Barcelona. Esta pe\u00e7a destaca-se pelo seu design numa atraente cor bege, que real\u00e7a dois dos monumentos mais emblem\u00e1ticos da cidade: a majestosa Sagrada Fam\u00edlia e a imponente coluna de Crist\u00f3v\u00e3o Colombo, rodeados de palmeiras e edif\u00edcios coloridos que evocam o ambiente \u00fanico do Mediterr\u00e2neo. Os bordos em vermelho intenso n\u00e3o s\u00f3 adicionam um toque de eleg\u00e2ncia, como tamb\u00e9m capturam a ess\u00eancia da arte e da cultura catal\u00e3s, convertendo esta oveira numa pe\u00e7a \u00fanica e atraente.<\/p>\n<p>Ideal para os amantes de Barcelona, este souvenir permite desfrutar da beleza da cidade em cada pequeno-almo\u00e7o, recordando-nos constantemente as experi\u00eancias vividas. Com o seu design artesanal e colorido, real\u00e7a a autenticidade do patrim\u00f3nio cultural espanhol, sendo um presente perfeito que reflete a criatividade e diversidade da regi\u00e3o. Na Ol\u00e9 Mosaic especializamo-nos na distribui\u00e7\u00e3o de souvenirs por grosso, e esta oveira \u00e9 uma excelente op\u00e7\u00e3o para as lojas de presentes tur\u00edsticos que procuram qualidade e liga\u00e7\u00e3o cultural nos seus produtos. Adquira hoje este maravilhoso souvenir de Barcelona e partilhe a magia da cidade com os seus clientes.<\/p>\n","protected":false},"excerpt":{"rendered":"<p>Oveira de cer\u00e2mica com design artesanal, pintado \u00e0 m\u00e3o, que apresenta uma vibrante panor\u00e2mica de Barcelona. Com um design em cor bege, este artigo mostra monumentos emblem\u00e1ticos como a Sagrada Fam\u00edlia e a coluna de Crist\u00f3v\u00e3o Colombo, rodeados de palmeiras e edif\u00edcios coloridos. Os bordos em vermelho intenso adicionam um atrativo especial, enquanto os detalhes decorativos capturam a ess\u00eancia cultural da cidade. Um souvenir perfeito para desfrutar do encanto de Barcelona em cada pequeno-almo\u00e7o.<\/p>\n","protected":false},"featured_media":7347,"template":"","meta":{"_acf_changed":false},"product_brand":[],"product_cat":[666],"product_tag":[515],"class_list":{"0":"post-37086","1":"product","2":"type-product","3":"status-publish","4":"has-post-thumbnail","6":"product_cat-copos-para-ovos","7":"product_tag-ceramica","8":"pa_ciudad-barcelona","9":"pa_motivo-panoramas","10":"pa_pais-espana","12":"first","13":"instock","14":"shipping-taxable","15":"product-type-simple"},"acf":[],"_links":{"self":[{"href":"https:\/\/olemosaic.orbitalia.org\/pt-pt\/wp-json\/wp\/v2\/product\/37086","targetHints":{"allow":["GET"]}}],"collection":[{"href":"https:\/\/olemosaic.orbitalia.org\/pt-pt\/wp-json\/wp\/v2\/product"}],"about":[{"href":"https:\/\/olemosaic.orbitalia.org\/pt-pt\/wp-json\/wp\/v2\/types\/product"}],"wp:featuredmedia":[{"embeddable":true,"href":"https:\/\/olemosaic.orbitalia.org\/pt-pt\/wp-json\/wp\/v2\/media\/7347"}],"wp:attachment":[{"href":"https:\/\/olemosaic.orbitalia.org\/pt-pt\/wp-json\/wp\/v2\/media?parent=37086"}],"wp:term":[{"taxonomy":"product_brand","embeddable":true,"href":"https:\/\/olemosaic.orbitalia.org\/pt-pt\/wp-json\/wp\/v2\/product_brand?post=37086"},{"taxonomy":"product_cat","embeddable":true,"href":"https:\/\/olemosaic.orbitalia.org\/pt-pt\/wp-json\/wp\/v2\/product_cat?post=37086"},{"taxonomy":"product_tag","embeddable":true,"href":"https:\/\/olemosaic.orbitalia.org\/pt-pt\/wp-json\/wp\/v2\/product_tag?post=37086"}],"curies":[{"name":"wp","href":"https:\/\/api.w.org\/{rel}","templated":true}]}}