{"id":37085,"date":"2025-02-20T23:36:49","date_gmt":"2025-02-20T22:36:49","guid":{"rendered":"https:\/\/olemosaic.orbitalia.org\/producto\/huevera-de-ceramica-salamandra-y-flores-mallorca-blanco\/"},"modified":"2025-07-25T19:01:21","modified_gmt":"2025-07-25T17:01:21","slug":"oveira-de-ceramica-salamandra-e-flores-maiorca-branco","status":"publish","type":"product","link":"https:\/\/olemosaic.orbitalia.org\/pt-pt\/produto\/oveira-de-ceramica-salamandra-e-flores-maiorca-branco\/","title":{"rendered":"Oveira de cer\u00e2mica. Salamandra e flores. Maiorca. Branco"},"content":{"rendered":"<p>Apresentamos a oveira de cer\u00e2mica decorada com motivos de salamandras e flores, uma encantadora recorda\u00e7\u00e3o que captura a ess\u00eancia vibrante de Maiorca. Este elegante acess\u00f3rio, desenhado para real\u00e7ar qualquer mesa de pequeno-almo\u00e7o, destaca-se pelo seu design pintado \u00e0 m\u00e3o que incorpora cores vibrantes como o vermelho, amarelo e azul sobre um fundo branco. A sua forma estilizada, com um toque art\u00edstico, est\u00e1 especialmente pensada para ser um ponto focal encantador nas refei\u00e7\u00f5es matinais, enquanto a palavra &#8220;MALLORCA&#8221; numa lateral destaca a sua origem e autenticidade.<\/p>\n<p>Os motivos de salamandras e flores s\u00e3o um aceno \u00e0 rica biodiversidade e \u00e0 paisagem \u00fanica da ilha, o que a torna numa recorda\u00e7\u00e3o significativa para quem desfrutou das maravilhas de Maiorca. Este produto n\u00e3o \u00e9 apenas funcional; \u00e9 uma pe\u00e7a decorativa que transmite a alegria do estilo de vida mediterr\u00e2nico, um excelente representante da heran\u00e7a cultural da ilha.<\/p>\n<p>Na Ol\u00e9 Mosaic, somos especialistas na distribui\u00e7\u00e3o de souvenirs por grosso, oferecendo este tipo de artigos ideais para lojas de presentes tur\u00edsticos que procuram produtos aut\u00eanticos e de qualidade. Esta oveira de cer\u00e2mica \u00e9 uma op\u00e7\u00e3o excecional para qualquer cliente que deseje levar um peda\u00e7o da cultura maiorquina, uma recorda\u00e7\u00e3o perfeita que combina utilidade e beleza.<\/p>\n","protected":false},"excerpt":{"rendered":"<p>Oveira de cer\u00e2mica decorada com salamandras e flores, inspirada na beleza de Maiorca. Este elegante acess\u00f3rio para a mesa apresenta um design artesanal, pintado \u00e0 m\u00e3o, com cores vibrantes, como vermelho, amarelo e azul, sobre um fundo branco. De um lado ressalta a palavra &#8220;MALLORCA&#8221;, o que a torna numa recorda\u00e7\u00e3o perfeita para evocar a ess\u00eancia da ilha. A sua forma estilizada e distintiva adicionar\u00e1 um toque art\u00edstico a qualquer pequeno-almo\u00e7o.<\/p>\n","protected":false},"featured_media":8049,"template":"","meta":{"_acf_changed":false},"product_brand":[],"product_cat":[666],"product_tag":[516,515],"class_list":{"0":"post-37085","1":"product","2":"type-product","3":"status-publish","4":"has-post-thumbnail","6":"product_cat-copos-para-ovos","7":"product_tag-animais","8":"product_tag-ceramica","9":"pa_ciudad-mallorca","10":"pa_motivo-salamandras","11":"pa_pais-espana","13":"first","14":"instock","15":"shipping-taxable","16":"product-type-simple"},"acf":[],"_links":{"self":[{"href":"https:\/\/olemosaic.orbitalia.org\/pt-pt\/wp-json\/wp\/v2\/product\/37085","targetHints":{"allow":["GET"]}}],"collection":[{"href":"https:\/\/olemosaic.orbitalia.org\/pt-pt\/wp-json\/wp\/v2\/product"}],"about":[{"href":"https:\/\/olemosaic.orbitalia.org\/pt-pt\/wp-json\/wp\/v2\/types\/product"}],"wp:featuredmedia":[{"embeddable":true,"href":"https:\/\/olemosaic.orbitalia.org\/pt-pt\/wp-json\/wp\/v2\/media\/8049"}],"wp:attachment":[{"href":"https:\/\/olemosaic.orbitalia.org\/pt-pt\/wp-json\/wp\/v2\/media?parent=37085"}],"wp:term":[{"taxonomy":"product_brand","embeddable":true,"href":"https:\/\/olemosaic.orbitalia.org\/pt-pt\/wp-json\/wp\/v2\/product_brand?post=37085"},{"taxonomy":"product_cat","embeddable":true,"href":"https:\/\/olemosaic.orbitalia.org\/pt-pt\/wp-json\/wp\/v2\/product_cat?post=37085"},{"taxonomy":"product_tag","embeddable":true,"href":"https:\/\/olemosaic.orbitalia.org\/pt-pt\/wp-json\/wp\/v2\/product_tag?post=37085"}],"curies":[{"name":"wp","href":"https:\/\/api.w.org\/{rel}","templated":true}]}}