{"id":37076,"date":"2025-02-20T22:36:47","date_gmt":"2025-02-20T22:36:47","guid":{"rendered":"https:\/\/olemosaic.orbitalia.org\/producto\/funda-de-telefono-para-samsung-a12-tpu-forjas-azul\/"},"modified":"2025-07-25T20:18:34","modified_gmt":"2025-07-25T18:18:34","slug":"capa-de-telemovel-para-samsung-a12-tpu-forjas-azul","status":"publish","type":"product","link":"https:\/\/olemosaic.orbitalia.org\/pt-pt\/produto\/capa-de-telemovel-para-samsung-a12-tpu-forjas-azul\/","title":{"rendered":"Capa de telem\u00f3vel para Samsung A12 (TPU). Forjas. Azul"},"content":{"rendered":"<p>Apresentamos a capa para telem\u00f3vel Samsung A12, um acess\u00f3rio imprescind\u00edvel que funde prote\u00e7\u00e3o e estilo, fabricado em TPU de alta qualidade. Esta capa destaca-se pela sua elegante cor azul, que evoca a tranquilidade e a beleza da paisagem espanhola, enquanto o seu design \u00e9 adornado com intrincados motivos florais em branco que relembram a rica heran\u00e7a cultural de Espanha, especialmente a influ\u00eancia das forjas tradicionais. Cada tra\u00e7o na decora\u00e7\u00e3o real\u00e7a a mestria artesanal, transformando esta capa numa aut\u00eantica homenagem \u00e0 arte espanhola.<\/p>\n<p>Al\u00e9m de proteger eficazmente o seu dispositivo, adiciona um toque art\u00edstico e distintivo, permitindo aos utilizadores mostrar o seu apre\u00e7o pela est\u00e9tica no seu dia a dia. O seu design fino e leve garante um uso confort\u00e1vel e estilizado, tornando-a a op\u00e7\u00e3o perfeita para quem procura funcionalidade sem renunciar ao estilo.<\/p>\n<p>Esta recorda\u00e7\u00e3o da cultura espanhola \u00e9 ideal para turistas e amantes da t\u00e9cnica da forja, sublinhando a sua autenticidade como recorda\u00e7\u00e3o representativa. Na Ol\u00e9 Mosaic, comprometemo-nos a oferecer produtos \u00fanicos que liguem \u00e0 ess\u00eancia de Espanha, e esta capa para Samsung A12 \u00e9 uma excelente escolha para lojas de presentes tur\u00edsticos que procuram artigos de qualidade e relev\u00e2ncia cultural.<\/p>\n","protected":false},"excerpt":{"rendered":"<p>Capa para Samsung A12 fabricada em TPU, adornada com um design de forja numa elegante cor azul. A decora\u00e7\u00e3o apresenta intrincados motivos florais em branco, evocando a rica heran\u00e7a cultural espanhola. Este acess\u00f3rio n\u00e3o s\u00f3 protege o seu dispositivo, como tamb\u00e9m adiciona um toque art\u00edstico e distintivo ao seu telem\u00f3vel. O seu design fino e leve permite um uso confort\u00e1vel e estilizado, ideal para quem aprecia a beleza no quotidiano.<\/p>\n","protected":false},"featured_media":12496,"template":"","meta":{"_acf_changed":false},"product_brand":[],"product_cat":[685],"product_tag":[],"class_list":{"0":"post-37076","1":"product","2":"type-product","3":"status-publish","4":"has-post-thumbnail","6":"product_cat-capas-para-telemoveis","7":"pa_motivo-forjas","9":"first","10":"instock","11":"shipping-taxable","12":"product-type-simple"},"acf":[],"_links":{"self":[{"href":"https:\/\/olemosaic.orbitalia.org\/pt-pt\/wp-json\/wp\/v2\/product\/37076","targetHints":{"allow":["GET"]}}],"collection":[{"href":"https:\/\/olemosaic.orbitalia.org\/pt-pt\/wp-json\/wp\/v2\/product"}],"about":[{"href":"https:\/\/olemosaic.orbitalia.org\/pt-pt\/wp-json\/wp\/v2\/types\/product"}],"wp:featuredmedia":[{"embeddable":true,"href":"https:\/\/olemosaic.orbitalia.org\/pt-pt\/wp-json\/wp\/v2\/media\/12496"}],"wp:attachment":[{"href":"https:\/\/olemosaic.orbitalia.org\/pt-pt\/wp-json\/wp\/v2\/media?parent=37076"}],"wp:term":[{"taxonomy":"product_brand","embeddable":true,"href":"https:\/\/olemosaic.orbitalia.org\/pt-pt\/wp-json\/wp\/v2\/product_brand?post=37076"},{"taxonomy":"product_cat","embeddable":true,"href":"https:\/\/olemosaic.orbitalia.org\/pt-pt\/wp-json\/wp\/v2\/product_cat?post=37076"},{"taxonomy":"product_tag","embeddable":true,"href":"https:\/\/olemosaic.orbitalia.org\/pt-pt\/wp-json\/wp\/v2\/product_tag?post=37076"}],"curies":[{"name":"wp","href":"https:\/\/api.w.org\/{rel}","templated":true}]}}