{"id":37059,"date":"2025-02-20T22:36:44","date_gmt":"2025-02-20T22:36:44","guid":{"rendered":"https:\/\/olemosaic.orbitalia.org\/producto\/funda-de-telefono-para-iphone-13-pro-tpu-salamandra-barcelona-negro\/"},"modified":"2025-07-25T19:34:02","modified_gmt":"2025-07-25T17:34:02","slug":"capa-de-telemovel-para-iphone-13-pro-tpu-salamandra-barcelona-preto","status":"publish","type":"product","link":"https:\/\/olemosaic.orbitalia.org\/pt-pt\/produto\/capa-de-telemovel-para-iphone-13-pro-tpu-salamandra-barcelona-preto\/","title":{"rendered":"Capa de telem\u00f3vel para iPhone 13 Pro (TPU). Salamandra. Barcelona. Preto"},"content":{"rendered":"<p>Apresentamos a capa para iPhone 13 Pro, uma atraente recorda\u00e7\u00e3o inspirada na rica cultura de Barcelona. Elaborada em TPU de alta qualidade, esta capa combina funcionalidade e estilo com um design elegante que se destaca sobre um fundo preto. Na sua superf\u00edcie, distribuem-se diversas salamandras de cores vibrantes, um motivo que evoca a ess\u00eancia do modernismo catal\u00e3o, movimento art\u00edstico pelo qual Barcelona \u00e9 mundialmente reconhecida.<\/p>\n<p>Cada salamandra, apresentada num design colorido tipo mosaico, \u00e9 complementada com delicadas flores em tons de azul e vermelho que adicionam um toque art\u00edstico e din\u00e2mico. Esta combina\u00e7\u00e3o de elementos visuais n\u00e3o s\u00f3 transforma a capa num acess\u00f3rio atrativo, como tamb\u00e9m a torna um s\u00edmbolo do engenho e da criatividade t\u00edpicos da regi\u00e3o.<\/p>\n<p>A capa n\u00e3o s\u00f3 protege o dispositivo, como serve como uma recorda\u00e7\u00e3o constante de uma das cidades mais emblem\u00e1ticas de Espanha. Na Ol\u00e9 Mosaic, somos distribuidores de recorda\u00e7\u00f5es aut\u00eanticas e representativas, e esta capa de telem\u00f3vel \u00e9 uma excelente op\u00e7\u00e3o para lojas de presentes tur\u00edsticos que procuram produtos que captem a ess\u00eancia de Barcelona. Este souvenir \u00e9 ideal para turistas que desejam levar um peda\u00e7o da cultura catal\u00e3 para casa, tornando-o uma op\u00e7\u00e3o perfeita e \u00fanica.<\/p>\n","protected":false},"excerpt":{"rendered":"<p>Capa para iPhone 13 Pro fabricada em TPU, com um elegante design sobre fundo preto que destaca salamandras de cores vibrantes. Inspirada na rica cultura de Barcelona, apresenta detalhes decorativos como flores azuis e vermelhas, que lhe conferem um toque art\u00edstico e din\u00e2mico. Os motivos das salamandras, com o seu design colorido em modo de mosaico, evocam a ess\u00eancia do modernismo catal\u00e3o, transformando esta capa num acess\u00f3rio atrativo, tanto funcional como est\u00e9tico.<\/p>\n","protected":false},"featured_media":12326,"template":"","meta":{"_acf_changed":false},"product_brand":[],"product_cat":[685],"product_tag":[516],"class_list":{"0":"post-37059","1":"product","2":"type-product","3":"status-publish","4":"has-post-thumbnail","6":"product_cat-capas-para-telemoveis","7":"product_tag-animais","8":"pa_ciudad-barcelona","9":"pa_motivo-salamandras","10":"pa_pais-espana","12":"first","13":"instock","14":"shipping-taxable","15":"product-type-simple"},"acf":[],"_links":{"self":[{"href":"https:\/\/olemosaic.orbitalia.org\/pt-pt\/wp-json\/wp\/v2\/product\/37059","targetHints":{"allow":["GET"]}}],"collection":[{"href":"https:\/\/olemosaic.orbitalia.org\/pt-pt\/wp-json\/wp\/v2\/product"}],"about":[{"href":"https:\/\/olemosaic.orbitalia.org\/pt-pt\/wp-json\/wp\/v2\/types\/product"}],"wp:featuredmedia":[{"embeddable":true,"href":"https:\/\/olemosaic.orbitalia.org\/pt-pt\/wp-json\/wp\/v2\/media\/12326"}],"wp:attachment":[{"href":"https:\/\/olemosaic.orbitalia.org\/pt-pt\/wp-json\/wp\/v2\/media?parent=37059"}],"wp:term":[{"taxonomy":"product_brand","embeddable":true,"href":"https:\/\/olemosaic.orbitalia.org\/pt-pt\/wp-json\/wp\/v2\/product_brand?post=37059"},{"taxonomy":"product_cat","embeddable":true,"href":"https:\/\/olemosaic.orbitalia.org\/pt-pt\/wp-json\/wp\/v2\/product_cat?post=37059"},{"taxonomy":"product_tag","embeddable":true,"href":"https:\/\/olemosaic.orbitalia.org\/pt-pt\/wp-json\/wp\/v2\/product_tag?post=37059"}],"curies":[{"name":"wp","href":"https:\/\/api.w.org\/{rel}","templated":true}]}}