{"id":37053,"date":"2025-02-20T22:36:43","date_gmt":"2025-02-20T22:36:43","guid":{"rendered":"https:\/\/olemosaic.orbitalia.org\/producto\/funda-de-telefono-para-iphone-11-tpu-mosaico-blanco\/"},"modified":"2025-07-25T20:21:07","modified_gmt":"2025-07-25T18:21:07","slug":"capa-de-telemovel-para-iphone-11-tpu-mosaico-branco","status":"publish","type":"product","link":"https:\/\/olemosaic.orbitalia.org\/pt-pt\/produto\/capa-de-telemovel-para-iphone-11-tpu-mosaico-branco\/","title":{"rendered":"Capa de telem\u00f3vel para iPhone 11 (TPU). Mosaico. Branco"},"content":{"rendered":"<p>Apresentamos a capa para iPhone 11, uma pe\u00e7a magn\u00edfica elaborada em TPU e adornada com um vibrante design de mosaico que evoca a riqueza da heran\u00e7a cultural espanhola. Esta capa destaca-se pela sua impressionante paleta de cores, com matizes de azuis profundos, vermelhos intensos, laranjas quentes e amarelos brilhantes, inspirados nos tradicionais azulejos que adornam edif\u00edcios emblem\u00e1ticos da pen\u00ednsula. O seu acabamento brilhante e os intrincados padr\u00f5es oferecem uma est\u00e9tica visual \u00fanica, convertendo o seu smartphone numa obra de arte port\u00e1til que reflete a beleza e o dinamismo da cultura espanhola.<\/p>\n<p>A flexibilidade do TPU n\u00e3o s\u00f3 assegura uma durabilidade excecional, como tamb\u00e9m proporciona uma prote\u00e7\u00e3o eficaz contra golpes e quedas, adaptando-se perfeitamente \u00e0s linhas do iPhone 11. Este acess\u00f3rio n\u00e3o \u00e9 apenas funcional, mas torna-se um s\u00edmbolo da riqueza cultural, ideal para quem deseja levar consigo um toque especial de Espanha no seu dia a dia.<\/p>\n<p>Na Ol\u00e9 Mosaic, como distribuidores de souvenirs aut\u00eanticos, oferecemos esta capa como uma excelente op\u00e7\u00e3o para lojas de presentes tur\u00edsticos que procuram produtos representativos da tradi\u00e7\u00e3o espanhola. Este souvenir de mosaico \u00e9 a escolha perfeita para turistas que desejam recordar a sua viagem e, ao mesmo tempo, desfrutar de um acess\u00f3rio pr\u00e1tico e esteticamente atraente. Celebre a cultura com esta capa de mosaico, um presente que combina beleza e funcionalidade.<\/p>\n","protected":false},"excerpt":{"rendered":"<p>Capa para iPhone 11 fabricada em TPU, decorada com um design de mosaico vibrante. Esta capa apresenta uma variada paleta de cores com tons azuis, vermelhos, laranjas e amarelos, inspirada nos azulejos tradicionais da arquitetura espanhola. O seu acabamento brilhante e os intrincados padr\u00f5es oferecem uma est\u00e9tica visual \u00fanica, enquanto o material flex\u00edvel garante a durabilidade e prote\u00e7\u00e3o do dispositivo. Ideal para quem procura um toque cultural no seu dia a dia.<\/p>\n","protected":false},"featured_media":12991,"template":"","meta":{"_acf_changed":false},"product_brand":[],"product_cat":[685],"product_tag":[],"class_list":{"0":"post-37053","1":"product","2":"type-product","3":"status-publish","4":"has-post-thumbnail","6":"product_cat-capas-para-telemoveis","7":"pa_motivo-mosaico","9":"first","10":"instock","11":"shipping-taxable","12":"product-type-simple"},"acf":[],"_links":{"self":[{"href":"https:\/\/olemosaic.orbitalia.org\/pt-pt\/wp-json\/wp\/v2\/product\/37053","targetHints":{"allow":["GET"]}}],"collection":[{"href":"https:\/\/olemosaic.orbitalia.org\/pt-pt\/wp-json\/wp\/v2\/product"}],"about":[{"href":"https:\/\/olemosaic.orbitalia.org\/pt-pt\/wp-json\/wp\/v2\/types\/product"}],"wp:featuredmedia":[{"embeddable":true,"href":"https:\/\/olemosaic.orbitalia.org\/pt-pt\/wp-json\/wp\/v2\/media\/12991"}],"wp:attachment":[{"href":"https:\/\/olemosaic.orbitalia.org\/pt-pt\/wp-json\/wp\/v2\/media?parent=37053"}],"wp:term":[{"taxonomy":"product_brand","embeddable":true,"href":"https:\/\/olemosaic.orbitalia.org\/pt-pt\/wp-json\/wp\/v2\/product_brand?post=37053"},{"taxonomy":"product_cat","embeddable":true,"href":"https:\/\/olemosaic.orbitalia.org\/pt-pt\/wp-json\/wp\/v2\/product_cat?post=37053"},{"taxonomy":"product_tag","embeddable":true,"href":"https:\/\/olemosaic.orbitalia.org\/pt-pt\/wp-json\/wp\/v2\/product_tag?post=37053"}],"curies":[{"name":"wp","href":"https:\/\/api.w.org\/{rel}","templated":true}]}}