{"id":37039,"date":"2025-02-20T23:36:42","date_gmt":"2025-02-20T22:36:42","guid":{"rendered":"https:\/\/olemosaic.orbitalia.org\/producto\/iman-de-resina-salamandra-verde-10-cm\/"},"modified":"2025-07-25T20:45:57","modified_gmt":"2025-07-25T18:45:57","slug":"iman-de-resina-salamandra-verde-10-cm-pt-pt","status":"publish","type":"product","link":"https:\/\/olemosaic.orbitalia.org\/pt-pt\/produto\/iman-de-resina-salamandra-verde-10-cm-pt-pt\/","title":{"rendered":"\u00cdman de resina. Salamandra. Verde. 10 cm."},"content":{"rendered":"<p>Apresentamos este encantador \u00edman de resina com forma de salamandra, uma pe\u00e7a vibrante ideal para decorar qualquer superf\u00edcie met\u00e1lica. Com os seus 10 cm, este \u00edman chama a aten\u00e7\u00e3o pelo seu design colorido, que combina tons verdes, laranjas e amarelos, evocando a rica tradi\u00e7\u00e3o art\u00edstica dos mosaicos espanh\u00f3is. A salamandra, um s\u00edmbolo emblem\u00e1tico da cultura mediterr\u00e2nica, est\u00e1 meticulosamente detalhada, real\u00e7ando a sua forma estilizada e textura escamosa, o que a torna uma recorda\u00e7\u00e3o aut\u00eantica de Espanha.<\/p>\n<p>Este \u00edman n\u00e3o s\u00f3 \u00e9 funcional, como tamb\u00e9m serve como um atraente objeto decorativo que capta a ess\u00eancia da fauna local e a criatividade art\u00edstica da regi\u00e3o. O seu design festivo torna-o um excelente souvenir, ideal para os turistas que procuram levar para casa um peda\u00e7o da cultura espanhola. Na Ol\u00e9 Mosaic, orgulhamo-nos de oferecer este tipo de produtos \u00fanicos, perfeitos para lojas de presentes tur\u00edsticos que desejam oferecer aos seus clientes op\u00e7\u00f5es aut\u00eanticas e memor\u00e1veis. Como grossistas de souvenirs, garantimos que cada \u00edman reflete a autenticidade e a arte da tradi\u00e7\u00e3o espanhola, fazendo deste \u00edman de salamandra uma escolha que encantar\u00e1 todos.<\/p>\n","protected":false},"excerpt":{"rendered":"<p>\u00cdman com forma de salamandra, colorido e vibrante, ideal para decorar qualquer superf\u00edcie met\u00e1lica. Com um tamanho de 10 cm, este \u00edman apresenta um design festivo em tons verdes, laranjas e amarelos, que evoca a tradi\u00e7\u00e3o art\u00edstica dos mosaicos espanh\u00f3is. A salamandra, elemento emblem\u00e1tico da cultura mediterr\u00e2nica, est\u00e1 cuidadosamente detalhada, captando a sua forma e textura, o que o torna uma recorda\u00e7\u00e3o perfeita de Espanha.<\/p>\n","protected":false},"featured_media":7432,"template":"","meta":{"_acf_changed":false},"product_brand":[],"product_cat":[699],"product_tag":[516],"class_list":{"0":"post-37039","1":"product","2":"type-product","3":"status-publish","4":"has-post-thumbnail","6":"product_cat-imanes","7":"product_tag-animais","8":"pa_motivo-salamandras","10":"first","11":"instock","12":"shipping-taxable","13":"product-type-simple"},"acf":[],"_links":{"self":[{"href":"https:\/\/olemosaic.orbitalia.org\/pt-pt\/wp-json\/wp\/v2\/product\/37039","targetHints":{"allow":["GET"]}}],"collection":[{"href":"https:\/\/olemosaic.orbitalia.org\/pt-pt\/wp-json\/wp\/v2\/product"}],"about":[{"href":"https:\/\/olemosaic.orbitalia.org\/pt-pt\/wp-json\/wp\/v2\/types\/product"}],"wp:featuredmedia":[{"embeddable":true,"href":"https:\/\/olemosaic.orbitalia.org\/pt-pt\/wp-json\/wp\/v2\/media\/7432"}],"wp:attachment":[{"href":"https:\/\/olemosaic.orbitalia.org\/pt-pt\/wp-json\/wp\/v2\/media?parent=37039"}],"wp:term":[{"taxonomy":"product_brand","embeddable":true,"href":"https:\/\/olemosaic.orbitalia.org\/pt-pt\/wp-json\/wp\/v2\/product_brand?post=37039"},{"taxonomy":"product_cat","embeddable":true,"href":"https:\/\/olemosaic.orbitalia.org\/pt-pt\/wp-json\/wp\/v2\/product_cat?post=37039"},{"taxonomy":"product_tag","embeddable":true,"href":"https:\/\/olemosaic.orbitalia.org\/pt-pt\/wp-json\/wp\/v2\/product_tag?post=37039"}],"curies":[{"name":"wp","href":"https:\/\/api.w.org\/{rel}","templated":true}]}}