{"id":37037,"date":"2025-02-20T23:36:41","date_gmt":"2025-02-20T22:36:41","guid":{"rendered":"https:\/\/olemosaic.orbitalia.org\/producto\/bola-de-navidad-con-caja-panoramica-sevilla-3\/"},"modified":"2025-07-25T18:49:14","modified_gmt":"2025-07-25T16:49:14","slug":"bola-de-natal-com-caixa-panoramica-sevilha-3","status":"publish","type":"product","link":"https:\/\/olemosaic.orbitalia.org\/pt-pt\/produto\/bola-de-natal-com-caixa-panoramica-sevilha-3\/","title":{"rendered":"Bola de Natal com caixa. Panor\u00e2mica. Carruagem de cavalos. Sevilha."},"content":{"rendered":"<p>Apresentamos esta requintada bola de Natal decorativa, uma recorda\u00e7\u00e3o ideal que capta a ess\u00eancia de Sevilha, apresentada numa elegante caixa. Fabricada em cer\u00e2mica de alta qualidade, a bola exibe uma vibrante panor\u00e2mica da ic\u00f3nica arquitetura sevilhana, real\u00e7ando a beleza de uma carruagem puxada por cavalos que evoca o folclore andaluz. O design, colorido e cuidado, oferece uma ilustra\u00e7\u00e3o que retrata com precis\u00e3o os elementos arquitect\u00f3nicos e culturais que fazem de Sevilha um destino \u00fanico. O seu acabamento brilhante reflete a luz, adicionando um toque festivo a qualquer \u00e1rvore de Natal.<\/p>\n<p>O la\u00e7o vermelho que acompanha a bola n\u00e3o s\u00f3 adiciona um detalhe decorativo, como tamb\u00e9m simboliza o calor e a hospitalidade da Andaluzia, tornando-a uma pe\u00e7a perfeita para adornar e oferecer nestas festas. Esta recorda\u00e7\u00e3o de Sevilha \u00e9 mais do que um simples adorno; \u00e9 uma mem\u00f3ria aut\u00eantica que une quem a adquire \u00e0 rica heran\u00e7a cultural da regi\u00e3o. Na Ol\u00e9 Mosaic, dedicamo-nos \u00e0 distribui\u00e7\u00e3o de recorda\u00e7\u00f5es por grosso, oferecendo \u00e0s lojas de presentes tur\u00edsticos artigos que se destacam pela sua autenticidade e relev\u00e2ncia cultural. Esta bola de Natal \u00e9 uma escolha excelente para quem procura representar o melhor de Sevilha.<\/p>\n","protected":false},"excerpt":{"rendered":"<p>Bola de Natal decorativa apresentada numa elegante caixa, com uma bela panor\u00e2mica de Sevilha. Fabricada em cer\u00e2mica, esta bola exibe uma ilustra\u00e7\u00e3o vibrante da ic\u00f3nica arquitetura sevilhana e uma carruagem puxada por cavalos, captando a ess\u00eancia do folclore andaluz. Com um design colorido e um acabamento brilhante, \u00e9 completada com um la\u00e7o vermelho, perfeita para adornar a sua \u00e1rvore de Natal ou como um presente inesquec\u00edvel.<\/p>\n","protected":false},"featured_media":9861,"template":"","meta":{"_acf_changed":false},"product_brand":[],"product_cat":[652],"product_tag":[642],"class_list":{"0":"post-37037","1":"product","2":"type-product","3":"status-publish","4":"has-post-thumbnail","6":"product_cat-bolas-de-natal","7":"product_tag-natal","8":"pa_ciudad-sevilla","9":"pa_motivo-panoramas","10":"pa_pais-espana","12":"first","13":"instock","14":"shipping-taxable","15":"product-type-simple"},"acf":[],"_links":{"self":[{"href":"https:\/\/olemosaic.orbitalia.org\/pt-pt\/wp-json\/wp\/v2\/product\/37037","targetHints":{"allow":["GET"]}}],"collection":[{"href":"https:\/\/olemosaic.orbitalia.org\/pt-pt\/wp-json\/wp\/v2\/product"}],"about":[{"href":"https:\/\/olemosaic.orbitalia.org\/pt-pt\/wp-json\/wp\/v2\/types\/product"}],"wp:featuredmedia":[{"embeddable":true,"href":"https:\/\/olemosaic.orbitalia.org\/pt-pt\/wp-json\/wp\/v2\/media\/9861"}],"wp:attachment":[{"href":"https:\/\/olemosaic.orbitalia.org\/pt-pt\/wp-json\/wp\/v2\/media?parent=37037"}],"wp:term":[{"taxonomy":"product_brand","embeddable":true,"href":"https:\/\/olemosaic.orbitalia.org\/pt-pt\/wp-json\/wp\/v2\/product_brand?post=37037"},{"taxonomy":"product_cat","embeddable":true,"href":"https:\/\/olemosaic.orbitalia.org\/pt-pt\/wp-json\/wp\/v2\/product_cat?post=37037"},{"taxonomy":"product_tag","embeddable":true,"href":"https:\/\/olemosaic.orbitalia.org\/pt-pt\/wp-json\/wp\/v2\/product_tag?post=37037"}],"curies":[{"name":"wp","href":"https:\/\/api.w.org\/{rel}","templated":true}]}}