{"id":37031,"date":"2025-02-20T23:36:40","date_gmt":"2025-02-20T22:36:40","guid":{"rendered":"https:\/\/olemosaic.orbitalia.org\/producto\/vaso-de-ceramica-toros-blanco-2\/"},"modified":"2025-07-25T18:43:10","modified_gmt":"2025-07-25T16:43:10","slug":"copo-de-ceramica-touros-branco-2","status":"publish","type":"product","link":"https:\/\/olemosaic.orbitalia.org\/pt-pt\/produto\/copo-de-ceramica-touros-branco-2\/","title":{"rendered":"Copo de cer\u00e2mica. Touros. Branco. Base de flores vermelhas."},"content":{"rendered":"<p>Apresentamos o copo de cer\u00e2mica decorado com um vibrante design taurino, um aut\u00eantico souvenir que capta a ess\u00eancia da rica cultura espanhola. Este copo, com o seu elegante acabamento branco, \u00e9 adornado com um mosaico colorido que combina tons intensos de vermelho, azul e verde, evocando a tradi\u00e7\u00e3o e o folclore de Espanha. No design, um majestoso touro ergue-se em primeiro plano, rodeado por um sol radiante e um delicado campo de flores vermelhas que florescem na base. A palavra &#8220;Espa\u00f1a&#8221; destaca-se na parte frontal, consolidando a sua identidade cultural.<\/p>\n<p>Equipado com uma tampa de pl\u00e1stico azul, este copo \u00e9 ideal para desfrutar de um caf\u00e9 ou de um refresco em qualquer momento do dia, oferecendo tanto conforto como estilo. O seu design n\u00e3o s\u00f3 \u00e9 funcional, como tamb\u00e9m reflete a paix\u00e3o e o orgulho nacional associados aos touros, um s\u00edmbolo ic\u00f3nico da cultura espanhola. Este copo de cer\u00e2mica \u00e9 uma excelente op\u00e7\u00e3o para turistas que procuram recorda\u00e7\u00f5es aut\u00eanticas que representem a vivacidade e o car\u00e1ter de Espanha.<\/p>\n<p>Na Ol\u00e9 Mosaic, somos especialistas na distribui\u00e7\u00e3o de souvenirs de cer\u00e2mica por grosso, oferecendo produtos aut\u00eanticos que celebram a cultura espanhola. Este copo n\u00e3o \u00e9 apenas um complemento pr\u00e1tico, mas um souvenir taurino imprescind\u00edvel, perfeito para lojas de presentes tur\u00edsticos que desejem capturar a ess\u00eancia de Espanha numa pe\u00e7a de arte funcional.<\/p>\n","protected":false},"excerpt":{"rendered":"<p>Copo de cer\u00e2mica decorado com um vibrante design de touros, um s\u00edmbolo ic\u00f3nico da cultura espanhola. Este copo branco, adornado com mosaicos de cores que incluem vermelho, azul e verde, evoca a tradi\u00e7\u00e3o e o folclore espanhol, complementado por um sol radiante e flores vermelhas na base. Conta com uma tampa de pl\u00e1stico azul, ideal para transportar bebidas. Perfeito para desfrutar de um caf\u00e9 ou de um refresco enquanto celebra a ess\u00eancia de Espanha.<\/p>\n","protected":false},"featured_media":8553,"template":"","meta":{"_acf_changed":false},"product_brand":[],"product_cat":[828],"product_tag":[516,515],"class_list":{"0":"post-37031","1":"product","2":"type-product","3":"status-publish","4":"has-post-thumbnail","6":"product_cat-copos","7":"product_tag-animais","8":"product_tag-ceramica","9":"pa_motivo-touros","11":"first","12":"instock","13":"shipping-taxable","14":"product-type-simple"},"acf":[],"_links":{"self":[{"href":"https:\/\/olemosaic.orbitalia.org\/pt-pt\/wp-json\/wp\/v2\/product\/37031","targetHints":{"allow":["GET"]}}],"collection":[{"href":"https:\/\/olemosaic.orbitalia.org\/pt-pt\/wp-json\/wp\/v2\/product"}],"about":[{"href":"https:\/\/olemosaic.orbitalia.org\/pt-pt\/wp-json\/wp\/v2\/types\/product"}],"wp:featuredmedia":[{"embeddable":true,"href":"https:\/\/olemosaic.orbitalia.org\/pt-pt\/wp-json\/wp\/v2\/media\/8553"}],"wp:attachment":[{"href":"https:\/\/olemosaic.orbitalia.org\/pt-pt\/wp-json\/wp\/v2\/media?parent=37031"}],"wp:term":[{"taxonomy":"product_brand","embeddable":true,"href":"https:\/\/olemosaic.orbitalia.org\/pt-pt\/wp-json\/wp\/v2\/product_brand?post=37031"},{"taxonomy":"product_cat","embeddable":true,"href":"https:\/\/olemosaic.orbitalia.org\/pt-pt\/wp-json\/wp\/v2\/product_cat?post=37031"},{"taxonomy":"product_tag","embeddable":true,"href":"https:\/\/olemosaic.orbitalia.org\/pt-pt\/wp-json\/wp\/v2\/product_tag?post=37031"}],"curies":[{"name":"wp","href":"https:\/\/api.w.org\/{rel}","templated":true}]}}