{"id":37029,"date":"2025-02-20T22:36:40","date_gmt":"2025-02-20T22:36:40","guid":{"rendered":"https:\/\/olemosaic.orbitalia.org\/producto\/salvamanteles-de-ceramica-barcelona\/"},"modified":"2025-07-25T18:58:05","modified_gmt":"2025-07-25T16:58:05","slug":"descanso-de-pratos-de-ceramica-barcelona","status":"publish","type":"product","link":"https:\/\/olemosaic.orbitalia.org\/pt-pt\/produto\/descanso-de-pratos-de-ceramica-barcelona\/","title":{"rendered":"Descanso de pratos de cer\u00e2mica. Barcelona."},"content":{"rendered":"<p>Apresentamos o descanso de pratos de cer\u00e2mica inspirado na vibrante arquitetura de Barcelona, uma pe\u00e7a imprescind\u00edvel para quem deseja ter um peda\u00e7o desta cativante cidade. Este descanso de pratos exibe uma ilustra\u00e7\u00e3o colorida que destaca a ic\u00f3nica Sagrada Fam\u00edlia, rodeada de outros monumentos emblem\u00e1ticos que simbolizam o modernismo catal\u00e3o. O seu design inclui detalhes intrincados em mosaico, refletindo os tons brilhantes caracter\u00edsticos de vermelho, verde e azul que evocam o estilo distintivo de Antoni Gaud\u00ed. A cer\u00e2mica, al\u00e9m de ser resistente ao calor, \u00e9 complementada por um pr\u00e1tico cord\u00e3o para pendurar, tornando-o um elemento decorativo funcional ideal para qualquer cozinha ou mesa.<\/p>\n<p>Este descanso de pratos n\u00e3o \u00e9 apenas um objeto utilit\u00e1rio, mas um fiel reflexo da hist\u00f3ria e da cultura de Barcelona, capturando a ess\u00eancia da sua arquitetura singular e da sua rica tradi\u00e7\u00e3o art\u00edstica. Oferecer ou comprar este descanso de pratos \u00e9 uma excelente forma de recordar momentos vividos na Cidade Condal, sendo uma op\u00e7\u00e3o perfeita para turistas que procuram souvenirs aut\u00eanticos e significativos.<\/p>\n<p>Na Ol\u00e9 Mosaic, como grossista de souvenirs, dedicamo-nos a distribuir uma variedade de produtos que celebram a cultura espanhola. Este descanso de pratos de cer\u00e2mica \u00e9 uma op\u00e7\u00e3o ideal para lojas de presentes tur\u00edsticos que procurem oferecer artigos de qualidade e relev\u00e2ncia cultural, garantindo assim a satisfa\u00e7\u00e3o dos visitantes que desejam levar um peda\u00e7o de Barcelona consigo.<\/p>\n","protected":false},"excerpt":{"rendered":"<p>Descanso de pratos de cer\u00e2mica inspirado na vibrante arquitetura de Barcelona. Este produto apresenta uma ilustra\u00e7\u00e3o colorida da Sagrada Fam\u00edlia juntamente com outros monumentos emblem\u00e1ticos, capturando a ess\u00eancia do modernismo catal\u00e3o. O seu design inclui detalhes de mosaico, com tons brilhantes de vermelho, verde e azul que evocam o estilo distintivo de Gaud\u00ed. Equipado com um pr\u00e1tico cord\u00e3o para pendurar, \u00e9 um complemento ideal para qualquer cozinha ou mesa.<\/p>\n","protected":false},"featured_media":9517,"template":"","meta":{"_acf_changed":false},"product_brand":[],"product_cat":[830],"product_tag":[515],"class_list":{"0":"post-37029","1":"product","2":"type-product","3":"status-publish","4":"has-post-thumbnail","6":"product_cat-bases-para-pratos","7":"product_tag-ceramica","8":"pa_ciudad-barcelona","9":"pa_pais-espana","11":"first","12":"instock","13":"shipping-taxable","14":"product-type-simple"},"acf":[],"_links":{"self":[{"href":"https:\/\/olemosaic.orbitalia.org\/pt-pt\/wp-json\/wp\/v2\/product\/37029","targetHints":{"allow":["GET"]}}],"collection":[{"href":"https:\/\/olemosaic.orbitalia.org\/pt-pt\/wp-json\/wp\/v2\/product"}],"about":[{"href":"https:\/\/olemosaic.orbitalia.org\/pt-pt\/wp-json\/wp\/v2\/types\/product"}],"wp:featuredmedia":[{"embeddable":true,"href":"https:\/\/olemosaic.orbitalia.org\/pt-pt\/wp-json\/wp\/v2\/media\/9517"}],"wp:attachment":[{"href":"https:\/\/olemosaic.orbitalia.org\/pt-pt\/wp-json\/wp\/v2\/media?parent=37029"}],"wp:term":[{"taxonomy":"product_brand","embeddable":true,"href":"https:\/\/olemosaic.orbitalia.org\/pt-pt\/wp-json\/wp\/v2\/product_brand?post=37029"},{"taxonomy":"product_cat","embeddable":true,"href":"https:\/\/olemosaic.orbitalia.org\/pt-pt\/wp-json\/wp\/v2\/product_cat?post=37029"},{"taxonomy":"product_tag","embeddable":true,"href":"https:\/\/olemosaic.orbitalia.org\/pt-pt\/wp-json\/wp\/v2\/product_tag?post=37029"}],"curies":[{"name":"wp","href":"https:\/\/api.w.org\/{rel}","templated":true}]}}