{"id":37025,"date":"2025-02-20T23:36:39","date_gmt":"2025-02-20T22:36:39","guid":{"rendered":"https:\/\/olemosaic.orbitalia.org\/producto\/cortador-de-ceramica-toros\/"},"modified":"2025-07-25T18:41:56","modified_gmt":"2025-07-25T16:41:56","slug":"cortador-de-ceramica-touros","status":"publish","type":"product","link":"https:\/\/olemosaic.orbitalia.org\/pt-pt\/produto\/cortador-de-ceramica-touros\/","title":{"rendered":"Cortador de cer\u00e2mica. Touros."},"content":{"rendered":"<p>Apresentamos o cortador de cer\u00e2mica decorado com um vibrante design de touros, uma pe\u00e7a que capta a rica cultura espanhola em cada detalhe. Este cortador \u00e9 um objeto funcional e art\u00edstico, ideal para os amantes da gastronomia que procuram um produto que combine est\u00e9tica e utilidade. Na sua superf\u00edcie, podem observar-se dois touros, um vermelho e outro azul, cada um desenhado com um estilo de mosaico que reflete a ess\u00eancia do folclore espanhol. Os touros, s\u00edmbolos da tradi\u00e7\u00e3o ib\u00e9rica, est\u00e3o rodeados de flores e um fundo banhado por um sol radiante, acrescentando um toque alegre e quente \u00e0 composi\u00e7\u00e3o geral.<\/p>\n<p>A cer\u00e2mica aparenta ser pintada \u00e0 m\u00e3o, o que confere a cada cortador a sua pr\u00f3pria personalidade e um toque artesanal que destaca a sua autenticidade. Esta requintada recorda\u00e7\u00e3o n\u00e3o s\u00f3 \u00e9 perfeita como ferramenta de cozinha, como tamb\u00e9m representa uma excelente recorda\u00e7\u00e3o das tradi\u00e7\u00f5es culin\u00e1rias e culturais de Espanha, ideal para turistas que desejem levar um peda\u00e7o da heran\u00e7a espanhola.<\/p>\n<p>Na Ol\u00e9 Mosaic, especializamo-nos na distribui\u00e7\u00e3o de recorda\u00e7\u00f5es por grosso, oferecendo produtos aut\u00eanticos como este cortador de cer\u00e2mica. \u00c9 uma op\u00e7\u00e3o excecional para lojas de presentes tur\u00edsticos que procuram artigos de qualidade e com um profundo valor cultural. Cada pe\u00e7a \u00e9 uma homenagem \u00e0 tradi\u00e7\u00e3o cer\u00e2mica espanhola, tornando-se um artigo imprescind\u00edvel para quem procura recorda\u00e7\u00f5es representativas da sua viagem.<\/p>\n","protected":false},"excerpt":{"rendered":"<p>Cortador de cer\u00e2mica decorado com um vibrante design de touros, em representa\u00e7\u00e3o da rica cultura espanhola. Este artigo apresenta dois touros em vermelho e azul, com um estilo mosaico que capta a ess\u00eancia do folclore espanhol. Rodeados de flores e sobre um fundo iluminado por um sol radiante, cada detalhe tem um design artesanal, pintado \u00e0 m\u00e3o, conferindo um toque art\u00edstico \u00fanico. Ideal para os amantes da gastronomia e da tradi\u00e7\u00e3o.<\/p>\n","protected":false},"featured_media":8987,"template":"","meta":{"_acf_changed":false},"product_brand":[],"product_cat":[797],"product_tag":[516,515],"class_list":{"0":"post-37025","1":"product","2":"type-product","3":"status-publish","4":"has-post-thumbnail","6":"product_cat-cortadores","7":"product_tag-animais","8":"product_tag-ceramica","9":"pa_motivo-touros","11":"first","12":"instock","13":"shipping-taxable","14":"product-type-simple"},"acf":[],"_links":{"self":[{"href":"https:\/\/olemosaic.orbitalia.org\/pt-pt\/wp-json\/wp\/v2\/product\/37025","targetHints":{"allow":["GET"]}}],"collection":[{"href":"https:\/\/olemosaic.orbitalia.org\/pt-pt\/wp-json\/wp\/v2\/product"}],"about":[{"href":"https:\/\/olemosaic.orbitalia.org\/pt-pt\/wp-json\/wp\/v2\/types\/product"}],"wp:featuredmedia":[{"embeddable":true,"href":"https:\/\/olemosaic.orbitalia.org\/pt-pt\/wp-json\/wp\/v2\/media\/8987"}],"wp:attachment":[{"href":"https:\/\/olemosaic.orbitalia.org\/pt-pt\/wp-json\/wp\/v2\/media?parent=37025"}],"wp:term":[{"taxonomy":"product_brand","embeddable":true,"href":"https:\/\/olemosaic.orbitalia.org\/pt-pt\/wp-json\/wp\/v2\/product_brand?post=37025"},{"taxonomy":"product_cat","embeddable":true,"href":"https:\/\/olemosaic.orbitalia.org\/pt-pt\/wp-json\/wp\/v2\/product_cat?post=37025"},{"taxonomy":"product_tag","embeddable":true,"href":"https:\/\/olemosaic.orbitalia.org\/pt-pt\/wp-json\/wp\/v2\/product_tag?post=37025"}],"curies":[{"name":"wp","href":"https:\/\/api.w.org\/{rel}","templated":true}]}}