{"id":37023,"date":"2025-02-20T23:36:39","date_gmt":"2025-02-20T22:36:39","guid":{"rendered":"https:\/\/olemosaic.orbitalia.org\/producto\/bol-de-coco-fucsia-tortuga-3\/"},"modified":"2025-07-25T20:02:17","modified_gmt":"2025-07-25T18:02:17","slug":"taca-de-coco-fucsia-tartaruga-3","status":"publish","type":"product","link":"https:\/\/olemosaic.orbitalia.org\/pt-pt\/produto\/taca-de-coco-fucsia-tartaruga-3\/","title":{"rendered":"Ta\u00e7a de coco f\u00facsia. Tartaruga. Padr\u00e3o de cora\u00e7\u00f5es."},"content":{"rendered":"<p>Apresentamos a ta\u00e7a de coco f\u00facsia decorada com uma simp\u00e1tica tartaruga, um artigo que confere um toque vibrante e alegre a qualquer espa\u00e7o. Esta requintada ta\u00e7a, elaborada artesanalmente, combina um ousado fundo alaranjado salpicado que evoca os belos entardeceres mediterr\u00e2neos, destacando-se sobre a sua exuberante base f\u00facsia. A tartaruga, delicadamente gravada no centro, n\u00e3o s\u00f3 acrescenta um elemento distintivo, como tamb\u00e9m simboliza a liga\u00e7\u00e3o com a natureza, um aspeto muito valorizado na cultura mediterr\u00e2nea.<\/p>\n<p>Rodeando a tartaruga, encontramos um festim de cora\u00e7\u00f5es num vibrante tom rosa que cria uma atmosfera acolhedora e alegre, ideal para qualquer reuni\u00e3o social. Esta ta\u00e7a n\u00e3o s\u00f3 \u00e9 perfeita como acess\u00f3rio decorativo, mas tamb\u00e9m para servir aperitivos, tornando-se um atrativo centro de mesa que cativar\u00e1 os seus convidados.<\/p>\n<p>A ta\u00e7a de coco f\u00facsia \u00e9 uma aut\u00eantica recorda\u00e7\u00e3o que capta a ess\u00eancia da tradi\u00e7\u00e3o artesanal da regi\u00e3o, garantindo autenticidade e qualidade. Na Ol\u00e9 Mosaic, somos distribuidores especializados em recorda\u00e7\u00f5es que se destacam pelo seu design \u00fanico e relev\u00e2ncia cultural. Esta ta\u00e7a \u00e9 uma excelente op\u00e7\u00e3o para lojas de presentes tur\u00edsticos que procuram oferecer produtos aut\u00eanticos e art\u00edsticos, perfeitos para que os turistas levem um peda\u00e7o da cultura mediterr\u00e2nea para casa.<\/p>\n","protected":false},"excerpt":{"rendered":"<p>Ta\u00e7a de coco f\u00facsia decorada com uma tartaruga, ideal para dar um toque vibrante a qualquer espa\u00e7o. Este requintado artigo, elaborado de forma artesanal, apresenta um fundo alaranjado salpicado que se destaca sobre uma base f\u00facsia exuberante. A tartaruga, gravada no centro, acrescenta um elemento distintivo, enquanto os cora\u00e7\u00f5es que a rodeiam criam uma atmosfera encantadora. Perfeito como acess\u00f3rio decorativo ou para servir aperitivos numa reuni\u00e3o.<\/p>\n","protected":false},"featured_media":10186,"template":"","meta":{"_acf_changed":false},"product_brand":[],"product_cat":[513],"product_tag":[516],"class_list":{"0":"post-37023","1":"product","2":"type-product","3":"status-publish","4":"has-post-thumbnail","6":"product_cat-bols","7":"product_tag-animais","8":"pa_motivo-tartarugas","10":"first","11":"instock","12":"shipping-taxable","13":"product-type-simple"},"acf":[],"_links":{"self":[{"href":"https:\/\/olemosaic.orbitalia.org\/pt-pt\/wp-json\/wp\/v2\/product\/37023","targetHints":{"allow":["GET"]}}],"collection":[{"href":"https:\/\/olemosaic.orbitalia.org\/pt-pt\/wp-json\/wp\/v2\/product"}],"about":[{"href":"https:\/\/olemosaic.orbitalia.org\/pt-pt\/wp-json\/wp\/v2\/types\/product"}],"wp:featuredmedia":[{"embeddable":true,"href":"https:\/\/olemosaic.orbitalia.org\/pt-pt\/wp-json\/wp\/v2\/media\/10186"}],"wp:attachment":[{"href":"https:\/\/olemosaic.orbitalia.org\/pt-pt\/wp-json\/wp\/v2\/media?parent=37023"}],"wp:term":[{"taxonomy":"product_brand","embeddable":true,"href":"https:\/\/olemosaic.orbitalia.org\/pt-pt\/wp-json\/wp\/v2\/product_brand?post=37023"},{"taxonomy":"product_cat","embeddable":true,"href":"https:\/\/olemosaic.orbitalia.org\/pt-pt\/wp-json\/wp\/v2\/product_cat?post=37023"},{"taxonomy":"product_tag","embeddable":true,"href":"https:\/\/olemosaic.orbitalia.org\/pt-pt\/wp-json\/wp\/v2\/product_tag?post=37023"}],"curies":[{"name":"wp","href":"https:\/\/api.w.org\/{rel}","templated":true}]}}