{"id":37022,"date":"2025-02-20T23:36:39","date_gmt":"2025-02-20T22:36:39","guid":{"rendered":"https:\/\/olemosaic.orbitalia.org\/producto\/bol-de-coco-azul-flor-4\/"},"modified":"2025-07-25T20:22:05","modified_gmt":"2025-07-25T18:22:05","slug":"taca-de-coco-azul-flor-4","status":"publish","type":"product","link":"https:\/\/olemosaic.orbitalia.org\/pt-pt\/produto\/taca-de-coco-azul-flor-4\/","title":{"rendered":"Ta\u00e7a de coco azul. Flor. Estilo mediterr\u00e2neo."},"content":{"rendered":"<p>Apresentamos a ta\u00e7a de coco azul decorada, uma aut\u00eantica obra de arte que capta a ess\u00eancia do folclore mediterr\u00e2neo. Esta elegante ta\u00e7a, fabricada com material natural, destaca-se pelo seu vibrante design pintado \u00e0 m\u00e3o em tons azuis e brancos, que evocam a beleza da cer\u00e2mica tradicional da regi\u00e3o. No seu centro, uma bela flor sobressai com delicadas p\u00e9talas azuis, rodeada por um intrincado padr\u00e3o que complementa a sua beleza. Os detalhes em branco marmoreado criam uma sensa\u00e7\u00e3o de textura visual, conferindo um atrativo adicional a esta pe\u00e7a. O seu design n\u00e3o s\u00f3 \u00e9 ideal para servir aperitivos, como tamb\u00e9m funciona como um encantador elemento decorativo que real\u00e7ar\u00e1 qualquer espa\u00e7o da casa.<\/p>\n<p>Esta ta\u00e7a simboliza a rica heran\u00e7a cultural do Mediterr\u00e2neo, tornando-se uma aut\u00eantica recorda\u00e7\u00e3o ideal para turistas que procuram levar um fragmento desta tradi\u00e7\u00e3o artesanal. Na Ol\u00e9 Mosaic, especializamo-nos na distribui\u00e7\u00e3o de recorda\u00e7\u00f5es por grosso, e esta ta\u00e7a de coco azul \u00e9 uma excelente op\u00e7\u00e3o para lojas de presentes tur\u00edsticos que desejem oferecer produtos representativos da cultura local. A sua autenticidade e relev\u00e2ncia cultural garantem que cada cliente desfrute de uma experi\u00eancia memor\u00e1vel cada vez que a utilize, seja numa celebra\u00e7\u00e3o ou como pe\u00e7a decorativa.<\/p>\n","protected":false},"excerpt":{"rendered":"<p>Ta\u00e7a de coco azul decorada com uma bela flor no centro, que representa a ess\u00eancia da arte tradicional. Esta elegante ta\u00e7a, feita de material natural, apresenta um design artesanal, pintado \u00e0 m\u00e3o, em tons azuis e brancos, real\u00e7ado com delicados detalhes que evocam motivos florais. Ideal como elemento decorativo ou para servir aperitivos, esta ta\u00e7a capta a beleza do folclore mediterr\u00e2neo, tornando-a uma recorda\u00e7\u00e3o aut\u00eantica da regi\u00e3o.<\/p>\n","protected":false},"featured_media":10065,"template":"","meta":{"_acf_changed":false},"product_brand":[],"product_cat":[513],"product_tag":[],"class_list":{"0":"post-37022","1":"product","2":"type-product","3":"status-publish","4":"has-post-thumbnail","6":"product_cat-bols","7":"pa_motivo-flores","9":"first","10":"instock","11":"shipping-taxable","12":"product-type-simple"},"acf":[],"_links":{"self":[{"href":"https:\/\/olemosaic.orbitalia.org\/pt-pt\/wp-json\/wp\/v2\/product\/37022","targetHints":{"allow":["GET"]}}],"collection":[{"href":"https:\/\/olemosaic.orbitalia.org\/pt-pt\/wp-json\/wp\/v2\/product"}],"about":[{"href":"https:\/\/olemosaic.orbitalia.org\/pt-pt\/wp-json\/wp\/v2\/types\/product"}],"wp:featuredmedia":[{"embeddable":true,"href":"https:\/\/olemosaic.orbitalia.org\/pt-pt\/wp-json\/wp\/v2\/media\/10065"}],"wp:attachment":[{"href":"https:\/\/olemosaic.orbitalia.org\/pt-pt\/wp-json\/wp\/v2\/media?parent=37022"}],"wp:term":[{"taxonomy":"product_brand","embeddable":true,"href":"https:\/\/olemosaic.orbitalia.org\/pt-pt\/wp-json\/wp\/v2\/product_brand?post=37022"},{"taxonomy":"product_cat","embeddable":true,"href":"https:\/\/olemosaic.orbitalia.org\/pt-pt\/wp-json\/wp\/v2\/product_cat?post=37022"},{"taxonomy":"product_tag","embeddable":true,"href":"https:\/\/olemosaic.orbitalia.org\/pt-pt\/wp-json\/wp\/v2\/product_tag?post=37022"}],"curies":[{"name":"wp","href":"https:\/\/api.w.org\/{rel}","templated":true}]}}