{"id":37020,"date":"2025-02-20T23:36:38","date_gmt":"2025-02-20T22:36:38","guid":{"rendered":"https:\/\/olemosaic.orbitalia.org\/producto\/portavelas-de-ceramica-punt-de-trobada-barcelona-blanco\/"},"modified":"2025-07-25T19:43:31","modified_gmt":"2025-07-25T17:43:31","slug":"porta-velas-de-ceramica-punt-de-trobada-barcelona-branco","status":"publish","type":"product","link":"https:\/\/olemosaic.orbitalia.org\/pt-pt\/produto\/porta-velas-de-ceramica-punt-de-trobada-barcelona-branco\/","title":{"rendered":"Porta-velas de cer\u00e2mica. Punt de trobada. Barcelona. Branco."},"content":{"rendered":"<p>Porta-velas de cer\u00e2mica de design moderno &#8220;Punt de Trobada&#8221; de Barcelona<\/p>\n<p>Este elegante porta-velas de cer\u00e2mica \u00e9 uma magn\u00edfica representa\u00e7\u00e3o da arte moderna barcelonesa, ideal para quem procura um toque distintivo para as suas casas. A sua forma quadrada e a cor branca vibrante oferecem uma base limpa que real\u00e7a a decora\u00e7\u00e3o em mosaicos, onde se entrela\u00e7am cores vivas como o vermelho, o azul, o verde e o preto. Este design din\u00e2mico n\u00e3o s\u00f3 ilumina espa\u00e7os, como tamb\u00e9m captura a ess\u00eancia da criatividade e do esp\u00edrito art\u00edstico da cidade.<\/p>\n<p>O motivo &#8220;Punt de Trobada&#8221;, que sugere uma reuni\u00e3o de formas e cores, \u00e9 uma homenagem \u00e0 famosa obra de Antoni Gaud\u00ed e \u00e0 sua influ\u00eancia na arquitetura e na arte de Barcelona. O acabamento polido da superf\u00edcie e a meticulosa aten\u00e7\u00e3o ao detalhe em cada elemento gr\u00e1fico fazem deste porta-velas um objeto de arte pr\u00e1tico, perfeito para qualquer ambiente contempor\u00e2neo.<\/p>\n<p>Como recorda\u00e7\u00e3o aut\u00eantica de Barcelona, este porta-velas n\u00e3o \u00e9 apenas um artigo decorativo, mas tamb\u00e9m uma recorda\u00e7\u00e3o tang\u00edvel da rica heran\u00e7a cultural da cidade. Na Ol\u00e9 Mosaic, especializamo-nos na distribui\u00e7\u00e3o de recorda\u00e7\u00f5es por grosso e este porta-velas de cer\u00e2mica \u00e9 uma excelente op\u00e7\u00e3o para lojas de presentes tur\u00edsticos que desejem oferecer produtos aut\u00eanticos e culturais aos seus clientes. Uma pe\u00e7a que certamente atrair\u00e1 a aten\u00e7\u00e3o de quem procura recorda\u00e7\u00f5es memor\u00e1veis da sua visita a esta vibrante cidade.<\/p>\n","protected":false},"excerpt":{"rendered":"<p>Porta-velas de cer\u00e2mica com um design muito especial, inspirado na arte moderna barcelonesa. Este elegante porta-velas quadrado, de cor branca, apresenta uma decora\u00e7\u00e3o de mosaicos em cores vibrantes como vermelho, azul, verde e preto, criando um contraste atraente com a sua base clara. O motivo \u00abPunt de trobada\u00bb real\u00e7a a ess\u00eancia da cidade, e o seu acabamento polido, juntamente com a aten\u00e7\u00e3o ao detalhe nos elementos gr\u00e1ficos, tornam-no num acess\u00f3rio decorativo ideal para qualquer casa.<\/p>\n","protected":false},"featured_media":9148,"template":"","meta":{"_acf_changed":false},"product_brand":[],"product_cat":[811],"product_tag":[515],"class_list":{"0":"post-37020","1":"product","2":"type-product","3":"status-publish","4":"has-post-thumbnail","6":"product_cat-porta-velas","7":"product_tag-ceramica","8":"pa_ciudad-barcelona","9":"pa_motivo-punt-de-trobada","10":"pa_pais-espana","12":"first","13":"instock","14":"shipping-taxable","15":"product-type-simple"},"acf":[],"_links":{"self":[{"href":"https:\/\/olemosaic.orbitalia.org\/pt-pt\/wp-json\/wp\/v2\/product\/37020","targetHints":{"allow":["GET"]}}],"collection":[{"href":"https:\/\/olemosaic.orbitalia.org\/pt-pt\/wp-json\/wp\/v2\/product"}],"about":[{"href":"https:\/\/olemosaic.orbitalia.org\/pt-pt\/wp-json\/wp\/v2\/types\/product"}],"wp:featuredmedia":[{"embeddable":true,"href":"https:\/\/olemosaic.orbitalia.org\/pt-pt\/wp-json\/wp\/v2\/media\/9148"}],"wp:attachment":[{"href":"https:\/\/olemosaic.orbitalia.org\/pt-pt\/wp-json\/wp\/v2\/media?parent=37020"}],"wp:term":[{"taxonomy":"product_brand","embeddable":true,"href":"https:\/\/olemosaic.orbitalia.org\/pt-pt\/wp-json\/wp\/v2\/product_brand?post=37020"},{"taxonomy":"product_cat","embeddable":true,"href":"https:\/\/olemosaic.orbitalia.org\/pt-pt\/wp-json\/wp\/v2\/product_cat?post=37020"},{"taxonomy":"product_tag","embeddable":true,"href":"https:\/\/olemosaic.orbitalia.org\/pt-pt\/wp-json\/wp\/v2\/product_tag?post=37020"}],"curies":[{"name":"wp","href":"https:\/\/api.w.org\/{rel}","templated":true}]}}