{"id":37018,"date":"2025-02-20T23:36:38","date_gmt":"2025-02-20T22:36:38","guid":{"rendered":"https:\/\/olemosaic.orbitalia.org\/producto\/plato-de-ceramica-de-10-cm-toros-blanco\/"},"modified":"2025-07-25T19:07:44","modified_gmt":"2025-07-25T17:07:44","slug":"prato-de-ceramica-de-10-cm-touros-branco","status":"publish","type":"product","link":"https:\/\/olemosaic.orbitalia.org\/pt-pt\/produto\/prato-de-ceramica-de-10-cm-touros-branco\/","title":{"rendered":"Prato de cer\u00e2mica de 10 cm. Touros. Branco."},"content":{"rendered":"<p>Prato decorativo de cer\u00e2mica de 10 cm, perfeito para capturar a ess\u00eancia do folclore espanhol. Este belo prato, com base branca, est\u00e1 meticulosamente decorado com um design vibrante que apresenta um touro colorido, juntamente com um girassol soalheiro, num estilo mosaico que evoca a rica tradi\u00e7\u00e3o cultural de Espanha. Os tons brilhantes de vermelho, verde e azul, combinados com detalhes em amarelo e laranja, conferem um toque de alegria e vitalidade, o que torna este prato uma excelente op\u00e7\u00e3o tanto para decora\u00e7\u00e3o como para presente.<\/p>\n<p>O design deste prato destaca-se pela sua t\u00e9cnica de pintura \u00e0 m\u00e3o, o que garante que cada pe\u00e7a seja \u00fanica e especial. Esta singularidade real\u00e7a a autenticidade do produto, tornando-o num souvenir perfeito que representa as tradi\u00e7\u00f5es taurom\u00e1quicas e festivas de Espanha. A liga\u00e7\u00e3o cultural deste objeto, que evoca cenas de touradas e a beleza da flora espanhola, torna-o um presente significativo para quem deseja levar consigo um peda\u00e7o da rica heran\u00e7a cultural espanhola.<\/p>\n<p>Na Ol\u00e9 Mosaic, somos especialistas na distribui\u00e7\u00e3o de souvenirs por grosso, oferecendo produtos de alta qualidade como este prato decorativo. \u00c9 uma op\u00e7\u00e3o ideal para lojas de presentes tur\u00edsticos que procuram artigos aut\u00eanticos e representativos de Espanha, alinhados com o interesse dos turistas em souvenirs inspirados na cultura local.<\/p>\n","protected":false},"excerpt":{"rendered":"<p>Prato de cer\u00e2mica de 10 cm, decorado com um design vibrante de touros e um girassol colorido. Este prato, de base branca, apresenta um estilo mosaico que se destaca pelos seus tons brilhantes de vermelho, verde e azul, capturando a ess\u00eancia do folclore espanhol. A t\u00e9cnica de design artesanal, pintada \u00e0 m\u00e3o, garante a singularidade de cada pe\u00e7a, tornando-a numa recorda\u00e7\u00e3o atraente que evoca a rica tradi\u00e7\u00e3o taurom\u00e1quica e cultural de Espanha. Ideal para uso decorativo ou como presente.<\/p>\n","protected":false},"featured_media":8533,"template":"","meta":{"_acf_changed":false},"product_brand":[],"product_cat":[629],"product_tag":[516,515],"class_list":{"0":"post-37018","1":"product","2":"type-product","3":"status-publish","4":"has-post-thumbnail","6":"product_cat-pratos-decorativos","7":"product_tag-animais","8":"product_tag-ceramica","9":"pa_motivo-touros","11":"first","12":"instock","13":"shipping-taxable","14":"product-type-simple"},"acf":[],"_links":{"self":[{"href":"https:\/\/olemosaic.orbitalia.org\/pt-pt\/wp-json\/wp\/v2\/product\/37018","targetHints":{"allow":["GET"]}}],"collection":[{"href":"https:\/\/olemosaic.orbitalia.org\/pt-pt\/wp-json\/wp\/v2\/product"}],"about":[{"href":"https:\/\/olemosaic.orbitalia.org\/pt-pt\/wp-json\/wp\/v2\/types\/product"}],"wp:featuredmedia":[{"embeddable":true,"href":"https:\/\/olemosaic.orbitalia.org\/pt-pt\/wp-json\/wp\/v2\/media\/8533"}],"wp:attachment":[{"href":"https:\/\/olemosaic.orbitalia.org\/pt-pt\/wp-json\/wp\/v2\/media?parent=37018"}],"wp:term":[{"taxonomy":"product_brand","embeddable":true,"href":"https:\/\/olemosaic.orbitalia.org\/pt-pt\/wp-json\/wp\/v2\/product_brand?post=37018"},{"taxonomy":"product_cat","embeddable":true,"href":"https:\/\/olemosaic.orbitalia.org\/pt-pt\/wp-json\/wp\/v2\/product_cat?post=37018"},{"taxonomy":"product_tag","embeddable":true,"href":"https:\/\/olemosaic.orbitalia.org\/pt-pt\/wp-json\/wp\/v2\/product_tag?post=37018"}],"curies":[{"name":"wp","href":"https:\/\/api.w.org\/{rel}","templated":true}]}}