{"id":37017,"date":"2025-02-20T23:36:38","date_gmt":"2025-02-20T22:36:38","guid":{"rendered":"https:\/\/olemosaic.orbitalia.org\/producto\/plato-de-ceramica-de-11-cm-toro-beige\/"},"modified":"2025-07-25T19:16:19","modified_gmt":"2025-07-25T17:16:19","slug":"prato-de-ceramica-de-11-cm-touro-bege","status":"publish","type":"product","link":"https:\/\/olemosaic.orbitalia.org\/pt-pt\/produto\/prato-de-ceramica-de-11-cm-touro-bege\/","title":{"rendered":"Prato de cer\u00e2mica de 11 cm. Touro. Bege."},"content":{"rendered":"<p>Prato de cer\u00e2mica decorativo com um design vibrante de touro, um \u00edcone cultural de Espanha. Este belo prato, com 11 cm de di\u00e2metro, apresenta um design colorido num mosaico cativante que combina tons de vermelho, verde e azul, emoldurado por um contorno laranja e decorado com flores delicadas que lhe conferem um toque elegante. O touro, s\u00edmbolo da robustez da cultura espanhola, ergue-se no centro do prato, com tra\u00e7os definidos que real\u00e7am a sua majestade, um elemento que ressoa com a tradi\u00e7\u00e3o taurom\u00e1quica e o folclore de diversas regi\u00f5es de Espanha.<\/p>\n<p>Cada prato \u00e9 pintado \u00e0 m\u00e3o, o que garante que cada pe\u00e7a n\u00e3o seja um simples objeto, mas sim uma aut\u00eantica recorda\u00e7\u00e3o que evoca a rica heran\u00e7a cultural de Espanha. A palavra &#8220;ESPA\u00d1A&#8221;, inscrita numa lateral, enfatiza a sua fun\u00e7\u00e3o como aut\u00eantico souvenir. A sua forma ligeiramente curva n\u00e3o \u00e9 apenas visualmente atraente, mas tamb\u00e9m proporciona funcionalidade, sendo ideal tanto para exibi\u00e7\u00e3o como para servir aperitivos, o que o torna um valioso artigo decorativo e utilit\u00e1rio.<\/p>\n<p>Na Ol\u00e9 Mosaic, orgulhamo-nos de oferecer souvenirs aut\u00eanticos de alta qualidade, como este prato de cer\u00e2mica, perfeito para lojas de presentes tur\u00edsticos que procuram capturar la ess\u00eancia de Espanha. Este prato \u00e9 uma excelente op\u00e7\u00e3o para os turistas que desejam levar para casa um peda\u00e7o da cultura espanhola e desfrutar de uma recorda\u00e7\u00e3o duradoura e significativa.<\/p>\n","protected":false},"excerpt":{"rendered":"<p>Prato de cer\u00e2mica de 11 cm com um design vibrante de um touro, s\u00edmbolo ic\u00f3nico de Espanha. Este prato, marcado com a palavra \u00abESPA\u00d1A\u00bb, exibe um mosaico colorido em tons de vermelho, verde e azul, real\u00e7ado por um contorno laranja e decorado com elementos florais. A sua forma ligeiramente curva e os detalhes art\u00edsticos pintados \u00e0 m\u00e3o tornam-no num souvenir atraente que captura a ess\u00eancia do folclore espanhol, perfeito para exibir ou como pe\u00e7a decorativa.<\/p>\n","protected":false},"featured_media":7197,"template":"","meta":{"_acf_changed":false},"product_brand":[],"product_cat":[629],"product_tag":[516,515],"class_list":{"0":"post-37017","1":"product","2":"type-product","3":"status-publish","4":"has-post-thumbnail","6":"product_cat-pratos-decorativos","7":"product_tag-animais","8":"product_tag-ceramica","9":"pa_motivo-touros","11":"first","12":"instock","13":"shipping-taxable","14":"product-type-simple"},"acf":[],"_links":{"self":[{"href":"https:\/\/olemosaic.orbitalia.org\/pt-pt\/wp-json\/wp\/v2\/product\/37017","targetHints":{"allow":["GET"]}}],"collection":[{"href":"https:\/\/olemosaic.orbitalia.org\/pt-pt\/wp-json\/wp\/v2\/product"}],"about":[{"href":"https:\/\/olemosaic.orbitalia.org\/pt-pt\/wp-json\/wp\/v2\/types\/product"}],"wp:featuredmedia":[{"embeddable":true,"href":"https:\/\/olemosaic.orbitalia.org\/pt-pt\/wp-json\/wp\/v2\/media\/7197"}],"wp:attachment":[{"href":"https:\/\/olemosaic.orbitalia.org\/pt-pt\/wp-json\/wp\/v2\/media?parent=37017"}],"wp:term":[{"taxonomy":"product_brand","embeddable":true,"href":"https:\/\/olemosaic.orbitalia.org\/pt-pt\/wp-json\/wp\/v2\/product_brand?post=37017"},{"taxonomy":"product_cat","embeddable":true,"href":"https:\/\/olemosaic.orbitalia.org\/pt-pt\/wp-json\/wp\/v2\/product_cat?post=37017"},{"taxonomy":"product_tag","embeddable":true,"href":"https:\/\/olemosaic.orbitalia.org\/pt-pt\/wp-json\/wp\/v2\/product_tag?post=37017"}],"curies":[{"name":"wp","href":"https:\/\/api.w.org\/{rel}","templated":true}]}}