{"id":37007,"date":"2025-02-20T23:36:36","date_gmt":"2025-02-20T22:36:36","guid":{"rendered":"https:\/\/olemosaic.orbitalia.org\/producto\/mug-de-ceramica-bailaora-madrid-beige-2\/"},"modified":"2025-07-25T19:44:44","modified_gmt":"2025-07-25T17:44:44","slug":"caneca-de-ceramica-bailarina-madrid-bege-2","status":"publish","type":"product","link":"https:\/\/olemosaic.orbitalia.org\/pt-pt\/produto\/caneca-de-ceramica-bailarina-madrid-bege-2\/","title":{"rendered":"Caneca de cer\u00e2mica. Bailarina. Bolinhas pretas. Madrid. Bege."},"content":{"rendered":"<p>Caneca de cer\u00e2mica decorada com um design vibrante que captura a ess\u00eancia do flamenco em Madrid. Este copo atraente apresenta uma ilustra\u00e7\u00e3o cativante de duas bailarinas, uma vestida com um deslumbrante traje vermelho adornado com folhos e a outra com um elegante vestido preto de bolinhas. O fundo bege, salpicado de detalhes em vermelho e flores, confere um toque subtil, enquanto o texto &#8220;MADRID&#8221; se destaca com um ar festivo, evocando a vitalidade da capital espanhola. O seu acabamento pintado \u00e0 m\u00e3o n\u00e3o s\u00f3 real\u00e7a a qualidade artesanal, mas tamb\u00e9m reflete a rica tradi\u00e7\u00e3o cultural de Madrid, tornando-o um objeto decorativo e funcional.<\/p>\n<p>Perfeito para desfrutar das suas bebidas favoritas, esta caneca combina a utilidade com um estilo aut\u00eantico e vibrante, sendo a recorda\u00e7\u00e3o ideal para quem deseja levar um pedacinho da cultura espanhola. Al\u00e9m de ser um presente memor\u00e1vel, o seu design apelativo e a sua representatividade cultural tornam-no um excelente artigo para lojas de recorda\u00e7\u00f5es que desejem oferecer produtos que falem da identidade local. Na Ol\u00e9 Mosaic, distribu\u00edmos artesanato aut\u00eantico, oferecendo esta caneca de cer\u00e2mica como parte da nossa vasta gama de recorda\u00e7\u00f5es de qualidade, que capturam a ess\u00eancia de Madrid para turistas e amantes da cultura espanhola.<\/p>\n","protected":false},"excerpt":{"rendered":"<p>Caneca de cer\u00e2mica com um design vibrante que representa duas bailarinas de flamenco. Uma usa um vestido vermelho com folhos, enquanto a outra veste de preto com bolinhas. Esta caneca atraente, ideal para desfrutar das suas bebidas favoritas, apresenta um fundo bege com detalhes vermelhos e flores, e a palavra &#8220;MADRID&#8221; estampada. O seu acabamento de design artesanal, pintado \u00e0 m\u00e3o, real\u00e7a a tradi\u00e7\u00e3o cultural da capital espanhola, tornando-a uma recorda\u00e7\u00e3o decorativa e funcional.<\/p>\n","protected":false},"featured_media":6827,"template":"","meta":{"_acf_changed":false},"product_brand":[],"product_cat":[726],"product_tag":[515],"class_list":{"0":"post-37007","1":"product","2":"type-product","3":"status-publish","4":"has-post-thumbnail","6":"product_cat-mugs","7":"product_tag-ceramica","8":"pa_ciudad-madrid","9":"pa_motivo-dancarinos","10":"pa_pais-espana","12":"first","13":"instock","14":"shipping-taxable","15":"product-type-simple"},"acf":[],"_links":{"self":[{"href":"https:\/\/olemosaic.orbitalia.org\/pt-pt\/wp-json\/wp\/v2\/product\/37007","targetHints":{"allow":["GET"]}}],"collection":[{"href":"https:\/\/olemosaic.orbitalia.org\/pt-pt\/wp-json\/wp\/v2\/product"}],"about":[{"href":"https:\/\/olemosaic.orbitalia.org\/pt-pt\/wp-json\/wp\/v2\/types\/product"}],"wp:featuredmedia":[{"embeddable":true,"href":"https:\/\/olemosaic.orbitalia.org\/pt-pt\/wp-json\/wp\/v2\/media\/6827"}],"wp:attachment":[{"href":"https:\/\/olemosaic.orbitalia.org\/pt-pt\/wp-json\/wp\/v2\/media?parent=37007"}],"wp:term":[{"taxonomy":"product_brand","embeddable":true,"href":"https:\/\/olemosaic.orbitalia.org\/pt-pt\/wp-json\/wp\/v2\/product_brand?post=37007"},{"taxonomy":"product_cat","embeddable":true,"href":"https:\/\/olemosaic.orbitalia.org\/pt-pt\/wp-json\/wp\/v2\/product_cat?post=37007"},{"taxonomy":"product_tag","embeddable":true,"href":"https:\/\/olemosaic.orbitalia.org\/pt-pt\/wp-json\/wp\/v2\/product_tag?post=37007"}],"curies":[{"name":"wp","href":"https:\/\/api.w.org\/{rel}","templated":true}]}}