{"id":37003,"date":"2025-02-20T23:36:35","date_gmt":"2025-02-20T22:36:35","guid":{"rendered":"https:\/\/olemosaic.orbitalia.org\/producto\/llavero-de-madera-letra-w-barcelona-2\/"},"modified":"2025-07-25T18:46:15","modified_gmt":"2025-07-25T16:46:15","slug":"porta-chaves-de-madeira-letra-w-barcelona-2","status":"publish","type":"product","link":"https:\/\/olemosaic.orbitalia.org\/pt-pt\/produto\/porta-chaves-de-madeira-letra-w-barcelona-2\/","title":{"rendered":"Porta-chaves de madeira. Letra W. Sagrada Fam\u00edlia e Casa Batll\u00f3. Barcelona."},"content":{"rendered":"<p>Porta-chaves de madeira com a forma da letra &#8220;W&#8221;, inspirado na vibrante arquitetura de Barcelona. Este atraente porta-chaves \u00e9 uma homenagem ao emblem\u00e1tico modernismo catal\u00e3o, com ilustra\u00e7\u00f5es coloridas da Sagrada Fam\u00edlia e da Casa Batll\u00f3, duas das obras mais representativas de Antoni Gaud\u00ed. O design, com um acabamento brilhante, real\u00e7a os tons vivos e o estilo distintivo destas obras-primas, com detalhes em mosaico que evocam o famoso uso da cor e as formas org\u00e2nicas caracter\u00edsticas da arquitetura de Gaud\u00ed.<\/p>\n<p>O porta-chaves n\u00e3o \u00e9 apenas funcional, mas tamb\u00e9m serve como uma recorda\u00e7\u00e3o visual da riqueza cultural de Barcelona. A letra &#8220;W&#8221; n\u00e3o funciona apenas como inicial, mas captura a ess\u00eancia do local, sendo ideal para quem deseja levar consigo um pedacinho da cidade. Esta lembran\u00e7a de Barcelona \u00e9 perfeita para turistas que procuram artigos aut\u00eanticos e representativos que encapsulem a magia da cidade.<\/p>\n<p>Na Ol\u00e9 Mosaic distribu\u00edmos lembran\u00e7as por grosso que refletem a diversidade e o patrim\u00f3nio cultural de Espanha. Este porta-chaves \u00e9 uma excelente op\u00e7\u00e3o para lojas de presentes tur\u00edsticos que procuram produtos \u00fanicos que combinem design e funcionalidade, tornando-o uma excelente recorda\u00e7\u00e3o de Barcelona, um verdadeiro s\u00edmbolo da arte e da hist\u00f3ria que deslumbrou o mundo.<\/p>\n","protected":false},"excerpt":{"rendered":"<p>Porta-chaves de madeira com a forma da letra &#8220;W&#8221;, inspirado na vibrante arquitetura de Barcelona. Este atraente porta-chaves apresenta uma ilustra\u00e7\u00e3o colorida da Sagrada Fam\u00edlia e da Casa Batll\u00f3, capturando a ess\u00eancia do modernismo catal\u00e3o. Com um acabamento brilhante e detalhes de mosaico que evocam o estilo ic\u00f3nico de Gaud\u00ed, este porta-chaves \u00e9 uma pe\u00e7a distintiva e funcional que celebra a riqueza cultural da cidade.<\/p>\n","protected":false},"featured_media":10508,"template":"","meta":{"_acf_changed":false},"product_brand":[],"product_cat":[611],"product_tag":[612],"class_list":{"0":"post-37003","1":"product","2":"type-product","3":"status-publish","4":"has-post-thumbnail","6":"product_cat-porta-chaves","7":"product_tag-cartas","8":"pa_ciudad-barcelona","9":"pa_motivo-letra-w","10":"pa_pais-espana","12":"first","13":"instock","14":"shipping-taxable","15":"product-type-simple"},"acf":[],"_links":{"self":[{"href":"https:\/\/olemosaic.orbitalia.org\/pt-pt\/wp-json\/wp\/v2\/product\/37003","targetHints":{"allow":["GET"]}}],"collection":[{"href":"https:\/\/olemosaic.orbitalia.org\/pt-pt\/wp-json\/wp\/v2\/product"}],"about":[{"href":"https:\/\/olemosaic.orbitalia.org\/pt-pt\/wp-json\/wp\/v2\/types\/product"}],"wp:featuredmedia":[{"embeddable":true,"href":"https:\/\/olemosaic.orbitalia.org\/pt-pt\/wp-json\/wp\/v2\/media\/10508"}],"wp:attachment":[{"href":"https:\/\/olemosaic.orbitalia.org\/pt-pt\/wp-json\/wp\/v2\/media?parent=37003"}],"wp:term":[{"taxonomy":"product_brand","embeddable":true,"href":"https:\/\/olemosaic.orbitalia.org\/pt-pt\/wp-json\/wp\/v2\/product_brand?post=37003"},{"taxonomy":"product_cat","embeddable":true,"href":"https:\/\/olemosaic.orbitalia.org\/pt-pt\/wp-json\/wp\/v2\/product_cat?post=37003"},{"taxonomy":"product_tag","embeddable":true,"href":"https:\/\/olemosaic.orbitalia.org\/pt-pt\/wp-json\/wp\/v2\/product_tag?post=37003"}],"curies":[{"name":"wp","href":"https:\/\/api.w.org\/{rel}","templated":true}]}}