{"id":37001,"date":"2025-02-20T23:36:35","date_gmt":"2025-02-20T22:36:35","guid":{"rendered":"https:\/\/olemosaic.orbitalia.org\/producto\/llavero-de-madera-letra-f-barcelona-2\/"},"modified":"2025-07-25T18:54:22","modified_gmt":"2025-07-25T16:54:22","slug":"porta-chaves-de-madeira-letra-f-barcelona-2","status":"publish","type":"product","link":"https:\/\/olemosaic.orbitalia.org\/pt-pt\/produto\/porta-chaves-de-madeira-letra-f-barcelona-2\/","title":{"rendered":"Porta-chaves de madeira. Letra F. Sagrada Fam\u00edlia e Casa Batll\u00f3. Barcelona."},"content":{"rendered":"<p>Porta-chaves de madeira com forma da letra &#8220;F&#8221;, inspirado na emblem\u00e1tica Sagrada Fam\u00edlia de Barcelona. Esta encantadora recorda\u00e7\u00e3o n\u00e3o s\u00f3 \u00e9 um acess\u00f3rio pr\u00e1tico, como uma pequena obra de arte que capta a magia da cidade condal. Fabricado em madeira de alta qualidade, o seu design colorido destaca-se pela vibrante representa\u00e7\u00e3o das torres da Sagrada Fam\u00edlia, com efeito pintado \u00e0 m\u00e3o em tons vermelhos e dourados que evocam a sua majestosidade. Os delicados detalhes decorativos que acompanham a &#8220;F&#8221; acrescentam um toque de estilo e autenticidade, fazendo deste porta-chaves uma recorda\u00e7\u00e3o \u00fanica que presta homenagem \u00e0 riqueza arquitet\u00f3nica e cultural de Barcelona.<\/p>\n<p>O porta-chaves, al\u00e9m disso, conta com uma argola met\u00e1lica resistente, assegurando que a sua recorda\u00e7\u00e3o esteja sempre \u00e0 m\u00e3o. Este artigo \u00e9 ideal tanto para quem deseje levar um peda\u00e7o de Barcelona consigo como para aqueles que procuram recorda\u00e7\u00f5es que representem a ess\u00eancia da cidade. Na Ol\u00e9 Mosaic, especialistas na distribui\u00e7\u00e3o de souvenirs por grosso, oferecemos este porta-chaves da Sagrada Fam\u00edlia como uma excelente op\u00e7\u00e3o para lojas de presentes tur\u00edsticos que apreciam a qualidade e a autenticidade cultural. Com o seu design atraente e a sua liga\u00e7\u00e3o hist\u00f3rica, este porta-chaves de madeira torna-se um presente perfeito para os visitantes que procuram uma recorda\u00e7\u00e3o significativa da sua passagem por Barcelona.<\/p>\n","protected":false},"excerpt":{"rendered":"<p>Porta-chaves de madeira com forma da letra &#8220;F&#8221;, inspirado na emblem\u00e1tica Sagrada Fam\u00edlia de Barcelona. Esta atraente recorda\u00e7\u00e3o apresenta um design colorido e vibrante, com detalhes pintados \u00e0 m\u00e3o que real\u00e7am a majestosidade das torres em tons vermelhos e dourados, acompanhados de elementos decorativos que evocam a ess\u00eancia da cidade. Com um porta-chaves met\u00e1lico resistente, \u00e9 uma pe\u00e7a ideal para levar uma recorda\u00e7\u00e3o de Barcelona para todo o lado.<\/p>\n","protected":false},"featured_media":10517,"template":"","meta":{"_acf_changed":false},"product_brand":[],"product_cat":[611],"product_tag":[612],"class_list":{"0":"post-37001","1":"product","2":"type-product","3":"status-publish","4":"has-post-thumbnail","6":"product_cat-porta-chaves","7":"product_tag-cartas","8":"pa_ciudad-barcelona","9":"pa_motivo-letra-f","10":"pa_pais-espana","12":"first","13":"instock","14":"shipping-taxable","15":"product-type-simple"},"acf":[],"_links":{"self":[{"href":"https:\/\/olemosaic.orbitalia.org\/pt-pt\/wp-json\/wp\/v2\/product\/37001","targetHints":{"allow":["GET"]}}],"collection":[{"href":"https:\/\/olemosaic.orbitalia.org\/pt-pt\/wp-json\/wp\/v2\/product"}],"about":[{"href":"https:\/\/olemosaic.orbitalia.org\/pt-pt\/wp-json\/wp\/v2\/types\/product"}],"wp:featuredmedia":[{"embeddable":true,"href":"https:\/\/olemosaic.orbitalia.org\/pt-pt\/wp-json\/wp\/v2\/media\/10517"}],"wp:attachment":[{"href":"https:\/\/olemosaic.orbitalia.org\/pt-pt\/wp-json\/wp\/v2\/media?parent=37001"}],"wp:term":[{"taxonomy":"product_brand","embeddable":true,"href":"https:\/\/olemosaic.orbitalia.org\/pt-pt\/wp-json\/wp\/v2\/product_brand?post=37001"},{"taxonomy":"product_cat","embeddable":true,"href":"https:\/\/olemosaic.orbitalia.org\/pt-pt\/wp-json\/wp\/v2\/product_cat?post=37001"},{"taxonomy":"product_tag","embeddable":true,"href":"https:\/\/olemosaic.orbitalia.org\/pt-pt\/wp-json\/wp\/v2\/product_tag?post=37001"}],"curies":[{"name":"wp","href":"https:\/\/api.w.org\/{rel}","templated":true}]}}