{"id":37000,"date":"2025-02-20T23:36:35","date_gmt":"2025-02-20T22:36:35","guid":{"rendered":"https:\/\/olemosaic.orbitalia.org\/producto\/llavero-de-madera-flor-3\/"},"modified":"2025-07-25T19:19:28","modified_gmt":"2025-07-25T17:19:28","slug":"porta-chaves-de-madeira-flor-3","status":"publish","type":"product","link":"https:\/\/olemosaic.orbitalia.org\/pt-pt\/produto\/porta-chaves-de-madeira-flor-3\/","title":{"rendered":"Porta-chaves de madeira. Flor. Mosaico."},"content":{"rendered":"<p>Porta-chaves de madeira com forma de flor, inspirado na arte do mosaico t\u00edpico de Espanha. Este colorido porta-chaves apresenta um design vibrante que capta a ess\u00eancia do trencad\u00eds, uma t\u00e9cnica tradicional que d\u00e1 vida \u00e0s obras arquitet\u00f3nicas em cidades como Barcelona. Cada p\u00e9tala \u00e9 decorada com formas geom\u00e9tricas em m\u00faltiplas cores, desde tons quentes a frescos e alegres, criando um efeito visual encantador que evoca a rica tradi\u00e7\u00e3o art\u00edstica da regi\u00e3o. A flor, meticulosamente elaborada, n\u00e3o s\u00f3 \u00e9 um porta-chaves funcional, como tamb\u00e9m uma aut\u00eantica pe\u00e7a de cole\u00e7\u00e3o que celebra a heran\u00e7a cultural espanhola.<\/p>\n<p>Com um acabamento resistente, este porta-chaves assegura que a sua beleza perdure ao longo do tempo, e o seu tamanho compacto torna-o uma recorda\u00e7\u00e3o f\u00e1cil de levar para qualquer parte. Ideal para turistas e amantes da cultura, este porta-chaves de madeira \u00e9 um excelente presente ou souvenir que liga o quotidiano ao extraordin\u00e1rio. Na Ol\u00e9 Mosaic, orgulhamo-nos de oferecer souvenirs aut\u00eanticos e de qualidade que real\u00e7am a riqueza do patrim\u00f3nio espanhol. Este porta-chaves \u00e9 uma excelente op\u00e7\u00e3o para lojas de presentes tur\u00edsticos que procuram produtos que combinem funcionalidade e significado cultural, consolidando-se como uma pe\u00e7a essencial na cole\u00e7\u00e3o de souvenirs de Espanha.<\/p>\n","protected":false},"excerpt":{"rendered":"<p>Porta-chaves de madeira com forma de flor, inspirado na arte do mosaico t\u00edpico de Espanha. Este colorido porta-chaves apresenta um design vibrante com m\u00faltiplas cores que imitam o estilo do trencad\u00eds, conferindo um toque alegre e festivo. A flor \u00e9 criada com formas geom\u00e9tricas que evocam a beleza dos ornamentos tradicionais, tornando-se um souvenir perfeito que capta a ess\u00eancia cultural e art\u00edstica da regi\u00e3o. Ideal para levar sempre consigo um pedacinho de Espanha.<\/p>\n","protected":false},"featured_media":10788,"template":"","meta":{"_acf_changed":false},"product_brand":[],"product_cat":[611],"product_tag":[],"class_list":{"0":"post-37000","1":"product","2":"type-product","3":"status-publish","4":"has-post-thumbnail","6":"product_cat-porta-chaves","7":"pa_motivo-flores","9":"first","10":"instock","11":"shipping-taxable","12":"product-type-simple"},"acf":[],"_links":{"self":[{"href":"https:\/\/olemosaic.orbitalia.org\/pt-pt\/wp-json\/wp\/v2\/product\/37000","targetHints":{"allow":["GET"]}}],"collection":[{"href":"https:\/\/olemosaic.orbitalia.org\/pt-pt\/wp-json\/wp\/v2\/product"}],"about":[{"href":"https:\/\/olemosaic.orbitalia.org\/pt-pt\/wp-json\/wp\/v2\/types\/product"}],"wp:featuredmedia":[{"embeddable":true,"href":"https:\/\/olemosaic.orbitalia.org\/pt-pt\/wp-json\/wp\/v2\/media\/10788"}],"wp:attachment":[{"href":"https:\/\/olemosaic.orbitalia.org\/pt-pt\/wp-json\/wp\/v2\/media?parent=37000"}],"wp:term":[{"taxonomy":"product_brand","embeddable":true,"href":"https:\/\/olemosaic.orbitalia.org\/pt-pt\/wp-json\/wp\/v2\/product_brand?post=37000"},{"taxonomy":"product_cat","embeddable":true,"href":"https:\/\/olemosaic.orbitalia.org\/pt-pt\/wp-json\/wp\/v2\/product_cat?post=37000"},{"taxonomy":"product_tag","embeddable":true,"href":"https:\/\/olemosaic.orbitalia.org\/pt-pt\/wp-json\/wp\/v2\/product_tag?post=37000"}],"curies":[{"name":"wp","href":"https:\/\/api.w.org\/{rel}","templated":true}]}}