{"id":36996,"date":"2025-02-20T23:36:34","date_gmt":"2025-02-20T22:36:34","guid":{"rendered":"https:\/\/olemosaic.orbitalia.org\/producto\/llavero-de-madera-panoramica-valencia\/"},"modified":"2025-07-25T19:57:11","modified_gmt":"2025-07-25T17:57:11","slug":"porta-chaves-de-madeira-panoramica-valencia","status":"publish","type":"product","link":"https:\/\/olemosaic.orbitalia.org\/pt-pt\/produto\/porta-chaves-de-madeira-panoramica-valencia\/","title":{"rendered":"Porta-chaves de madeira. Panor\u00e2mica. Val\u00eancia."},"content":{"rendered":"<p>Porta-chaves de madeira de Val\u00eancia. Este encantador porta-chaves apresenta uma vibrante panor\u00e2mica da cidade, com monumentos emblem\u00e1ticos como a ic\u00f3nica Lonja de la Seda e a moderna Cidade das Artes e das Ci\u00eancias. Elaborado em madeira de alta qualidade, este souvenir captura a ess\u00eancia cultural de Val\u00eancia atrav\u00e9s de um design colorido que real\u00e7a os intrincados detalhes arquitet\u00f3nicos de cada edifica\u00e7\u00e3o. A palavra &#8220;Val\u00eancia&#8221; \u00e9 exibida em letras chamativas, fundindo modernidade e tradi\u00e7\u00e3o, enquanto um sol radiante complementa a cena com um toque de alegria mediterr\u00e2nica.<\/p>\n<p>Este porta-chaves n\u00e3o \u00e9 apenas um acess\u00f3rio pr\u00e1tico para guardar as chaves, mas tamb\u00e9m representa um pedacinho da rica hist\u00f3ria e da beleza de Val\u00eancia, tornando-se uma recorda\u00e7\u00e3o insubstitu\u00edvel. A Lonja de la Seda, Patrim\u00f3nio da Humanidade, ergue-se orgulhosa junto \u00e0s futuristas estruturas da Cidade das Artes, simbolizando o contraste entre o antigo e o contempor\u00e2neo que define a cidade.<\/p>\n<p>Na Ol\u00e9 Mosaic, orgulhamo-nos de oferecer souvenirs aut\u00eanticos que refletem a cultura e o patrim\u00f3nio de Espanha. Este porta-chaves de madeira \u00e9 uma op\u00e7\u00e3o ideal para turistas e lojas de presentes tur\u00edsticos que procuram produtos chamativos e de qualidade. Converta cada dia num lembrete das suas experi\u00eancias nesta bela cidade mediterr\u00e2nica com um souvenir que \u00e9, sem d\u00favida, uma pe\u00e7a essencial na cole\u00e7\u00e3o de qualquer viajante.<\/p>\n","protected":false},"excerpt":{"rendered":"<p>Porta-chaves de madeira com uma vibrante panor\u00e2mica de Val\u00eancia, que apresenta monumentos emblem\u00e1ticos como a Lonja de la Seda e a Cidade das Artes e das Ci\u00eancias. Este atraente porta-chaves mostra um design colorido, real\u00e7ando os detalhes arquitet\u00f3nicos com um acabamento brilhante. A palavra &#8220;Val\u00eancia&#8221; destaca-se em letras chamativas, e um sol radiante complementa a cena, capturando a ess\u00eancia desta bela cidade mediterr\u00e2nica. Um souvenir perfeito para recordar a cultura e a beleza de Val\u00eancia.<\/p>\n","protected":false},"featured_media":10798,"template":"","meta":{"_acf_changed":false},"product_brand":[],"product_cat":[611],"product_tag":[],"class_list":{"0":"post-36996","1":"product","2":"type-product","3":"status-publish","4":"has-post-thumbnail","6":"product_cat-porta-chaves","7":"pa_ciudad-valencia","8":"pa_motivo-panoramas","9":"pa_pais-espana","11":"first","12":"instock","13":"shipping-taxable","14":"product-type-simple"},"acf":[],"_links":{"self":[{"href":"https:\/\/olemosaic.orbitalia.org\/pt-pt\/wp-json\/wp\/v2\/product\/36996","targetHints":{"allow":["GET"]}}],"collection":[{"href":"https:\/\/olemosaic.orbitalia.org\/pt-pt\/wp-json\/wp\/v2\/product"}],"about":[{"href":"https:\/\/olemosaic.orbitalia.org\/pt-pt\/wp-json\/wp\/v2\/types\/product"}],"wp:featuredmedia":[{"embeddable":true,"href":"https:\/\/olemosaic.orbitalia.org\/pt-pt\/wp-json\/wp\/v2\/media\/10798"}],"wp:attachment":[{"href":"https:\/\/olemosaic.orbitalia.org\/pt-pt\/wp-json\/wp\/v2\/media?parent=36996"}],"wp:term":[{"taxonomy":"product_brand","embeddable":true,"href":"https:\/\/olemosaic.orbitalia.org\/pt-pt\/wp-json\/wp\/v2\/product_brand?post=36996"},{"taxonomy":"product_cat","embeddable":true,"href":"https:\/\/olemosaic.orbitalia.org\/pt-pt\/wp-json\/wp\/v2\/product_cat?post=36996"},{"taxonomy":"product_tag","embeddable":true,"href":"https:\/\/olemosaic.orbitalia.org\/pt-pt\/wp-json\/wp\/v2\/product_tag?post=36996"}],"curies":[{"name":"wp","href":"https:\/\/api.w.org\/{rel}","templated":true}]}}