{"id":36995,"date":"2025-02-20T22:36:34","date_gmt":"2025-02-20T22:36:34","guid":{"rendered":"https:\/\/olemosaic.orbitalia.org\/producto\/llavero-de-madera-don-quijote\/"},"modified":"2025-07-25T20:24:20","modified_gmt":"2025-07-25T18:24:20","slug":"porta-chaves-de-madeira-dom-quixote","status":"publish","type":"product","link":"https:\/\/olemosaic.orbitalia.org\/pt-pt\/produto\/porta-chaves-de-madeira-dom-quixote\/","title":{"rendered":"Porta-chaves de madeira. Dom Quixote."},"content":{"rendered":"<p>Porta-chaves de madeira de Dom Quixote. Este colorido e moderno porta-chaves \u00e9 uma representa\u00e7\u00e3o divertida e atraente da emblem\u00e1tica personagem da literatura espanhola, Dom Quixote, montado no seu fiel cavalo Rocinante junto a um moinho de vento, o famoso s\u00edmbolo das suas aventuras. O seu design vibrante apresenta uma atraente paleta de cores que capta a aten\u00e7\u00e3o, destacando o texto &#8220;DOM QUIXOTE&#8221; com uma tipografia chamativa que d\u00e1 vida \u00e0 cena. Este porta-chaves n\u00e3o s\u00f3 \u00e9 funcional, como tamb\u00e9m uma encantadora recorda\u00e7\u00e3o que encapsula a ess\u00eancia do engenhoso fidalgo e a sua valentia. A liga\u00e7\u00e3o cultural deste porta-chaves com a obra-prima de Miguel de Cervantes real\u00e7a a sua relev\u00e2ncia como recorda\u00e7\u00e3o t\u00edpica de Espanha, simbolizando a luta pelos ideais e a encantadora loucura do seu protagonista. Ideal para quem deseja levar consigo um peda\u00e7o de hist\u00f3ria e cultura, este porta-chaves de madeira \u00e9 uma excelente op\u00e7\u00e3o para turistas que procuram recorda\u00e7\u00f5es de qualidade e autenticidade. Na Ol\u00e9 Mosaic, somos distribuidores de recorda\u00e7\u00f5es emblem\u00e1ticas que celebram o melhor do patrim\u00f3nio espanhol, o que torna este porta-chaves uma adi\u00e7\u00e3o perfeita para lojas de presentes tur\u00edsticos que procuram produtos aut\u00eanticos e representativos da cultura espanhola.<\/p>\n","protected":false},"excerpt":{"rendered":"<p>Porta-chaves de madeira que representa Dom Quixote, a emblem\u00e1tica personagem da literatura espanhola. Este porta-chaves, com um design colorido e moderno, mostra Dom Quixote montado no seu cavalo junto a um moinho de vento, s\u00edmbolo da sua famosa aventura. As cores vibrantes e o texto &#8220;DOM QUIXOTE&#8221; destacam-se num design que presta homenagem \u00e0 obra de Cervantes, ideal para os amantes da cultura espanhola. Uma recorda\u00e7\u00e3o perfeita para levar um peda\u00e7o de hist\u00f3ria consigo.<\/p>\n","protected":false},"featured_media":10804,"template":"","meta":{"_acf_changed":false},"product_brand":[],"product_cat":[611],"product_tag":[516],"class_list":{"0":"post-36995","1":"product","2":"type-product","3":"status-publish","4":"has-post-thumbnail","6":"product_cat-porta-chaves","7":"product_tag-animais","8":"pa_motivo-dom-quixote","10":"first","11":"instock","12":"shipping-taxable","13":"product-type-simple"},"acf":[],"_links":{"self":[{"href":"https:\/\/olemosaic.orbitalia.org\/pt-pt\/wp-json\/wp\/v2\/product\/36995","targetHints":{"allow":["GET"]}}],"collection":[{"href":"https:\/\/olemosaic.orbitalia.org\/pt-pt\/wp-json\/wp\/v2\/product"}],"about":[{"href":"https:\/\/olemosaic.orbitalia.org\/pt-pt\/wp-json\/wp\/v2\/types\/product"}],"wp:featuredmedia":[{"embeddable":true,"href":"https:\/\/olemosaic.orbitalia.org\/pt-pt\/wp-json\/wp\/v2\/media\/10804"}],"wp:attachment":[{"href":"https:\/\/olemosaic.orbitalia.org\/pt-pt\/wp-json\/wp\/v2\/media?parent=36995"}],"wp:term":[{"taxonomy":"product_brand","embeddable":true,"href":"https:\/\/olemosaic.orbitalia.org\/pt-pt\/wp-json\/wp\/v2\/product_brand?post=36995"},{"taxonomy":"product_cat","embeddable":true,"href":"https:\/\/olemosaic.orbitalia.org\/pt-pt\/wp-json\/wp\/v2\/product_cat?post=36995"},{"taxonomy":"product_tag","embeddable":true,"href":"https:\/\/olemosaic.orbitalia.org\/pt-pt\/wp-json\/wp\/v2\/product_tag?post=36995"}],"curies":[{"name":"wp","href":"https:\/\/api.w.org\/{rel}","templated":true}]}}