{"id":36992,"date":"2025-02-20T23:36:34","date_gmt":"2025-02-20T22:36:34","guid":{"rendered":"https:\/\/olemosaic.orbitalia.org\/producto\/llavero-de-madera-gallo-4\/"},"modified":"2025-07-25T19:44:04","modified_gmt":"2025-07-25T17:44:04","slug":"porta-chaves-de-madeira-galo-4","status":"publish","type":"product","link":"https:\/\/olemosaic.orbitalia.org\/pt-pt\/produto\/porta-chaves-de-madeira-galo-4\/","title":{"rendered":"Porta-chaves de madeira. Galo. Barcelos."},"content":{"rendered":"<p>Porta-chaves de madeira com forma de galo, um s\u00edmbolo ic\u00f3nico da cultura portuguesa. Este atraente porta-chaves destaca-se pelo seu design vibrante, meticulosamente pintado \u00e0 m\u00e3o com uma paleta de cores em vermelho, azul e branco, que evocam a decora\u00e7\u00e3o tradicional do galo de Barcelos. A figura do galo, conhecido em Portugal como o &#8220;Galo de Barcelos&#8221;, n\u00e3o \u00e9 apenas um elemento decorativo, mas tamb\u00e9m representa a boa sorte, a justi\u00e7a e a fidelidade, convertendo este porta-chaves num souvenir carregado de significado cultural. A forma estilizada e os intrincados motivos, que incluem cora\u00e7\u00f5es e padr\u00f5es geom\u00e9tricos, conferem um toque art\u00edstico que o torna um acess\u00f3rio \u00fanico e especial.<\/p>\n<p>Ideal para quem procura recordar a sua visita a Portugal, este porta-chaves \u00e9 uma excelente forma de levar um peda\u00e7o do folclore portugu\u00eas para todo o lado. Na Ol\u00e9 Mosaic sabemos que os souvenirs devem ser reflexos aut\u00eanticos da cultura, e este porta-chaves de madeira cumpre esse objetivo na perfei\u00e7\u00e3o. Perfeito para lojas de presentes tur\u00edsticos, este artigo \u00e9 uma adi\u00e7\u00e3o valiosa a qualquer cole\u00e7\u00e3o de souvenirs de Portugal, pois apresenta n\u00e3o s\u00f3 a sua beleza est\u00e9tica, mas tamb\u00e9m a sua relev\u00e2ncia cultural como s\u00edmbolo da heran\u00e7a portuguesa. Como grossistas de souvenirs, garantimos a qualidade e autenticidade em cada pe\u00e7a.<\/p>\n","protected":false},"excerpt":{"rendered":"<p>Porta-chaves de madeira com forma de galo, um \u00edcone da cultura portuguesa. Este atraente porta-chaves apresenta um design vibrante e detalhado, design artesanal, pintado \u00e0 m\u00e3o, com motivos em vermelho, azul e branco, que real\u00e7am a decora\u00e7\u00e3o tradicional do galo de Barcelos. A sua forma estilizada e os seus elementos decorativos conferem-lhe um toque art\u00edstico, tornando-o uma recorda\u00e7\u00e3o perfeita para rememorar a rica heran\u00e7a de Portugal. Ideal para levar as suas chaves com um toque de folclore.<\/p>\n","protected":false},"featured_media":10787,"template":"","meta":{"_acf_changed":false},"product_brand":[],"product_cat":[611],"product_tag":[516],"class_list":{"0":"post-36992","1":"product","2":"type-product","3":"status-publish","4":"has-post-thumbnail","6":"product_cat-porta-chaves","7":"product_tag-animais","8":"pa_motivo-galos","9":"pa_pais-portugal","11":"first","12":"instock","13":"shipping-taxable","14":"product-type-simple"},"acf":[],"_links":{"self":[{"href":"https:\/\/olemosaic.orbitalia.org\/pt-pt\/wp-json\/wp\/v2\/product\/36992","targetHints":{"allow":["GET"]}}],"collection":[{"href":"https:\/\/olemosaic.orbitalia.org\/pt-pt\/wp-json\/wp\/v2\/product"}],"about":[{"href":"https:\/\/olemosaic.orbitalia.org\/pt-pt\/wp-json\/wp\/v2\/types\/product"}],"wp:featuredmedia":[{"embeddable":true,"href":"https:\/\/olemosaic.orbitalia.org\/pt-pt\/wp-json\/wp\/v2\/media\/10787"}],"wp:attachment":[{"href":"https:\/\/olemosaic.orbitalia.org\/pt-pt\/wp-json\/wp\/v2\/media?parent=36992"}],"wp:term":[{"taxonomy":"product_brand","embeddable":true,"href":"https:\/\/olemosaic.orbitalia.org\/pt-pt\/wp-json\/wp\/v2\/product_brand?post=36992"},{"taxonomy":"product_cat","embeddable":true,"href":"https:\/\/olemosaic.orbitalia.org\/pt-pt\/wp-json\/wp\/v2\/product_cat?post=36992"},{"taxonomy":"product_tag","embeddable":true,"href":"https:\/\/olemosaic.orbitalia.org\/pt-pt\/wp-json\/wp\/v2\/product_tag?post=36992"}],"curies":[{"name":"wp","href":"https:\/\/api.w.org\/{rel}","templated":true}]}}