{"id":36989,"date":"2025-02-20T22:36:33","date_gmt":"2025-02-20T22:36:33","guid":{"rendered":"https:\/\/olemosaic.orbitalia.org\/producto\/libreta-de-80-hojas-mariposas\/"},"modified":"2025-07-25T18:53:23","modified_gmt":"2025-07-25T16:53:23","slug":"caderno-80-folhas-borboletas","status":"publish","type":"product","link":"https:\/\/olemosaic.orbitalia.org\/pt-pt\/produto\/caderno-80-folhas-borboletas\/","title":{"rendered":"Caderno de 80 folhas. Borboletas."},"content":{"rendered":"<p>Caderno decorado com um vibrante design de inspira\u00e7\u00e3o em mosaico e motivos de borboletas. Este caderno, com 80 folhas, \u00e9 uma pe\u00e7a cativante que combina a beleza natural de borboletas de cores brilhantes \u2013 como azul, vermelho e amarelo \u2013 com a arte decorativa do mosaico tradicional. O fundo branco, adornado com padr\u00f5es de trencad\u00eds, real\u00e7a cada borboleta, conferindo frescura e alegria ao design. As borboletas parecem ganhar vida, embelezando qualquer espa\u00e7o de trabalho ou estudo.<\/p>\n<p>O fecho el\u00e1stico vermelho n\u00e3o \u00e9 apenas funcional, mas tamb\u00e9m acrescenta um toque de eleg\u00e2ncia, tornando este caderno um acess\u00f3rio ideal para levar na mala. Perfeito para quem procura conservar notas, esbo\u00e7os ou pensamentos inspiradores, este caderno \u00e9 muito mais do que um simples artigo de papelaria; \u00e9 uma homenagem \u00e0 colorida cultura espanhola e \u00e0 mestria da arte do mosaico.<\/p>\n<p>Como uma aut\u00eantica recorda\u00e7\u00e3o, reflete a riqueza do patrim\u00f3nio art\u00edstico, tornando-se um presente significativo para turistas que desejam levar um peda\u00e7o de Espanha. Na Ol\u00e9 Mosaic, orgulhosos distribuidores de recorda\u00e7\u00f5es por grosso, oferecemos este caderno de borboletas como uma op\u00e7\u00e3o perfeita para lojas de presentes tur\u00edsticos, combinando arte, funcionalidade e um toque de hist\u00f3ria cultural.<\/p>\n","protected":false},"excerpt":{"rendered":"<p>Caderno de 80 folhas decorado com um vibrante design de borboletas e flores, inspirado no estilo do mosaico tradicional. Esta pe\u00e7a de papelaria apresenta borboletas de cores brilhantes, como azul, vermelho e amarelo, sobre um fundo branco com padr\u00f5es de mosaico, evocando a arte do trencad\u00eds. O caderno inclui um fecho el\u00e1stico vermelho, o que o torna ideal para levar na mala e conservar as suas notas com estilo.<\/p>\n","protected":false},"featured_media":11651,"template":"","meta":{"_acf_changed":false},"product_brand":[],"product_cat":[808],"product_tag":[516],"class_list":{"0":"post-36989","1":"product","2":"type-product","3":"status-publish","4":"has-post-thumbnail","6":"product_cat-cadernos","7":"product_tag-animais","8":"pa_motivo-borboletas","10":"first","11":"instock","12":"shipping-taxable","13":"product-type-simple"},"acf":[],"_links":{"self":[{"href":"https:\/\/olemosaic.orbitalia.org\/pt-pt\/wp-json\/wp\/v2\/product\/36989","targetHints":{"allow":["GET"]}}],"collection":[{"href":"https:\/\/olemosaic.orbitalia.org\/pt-pt\/wp-json\/wp\/v2\/product"}],"about":[{"href":"https:\/\/olemosaic.orbitalia.org\/pt-pt\/wp-json\/wp\/v2\/types\/product"}],"wp:featuredmedia":[{"embeddable":true,"href":"https:\/\/olemosaic.orbitalia.org\/pt-pt\/wp-json\/wp\/v2\/media\/11651"}],"wp:attachment":[{"href":"https:\/\/olemosaic.orbitalia.org\/pt-pt\/wp-json\/wp\/v2\/media?parent=36989"}],"wp:term":[{"taxonomy":"product_brand","embeddable":true,"href":"https:\/\/olemosaic.orbitalia.org\/pt-pt\/wp-json\/wp\/v2\/product_brand?post=36989"},{"taxonomy":"product_cat","embeddable":true,"href":"https:\/\/olemosaic.orbitalia.org\/pt-pt\/wp-json\/wp\/v2\/product_cat?post=36989"},{"taxonomy":"product_tag","embeddable":true,"href":"https:\/\/olemosaic.orbitalia.org\/pt-pt\/wp-json\/wp\/v2\/product_tag?post=36989"}],"curies":[{"name":"wp","href":"https:\/\/api.w.org\/{rel}","templated":true}]}}