{"id":36987,"date":"2025-02-20T23:36:33","date_gmt":"2025-02-20T22:36:33","guid":{"rendered":"https:\/\/olemosaic.orbitalia.org\/producto\/lata-inox-de-500-ml-panoramica-barcelona-2\/"},"modified":"2025-07-25T19:37:37","modified_gmt":"2025-07-25T17:37:37","slug":"lata-inox-500-ml-panoramica-sagrada-familia-barcelona","status":"publish","type":"product","link":"https:\/\/olemosaic.orbitalia.org\/pt-pt\/produto\/lata-inox-500-ml-panoramica-sagrada-familia-barcelona\/","title":{"rendered":"Lata inox. de 500 ml. Panor\u00e2mica. Sagrada Fam\u00edlia. Barcelona."},"content":{"rendered":"<p>Lata de a\u00e7o inoxid\u00e1vel de 500 ml com uma vibrante panor\u00e2mica da Sagrada Fam\u00edlia, o emblem\u00e1tico monumento de Barcelona. Esta elegante lata, com um design art\u00edstico inspirado nos mosaicos caracter\u00edsticos da obra de Gaud\u00ed, destaca-se pelas suas cores quentes e brilhantes que evocam a majestade desta ic\u00f3nica bas\u00edlica. A Sagrada Fam\u00edlia, reconhecida n\u00e3o s\u00f3 pela sua impressionante arquitetura, mas tamb\u00e9m pelo seu simbolismo cultural, \u00e9 um elemento essencial da paisagem urbana de Barcelona; por isso, esta lata n\u00e3o \u00e9 apenas um objeto funcional, mas tamb\u00e9m uma recorda\u00e7\u00e3o representativa da rica heran\u00e7a catal\u00e3.<\/p>\n<p>Com capacidade para 500 ml, \u00e9 ideal para manter as suas bebidas frias, combinando funcionalidade com um estilo atraente. Detalhes como o contorno das torres e a fachada da igreja est\u00e3o meticulosamente representados, o que converte esta lata numa pe\u00e7a de cole\u00e7\u00e3o, perfeita para quem aprecia a fus\u00e3o de arte e vida quotidiana. Na Ol\u00e9 Mosaic, especializamo-nos na distribui\u00e7\u00e3o de recorda\u00e7\u00f5es por grosso, e esta lata da Sagrada Fam\u00edlia \u00e9 uma excelente op\u00e7\u00e3o para lojas de presentes tur\u00edsticos que procuram autenticidade e design nos seus produtos. \u00c9 uma recorda\u00e7\u00e3o ideal para quem deseja levar um peda\u00e7o de Barcelona para casa.<\/p>\n","protected":false},"excerpt":{"rendered":"<p>Lata de a\u00e7o inoxid\u00e1vel de 500 ml decorada com uma vibrante panor\u00e2mica da Sagrada Fam\u00edlia, o emblem\u00e1tico monumento barcelon\u00eas. Esta elegante lata apresenta um design art\u00edstico em mosaico que real\u00e7a as cores quentes e brilhantes, evocando a beleza da obra de Gaud\u00ed. Ideal para manter as suas bebidas frias, combina funcionalidade e estilo, tornando-se um presente perfeito para quem aprecia a arte e a cultura catal\u00e3.<\/p>\n","protected":false},"featured_media":11152,"template":"","meta":{"_acf_changed":false},"product_brand":[],"product_cat":[805],"product_tag":[],"class_list":{"0":"post-36987","1":"product","2":"type-product","3":"status-publish","4":"has-post-thumbnail","6":"product_cat-latas","7":"pa_ciudad-barcelona","8":"pa_motivo-panoramas","9":"pa_pais-espana","11":"first","12":"instock","13":"shipping-taxable","14":"product-type-simple"},"acf":[],"_links":{"self":[{"href":"https:\/\/olemosaic.orbitalia.org\/pt-pt\/wp-json\/wp\/v2\/product\/36987","targetHints":{"allow":["GET"]}}],"collection":[{"href":"https:\/\/olemosaic.orbitalia.org\/pt-pt\/wp-json\/wp\/v2\/product"}],"about":[{"href":"https:\/\/olemosaic.orbitalia.org\/pt-pt\/wp-json\/wp\/v2\/types\/product"}],"wp:featuredmedia":[{"embeddable":true,"href":"https:\/\/olemosaic.orbitalia.org\/pt-pt\/wp-json\/wp\/v2\/media\/11152"}],"wp:attachment":[{"href":"https:\/\/olemosaic.orbitalia.org\/pt-pt\/wp-json\/wp\/v2\/media?parent=36987"}],"wp:term":[{"taxonomy":"product_brand","embeddable":true,"href":"https:\/\/olemosaic.orbitalia.org\/pt-pt\/wp-json\/wp\/v2\/product_brand?post=36987"},{"taxonomy":"product_cat","embeddable":true,"href":"https:\/\/olemosaic.orbitalia.org\/pt-pt\/wp-json\/wp\/v2\/product_cat?post=36987"},{"taxonomy":"product_tag","embeddable":true,"href":"https:\/\/olemosaic.orbitalia.org\/pt-pt\/wp-json\/wp\/v2\/product_tag?post=36987"}],"curies":[{"name":"wp","href":"https:\/\/api.w.org\/{rel}","templated":true}]}}