{"id":36984,"date":"2025-02-20T22:36:32","date_gmt":"2025-02-20T22:36:32","guid":{"rendered":"https:\/\/olemosaic.orbitalia.org\/producto\/taza-de-ceramica-gato-barcelona-beige\/"},"modified":"2025-07-25T20:13:56","modified_gmt":"2025-07-25T18:13:56","slug":"caneca-de-ceramica-gato-barcelona-bege-pt-pt","status":"publish","type":"product","link":"https:\/\/olemosaic.orbitalia.org\/pt-pt\/produto\/caneca-de-ceramica-gato-barcelona-bege-pt-pt\/","title":{"rendered":"Caneca de cer\u00e2mica. Gato. Barcelona. Bege."},"content":{"rendered":"<p>A caneca de cer\u00e2mica com design colorido de gatos \u00e9 uma recorda\u00e7\u00e3o encantadora de Barcelona que capta a ess\u00eancia vibrante desta cidade mediterr\u00e2nica. Fabricada em cer\u00e2mica de alta qualidade, a caneca apresenta uma atraente cor bege, adornada com um mosaico cheio de vida. No seu exterior, destacam-se dois gatos com um acabamento cuidado em tons brilhantes, rodeados de borboletas que adicionam um toque de alegria e leveza ao design. A representa\u00e7\u00e3o dos gatos, um s\u00edmbolo da cultura local que se destaca pela sua criatividade e arte, \u00e9 ideal para os amantes dos felinos e da est\u00e9tica singular de Barcelona.<\/p>\n<p>Al\u00e9m disso, o texto &#8220;Barcelona&#8221; est\u00e1 impresso numa tipografia moderna e alegre, refor\u00e7ando a sua liga\u00e7\u00e3o com a cidade e tornando-a um presente perfeito para recordar uma visita a esta emblem\u00e1tica metr\u00f3pole. A caneca inclui tamb\u00e9m uma colher azul que complementa harmoniosamente o seu design, fazendo desta pe\u00e7a n\u00e3o s\u00f3 um objeto decorativo, mas tamb\u00e9m \u00fatil para desfrutar das suas bebidas favoritas, seja caf\u00e9, ch\u00e1 ou at\u00e9 um chocolate quente.<\/p>\n<p>Esta recorda\u00e7\u00e3o destaca-se pela sua autenticidade e relev\u00e2ncia cultural, servindo como uma bela lembran\u00e7a que encapsula o esp\u00edrito de Barcelona. Na Ol\u00e9 Mosaic, especializamo-nos na distribui\u00e7\u00e3o de recorda\u00e7\u00f5es por grosso, e esta caneca de cer\u00e2mica \u00e9 uma excelente op\u00e7\u00e3o para lojas de presentes tur\u00edsticos que procuram oferecer artigos representativos e de qualidade. Atraia os seus clientes com esta maravilhosa recorda\u00e7\u00e3o de gatos e revele a rica cultura catal\u00e3 a cada gole.<\/p>\n","protected":false},"excerpt":{"rendered":"<p>Caneca de cer\u00e2mica com um colorido design de gatos, inspirada na vibrante Barcelona. Este atraente artigo apresenta um acabamento em bege e est\u00e1 decorado com um mosaico de cores que representa dois gatos rodeados de borboletas. Al\u00e9m disso, inclui uma colher azul que complementa o design. O texto &#8220;Barcelona&#8221; est\u00e1 impresso com uma tipografia alegre, oferecendo uma encantadora recorda\u00e7\u00e3o da cidade. Perfeita para desfrutar das suas bebidas favoritas.<\/p>\n","protected":false},"featured_media":9520,"template":"","meta":{"_acf_changed":false},"product_brand":[],"product_cat":[833],"product_tag":[516,515],"class_list":{"0":"post-36984","1":"product","2":"type-product","3":"status-publish","4":"has-post-thumbnail","6":"product_cat-canecas","7":"product_tag-animais","8":"product_tag-ceramica","9":"pa_ciudad-barcelona","10":"pa_motivo-gatos","11":"pa_pais-espana","13":"first","14":"instock","15":"shipping-taxable","16":"product-type-simple"},"acf":[],"_links":{"self":[{"href":"https:\/\/olemosaic.orbitalia.org\/pt-pt\/wp-json\/wp\/v2\/product\/36984","targetHints":{"allow":["GET"]}}],"collection":[{"href":"https:\/\/olemosaic.orbitalia.org\/pt-pt\/wp-json\/wp\/v2\/product"}],"about":[{"href":"https:\/\/olemosaic.orbitalia.org\/pt-pt\/wp-json\/wp\/v2\/types\/product"}],"wp:featuredmedia":[{"embeddable":true,"href":"https:\/\/olemosaic.orbitalia.org\/pt-pt\/wp-json\/wp\/v2\/media\/9520"}],"wp:attachment":[{"href":"https:\/\/olemosaic.orbitalia.org\/pt-pt\/wp-json\/wp\/v2\/media?parent=36984"}],"wp:term":[{"taxonomy":"product_brand","embeddable":true,"href":"https:\/\/olemosaic.orbitalia.org\/pt-pt\/wp-json\/wp\/v2\/product_brand?post=36984"},{"taxonomy":"product_cat","embeddable":true,"href":"https:\/\/olemosaic.orbitalia.org\/pt-pt\/wp-json\/wp\/v2\/product_cat?post=36984"},{"taxonomy":"product_tag","embeddable":true,"href":"https:\/\/olemosaic.orbitalia.org\/pt-pt\/wp-json\/wp\/v2\/product_tag?post=36984"}],"curies":[{"name":"wp","href":"https:\/\/api.w.org\/{rel}","templated":true}]}}