{"id":36981,"date":"2025-02-20T22:36:32","date_gmt":"2025-02-20T22:36:32","guid":{"rendered":"https:\/\/olemosaic.orbitalia.org\/producto\/jarra-de-ceramica-punt-de-trobada-beige\/"},"modified":"2025-07-25T18:33:13","modified_gmt":"2025-07-25T16:33:13","slug":"jarra-de-ceramica-punt-de-trobada-bege","status":"publish","type":"product","link":"https:\/\/olemosaic.orbitalia.org\/pt-pt\/produto\/jarra-de-ceramica-punt-de-trobada-bege\/","title":{"rendered":"Jarra de cer\u00e2mica. Punt de trobada. Bege."},"content":{"rendered":"<p>A jarra de cer\u00e2mica &#8220;Punt de trobada&#8221; \u00e9 uma aut\u00eantica obra de arte que funde tradi\u00e7\u00e3o e modernidade, ideal para quem procura um souvenir representativo da cultura espanhola. Com um elegante acabamento bege, esta pe\u00e7a destaca-se pelos seus coloridos motivos abstratos que prestam homenagem \u00e0 obra de artistas como Gaud\u00ed. O seu design vibrante incorpora tons azuis, vermelhos e verdes, criando um apelo visual que sem d\u00favida captar\u00e1 a aten\u00e7\u00e3o em qualquer ambiente. A jarra, que tem uma asa verde contrastante, \u00e9 perfeita tanto para servir bebidas deliciosas como para ser usada como elemento decorativo, conferindo um ar contempor\u00e2neo e audaz \u00e0 decora\u00e7\u00e3o da casa.<\/p>\n<p>Este souvenir \u00e9 um reflexo aut\u00eantico da criatividade e da arte da cer\u00e2mica espanhola, evocando a rica heran\u00e7a cultural de regi\u00f5es como a Catalunha. A jarra &#8220;Punt de trobada&#8221; n\u00e3o s\u00f3 \u00e9 um artigo funcional, como tamb\u00e9m uma representa\u00e7\u00e3o significativa da hist\u00f3ria e do artesanato local. Al\u00e9m disso, a jarra \u00e9 uma excelente op\u00e7\u00e3o para lojas de presentes tur\u00edsticos que procuram oferecer aos seus clientes recorda\u00e7\u00f5es aut\u00eanticas e de qualidade. Na Ol\u00e9 Mosaic, como grossistas de souvenirs artesanais, garantimos a autenticidade e o valor cultural de cada produto que distribu\u00edmos, tornando esta jarra uma escolha excecional para quem deseja levar um peda\u00e7o de Espanha para casa.<\/p>\n","protected":false},"excerpt":{"rendered":"<p>Jarra de cer\u00e2mica &#8220;Punt de trobada&#8221;, decorada com coloridos motivos abstratos inspirados na obra de artistas como Gaud\u00ed. Esta pe\u00e7a de cer\u00e2mica bege apresenta um acabamento brilhante e um design art\u00edstico que mistura tons vibrantes de azul, vermelho e verde, ideal para dar um toque moderno a qualquer ambiente. Perfeita para servir bebidas ou como elemento decorativo, a sua asa verde real\u00e7a o estilo contempor\u00e2neo e a criatividade do artesanato espanhol.<\/p>\n","protected":false},"featured_media":10043,"template":"","meta":{"_acf_changed":false},"product_brand":[],"product_cat":[669],"product_tag":[515],"class_list":{"0":"post-36981","1":"product","2":"type-product","3":"status-publish","4":"has-post-thumbnail","6":"product_cat-jarras","7":"product_tag-ceramica","8":"pa_motivo-punt-de-trobada","10":"first","11":"instock","12":"shipping-taxable","13":"product-type-simple"},"acf":[],"_links":{"self":[{"href":"https:\/\/olemosaic.orbitalia.org\/pt-pt\/wp-json\/wp\/v2\/product\/36981","targetHints":{"allow":["GET"]}}],"collection":[{"href":"https:\/\/olemosaic.orbitalia.org\/pt-pt\/wp-json\/wp\/v2\/product"}],"about":[{"href":"https:\/\/olemosaic.orbitalia.org\/pt-pt\/wp-json\/wp\/v2\/types\/product"}],"wp:featuredmedia":[{"embeddable":true,"href":"https:\/\/olemosaic.orbitalia.org\/pt-pt\/wp-json\/wp\/v2\/media\/10043"}],"wp:attachment":[{"href":"https:\/\/olemosaic.orbitalia.org\/pt-pt\/wp-json\/wp\/v2\/media?parent=36981"}],"wp:term":[{"taxonomy":"product_brand","embeddable":true,"href":"https:\/\/olemosaic.orbitalia.org\/pt-pt\/wp-json\/wp\/v2\/product_brand?post=36981"},{"taxonomy":"product_cat","embeddable":true,"href":"https:\/\/olemosaic.orbitalia.org\/pt-pt\/wp-json\/wp\/v2\/product_cat?post=36981"},{"taxonomy":"product_tag","embeddable":true,"href":"https:\/\/olemosaic.orbitalia.org\/pt-pt\/wp-json\/wp\/v2\/product_tag?post=36981"}],"curies":[{"name":"wp","href":"https:\/\/api.w.org\/{rel}","templated":true}]}}