{"id":36979,"date":"2025-02-20T22:36:31","date_gmt":"2025-02-20T22:36:31","guid":{"rendered":"https:\/\/olemosaic.orbitalia.org\/producto\/funda-de-telefono-para-xiaomi-12-tpu-forjas-azul\/"},"modified":"2025-07-25T19:27:20","modified_gmt":"2025-07-25T17:27:20","slug":"capa-de-telemovel-para-xiaomi-12-tpu-forjas-azul","status":"publish","type":"product","link":"https:\/\/olemosaic.orbitalia.org\/pt-pt\/produto\/capa-de-telemovel-para-xiaomi-12-tpu-forjas-azul\/","title":{"rendered":"Capa para telem\u00f3vel para Xiaomi 12 (TPU). Forjas. Azul"},"content":{"rendered":"<p>A capa para telem\u00f3vel do Xiaomi 12 \u00e9 uma op\u00e7\u00e3o ideal para quem procura um design elegante e prote\u00e7\u00e3o de qualidade. Fabricada em TPU, combina durabilidade e flexibilidade, assegurando que o seu dispositivo esteja protegido contra quedas e pancadas. O design elaborado apresenta intrincados motivos de forja em cor branca sobre um fundo azul, capturando a ess\u00eancia das tradicionais forjas de ferro que embelezam as varandas e janelas de muitas cidades espanholas.<\/p>\n<p>Cada curva e detalhe do padr\u00e3o evoca o artesanato local, oferecendo um estilo que presta homenagem \u00e0 rica heran\u00e7a cultural de Espanha. Este design n\u00e3o s\u00f3 proporciona prote\u00e7\u00e3o, como tamb\u00e9m confere um toque art\u00edstico e distintivo, transformando o seu telem\u00f3vel numa extens\u00e3o do seu estilo pessoal. \u00c9 um souvenir perfeito para turistas que querem levar um peda\u00e7o da cultura espanhola, refletindo tanto modernidade como tradi\u00e7\u00e3o.<\/p>\n<p>Na Ol\u00e9 Mosaic, especializamo-nos na distribui\u00e7\u00e3o de souvenirs por grosso, sendo um ponto de refer\u00eancia para lojas de presentes tur\u00edsticos que procuram produtos aut\u00eanticos e de qualidade. Esta capa \u00e9 uma excelente adi\u00e7\u00e3o a qualquer cole\u00e7\u00e3o de souvenirs, destacando-se como um acess\u00f3rio funcional e representativo que certamente atrair\u00e1 a aten\u00e7\u00e3o dos clientes.<\/p>\n","protected":false},"excerpt":{"rendered":"<p>Capa para telem\u00f3vel Xiaomi 12 fabricada em TPU, decorada com intrincados motivos de forja em branco sobre um fundo azul. Este design elegante e moderno inspira-se nas tradicionais forjas de ferro que adornam varandas e janelas em cidades espanholas, conferindo um toque art\u00edstico e cultural ao seu dispositivo. Ideal para quem procura prote\u00e7\u00e3o sem renunciar ao estilo, esta capa \u00e9 tanto funcional como decorativa.<\/p>\n","protected":false},"featured_media":12662,"template":"","meta":{"_acf_changed":false},"product_brand":[],"product_cat":[685],"product_tag":[],"class_list":{"0":"post-36979","1":"product","2":"type-product","3":"status-publish","4":"has-post-thumbnail","6":"product_cat-capas-para-telemoveis","7":"pa_motivo-forjas","9":"first","10":"instock","11":"shipping-taxable","12":"product-type-simple"},"acf":[],"_links":{"self":[{"href":"https:\/\/olemosaic.orbitalia.org\/pt-pt\/wp-json\/wp\/v2\/product\/36979","targetHints":{"allow":["GET"]}}],"collection":[{"href":"https:\/\/olemosaic.orbitalia.org\/pt-pt\/wp-json\/wp\/v2\/product"}],"about":[{"href":"https:\/\/olemosaic.orbitalia.org\/pt-pt\/wp-json\/wp\/v2\/types\/product"}],"wp:featuredmedia":[{"embeddable":true,"href":"https:\/\/olemosaic.orbitalia.org\/pt-pt\/wp-json\/wp\/v2\/media\/12662"}],"wp:attachment":[{"href":"https:\/\/olemosaic.orbitalia.org\/pt-pt\/wp-json\/wp\/v2\/media?parent=36979"}],"wp:term":[{"taxonomy":"product_brand","embeddable":true,"href":"https:\/\/olemosaic.orbitalia.org\/pt-pt\/wp-json\/wp\/v2\/product_brand?post=36979"},{"taxonomy":"product_cat","embeddable":true,"href":"https:\/\/olemosaic.orbitalia.org\/pt-pt\/wp-json\/wp\/v2\/product_cat?post=36979"},{"taxonomy":"product_tag","embeddable":true,"href":"https:\/\/olemosaic.orbitalia.org\/pt-pt\/wp-json\/wp\/v2\/product_tag?post=36979"}],"curies":[{"name":"wp","href":"https:\/\/api.w.org\/{rel}","templated":true}]}}