{"id":36975,"date":"2025-02-20T22:36:31","date_gmt":"2025-02-20T22:36:31","guid":{"rendered":"https:\/\/olemosaic.orbitalia.org\/producto\/funda-de-telefono-para-samsung-a14-tpu-panoramica-barcelona-azul-2\/"},"modified":"2025-07-25T20:31:42","modified_gmt":"2025-07-25T18:31:42","slug":"capa-de-telemovel-para-samsung-a14-tpu-panoramica-barcelona-azul-2","status":"publish","type":"product","link":"https:\/\/olemosaic.orbitalia.org\/pt-pt\/produto\/capa-de-telemovel-para-samsung-a14-tpu-panoramica-barcelona-azul-2\/","title":{"rendered":"Capa de telem\u00f3vel para Samsung A14 (TPU). Panor\u00e2mica. Barcelona. Azul"},"content":{"rendered":"<p>A capa para o Samsung A14 da Ol\u00e9 Mosaic \u00e9 um produto imprescind\u00edvel para quem procura combinar estilo e prote\u00e7\u00e3o, com um design que presta homenagem \u00e0 vibrante cidade de Barcelona. Este modelo \u00e9 fabricado em TPU, um material conhecido pela sua durabilidade e flexibilidade, o que assegura que o seu dispositivo esteja protegido contra impactos e quedas. A capa apresenta uma espl\u00eandida panor\u00e2mica de Barcelona, onde os tons azuis e multicoloridos deleitam a vista, evocando a ess\u00eancia art\u00edstica e cultural da cidade.<\/p>\n<p>No design apreciam-se elementos ic\u00f3nicos como a majestosa Sagrada Fam\u00edlia e outras obras arquitet\u00f3nicas caracter\u00edsticas que tornam Barcelona um destino \u00fanico no mundo. A base azul, decorada com motivos de mosaico, n\u00e3o s\u00f3 real\u00e7a o car\u00e1ter aut\u00eantico das recorda\u00e7\u00f5es barcelonesas, como tamb\u00e9m presta homenagem ao legado do artista Antoni Gaud\u00ed, cujas obras transbordam cor e criatividade. Este acess\u00f3rio n\u00e3o s\u00f3 \u00e9 ideal para proteger o seu telem\u00f3vel, como tamb\u00e9m atua como um lembrete visual da rica cultura catal\u00e3, sendo uma excelente op\u00e7\u00e3o para turistas que desejam levar consigo um peda\u00e7o desta cidade fascinante.<\/p>\n<p>A Ol\u00e9 Mosaic oferece-lhe esta capa como uma aut\u00eantica representa\u00e7\u00e3o da arte e da vida em Barcelona, perfeita para a sua loja de presentes tur\u00edsticos. Como distribuidores de capas por grosso, garantimos que cada pe\u00e7a \u00e9 um testemunho de qualidade e tradi\u00e7\u00e3o, ideal para aqueles que apreciam a originalidade nas suas recorda\u00e7\u00f5es.<\/p>\n","protected":false},"excerpt":{"rendered":"<p>Capa para Samsung A14 de TPU, decorada com uma vibrante panor\u00e2mica de Barcelona em tons azuis e multicoloridos. Este design art\u00edstico inclui elementos ic\u00f3nicos como a Sagrada Fam\u00edlia e caracter\u00edsticas arquitet\u00f3nicas t\u00edpicas da cidade, tudo isto com um estilo fresco e moderno. A base azul combina com motivos de mosaicos, real\u00e7ando a ess\u00eancia da cultura catal\u00e3. Ideal para proteger o seu telem\u00f3vel com um toque de estilo e originalidade.<\/p>\n","protected":false},"featured_media":12544,"template":"","meta":{"_acf_changed":false},"product_brand":[],"product_cat":[685],"product_tag":[],"class_list":{"0":"post-36975","1":"product","2":"type-product","3":"status-publish","4":"has-post-thumbnail","6":"product_cat-capas-para-telemoveis","7":"pa_ciudad-barcelona","8":"pa_motivo-panoramas","9":"pa_pais-espana","11":"first","12":"instock","13":"shipping-taxable","14":"product-type-simple"},"acf":[],"_links":{"self":[{"href":"https:\/\/olemosaic.orbitalia.org\/pt-pt\/wp-json\/wp\/v2\/product\/36975","targetHints":{"allow":["GET"]}}],"collection":[{"href":"https:\/\/olemosaic.orbitalia.org\/pt-pt\/wp-json\/wp\/v2\/product"}],"about":[{"href":"https:\/\/olemosaic.orbitalia.org\/pt-pt\/wp-json\/wp\/v2\/types\/product"}],"wp:featuredmedia":[{"embeddable":true,"href":"https:\/\/olemosaic.orbitalia.org\/pt-pt\/wp-json\/wp\/v2\/media\/12544"}],"wp:attachment":[{"href":"https:\/\/olemosaic.orbitalia.org\/pt-pt\/wp-json\/wp\/v2\/media?parent=36975"}],"wp:term":[{"taxonomy":"product_brand","embeddable":true,"href":"https:\/\/olemosaic.orbitalia.org\/pt-pt\/wp-json\/wp\/v2\/product_brand?post=36975"},{"taxonomy":"product_cat","embeddable":true,"href":"https:\/\/olemosaic.orbitalia.org\/pt-pt\/wp-json\/wp\/v2\/product_cat?post=36975"},{"taxonomy":"product_tag","embeddable":true,"href":"https:\/\/olemosaic.orbitalia.org\/pt-pt\/wp-json\/wp\/v2\/product_tag?post=36975"}],"curies":[{"name":"wp","href":"https:\/\/api.w.org\/{rel}","templated":true}]}}