{"id":36965,"date":"2025-02-20T22:36:29","date_gmt":"2025-02-20T22:36:29","guid":{"rendered":"https:\/\/olemosaic.orbitalia.org\/producto\/funda-de-telefono-para-iphone-12-pro-tpu-salamandra-negro\/"},"modified":"2025-07-25T20:34:33","modified_gmt":"2025-07-25T18:34:33","slug":"capa-de-telemovel-para-iphone-12-pro-tpu-salamandra-preto","status":"publish","type":"product","link":"https:\/\/olemosaic.orbitalia.org\/pt-pt\/produto\/capa-de-telemovel-para-iphone-12-pro-tpu-salamandra-preto\/","title":{"rendered":"Capa de telem\u00f3vel para iPhone 12 Pro (TPU). Salamandra. Preto"},"content":{"rendered":"<p>A capa para iPhone 12 Pro \u00e9 uma op\u00e7\u00e3o magn\u00edfica que combina estilo e prote\u00e7\u00e3o, destacando um vibrante design de salamandras que capta a aten\u00e7\u00e3o instantaneamente. Fabricada em TPU, este acess\u00f3rio n\u00e3o s\u00f3 oferece uma excelente resist\u00eancia, como tamb\u00e9m real\u00e7a a beleza do folclore espanhol atrav\u00e9s da sua arte colorida e detalhada. A base preta da capa contrasta na perfei\u00e7\u00e3o com as salamandras em tons brilhantes de vermelho, verde e azul, rodeadas de delicadas flores em cores vivas que conferem uma est\u00e9tica alegre e divertida.<\/p>\n<p>Cada salamandra \u00e9 cuidadosamente ilustrada, mostrando um design que evoca a rica biodiversidade e as tradi\u00e7\u00f5es culturais presentes em diversas regi\u00f5es de Espanha. Esta fauna \u00e9 emblem\u00e1tica na arte popular, simbolizando a transforma\u00e7\u00e3o e a renova\u00e7\u00e3o, o que a torna uma recorda\u00e7\u00e3o significativa e aut\u00eantica. A capa \u00e9 ideal para quem procura um souvenir de qualidade, pois n\u00e3o s\u00f3 protege o dispositivo, como tamb\u00e9m oferece uma forma de levar um peda\u00e7o da cultura espanhola para qualquer lugar.<\/p>\n<p>A Ol\u00e9 Mosaic especializa-se na distribui\u00e7\u00e3o de souvenirs por grosso, oferecendo produtos \u00fanicos que refletem a ess\u00eancia de Espanha. Este produto \u00e9 uma excelente escolha para lojas de presentes tur\u00edsticos que procuram oferecer artigos que marquem a diferen\u00e7a na sua oferta. Em suma, esta capa de salamandras \u00e9 um souvenir perfeito para aqueles que desejam levar consigo uma recorda\u00e7\u00e3o art\u00edstica e cultural.<\/p>\n","protected":false},"excerpt":{"rendered":"<p>Capa para iPhone 12 Pro fabricada em TPU, com um design colorido de salamandras. Esta capa preta apresenta salamandras de cores vibrantes, acompanhadas de flores decorativas em tons azuis e vermelhos, que evocam a beleza do folclore espanhol. A ilustra\u00e7\u00e3o destaca-se pelo seu cuidado detalhe, acrescentando um toque art\u00edstico e divertido. Com um acabamento resistente, protege o seu dispositivo ao mesmo tempo que confere um estilo \u00fanico e original.<\/p>\n","protected":false},"featured_media":13000,"template":"","meta":{"_acf_changed":false},"product_brand":[],"product_cat":[685],"product_tag":[516],"class_list":{"0":"post-36965","1":"product","2":"type-product","3":"status-publish","4":"has-post-thumbnail","6":"product_cat-capas-para-telemoveis","7":"product_tag-animais","8":"pa_motivo-salamandras","10":"first","11":"instock","12":"shipping-taxable","13":"product-type-simple"},"acf":[],"_links":{"self":[{"href":"https:\/\/olemosaic.orbitalia.org\/pt-pt\/wp-json\/wp\/v2\/product\/36965","targetHints":{"allow":["GET"]}}],"collection":[{"href":"https:\/\/olemosaic.orbitalia.org\/pt-pt\/wp-json\/wp\/v2\/product"}],"about":[{"href":"https:\/\/olemosaic.orbitalia.org\/pt-pt\/wp-json\/wp\/v2\/types\/product"}],"wp:featuredmedia":[{"embeddable":true,"href":"https:\/\/olemosaic.orbitalia.org\/pt-pt\/wp-json\/wp\/v2\/media\/13000"}],"wp:attachment":[{"href":"https:\/\/olemosaic.orbitalia.org\/pt-pt\/wp-json\/wp\/v2\/media?parent=36965"}],"wp:term":[{"taxonomy":"product_brand","embeddable":true,"href":"https:\/\/olemosaic.orbitalia.org\/pt-pt\/wp-json\/wp\/v2\/product_brand?post=36965"},{"taxonomy":"product_cat","embeddable":true,"href":"https:\/\/olemosaic.orbitalia.org\/pt-pt\/wp-json\/wp\/v2\/product_cat?post=36965"},{"taxonomy":"product_tag","embeddable":true,"href":"https:\/\/olemosaic.orbitalia.org\/pt-pt\/wp-json\/wp\/v2\/product_tag?post=36965"}],"curies":[{"name":"wp","href":"https:\/\/api.w.org\/{rel}","templated":true}]}}