{"id":36961,"date":"2025-02-20T22:36:29","date_gmt":"2025-02-20T22:36:29","guid":{"rendered":"https:\/\/olemosaic.orbitalia.org\/producto\/funda-de-telefono-para-iphone-11-tpu-salamandra-mallorca-blanco\/"},"modified":"2025-07-25T19:49:58","modified_gmt":"2025-07-25T17:49:58","slug":"capa-de-telemovel-para-iphone-11-tpu-salamandra-maiorca-branco","status":"publish","type":"product","link":"https:\/\/olemosaic.orbitalia.org\/pt-pt\/produto\/capa-de-telemovel-para-iphone-11-tpu-salamandra-maiorca-branco\/","title":{"rendered":"Capa de telem\u00f3vel para iPhone 11 (TPU). Salamandra. Maiorca. Branco"},"content":{"rendered":"<p>A capa para iPhone 11 \u00e9 um acess\u00f3rio imprescind\u00edvel que une estilo e prote\u00e7\u00e3o. Decorada com uma vibrante ilustra\u00e7\u00e3o de salamandras e flores, presta homenagem \u00e0 rica cultura de Maiorca. Fabricada em TPU de alta resist\u00eancia, esta capa n\u00e3o s\u00f3 protege eficazmente contra choques e quedas, como tamb\u00e9m apresenta um design cativante que real\u00e7a o seu car\u00e1cter art\u00edstico. O fundo branco \u00e9 complementado por um subtil efeito mosaico, uma refer\u00eancia visual \u00e0s tradi\u00e7\u00f5es da arte mediterr\u00e2nica, enquanto as coloridas salamandras em azul, vermelho e verde d\u00e3o vida \u00e0 pe\u00e7a com a sua energia. O nome &#8220;Maiorca&#8221; aparece num estilo moderno e apelativo, conferindo um toque di\u00e1rio de eleg\u00e2ncia.<\/p>\n<p>Este souvenir \u00e9 uma representa\u00e7\u00e3o aut\u00eantica da identidade maiorquina, o que o torna um excelente detalhe para turistas que procuram levar uma recorda\u00e7\u00e3o desta bela ilha. A salamandra, s\u00edmbolo de transforma\u00e7\u00e3o e resili\u00eancia, refor\u00e7a a liga\u00e7\u00e3o cultural deste produto com a regi\u00e3o. Na Ol\u00e9 Mosaic especializamo-nos em oferecer souvenirs aut\u00eanticos e exclusivos, e esta capa n\u00e3o \u00e9 apenas funcional, mas tamb\u00e9m permite aos utilizadores exibir um fragmento da arte e da natureza de Maiorca no seu dia a dia. \u00c9 ideal para lojas de presentes tur\u00edsticos, pois garante qualidade e relev\u00e2ncia cultural.<\/p>\n","protected":false},"excerpt":{"rendered":"<p>Capa para iPhone 11 fabricada em TPU, decorada com uma vibrante ilustra\u00e7\u00e3o de salamandras e flores, inspirada na cultura de Maiorca. Este design apresenta um fundo branco com um subtil efeito mosaico que real\u00e7a as coloridas figuras em azul, vermelho e verde. O nome \u201cMaiorca\u201d aparece num estilo moderno e apelativo, tornando esta capa uma op\u00e7\u00e3o atraente e \u00fanica para proteger o seu dispositivo, ao mesmo tempo que adiciona um toque de arte mediterr\u00e2nica ao seu dia a dia.<\/p>\n","protected":false},"featured_media":13375,"template":"","meta":{"_acf_changed":false},"product_brand":[],"product_cat":[685],"product_tag":[516],"class_list":{"0":"post-36961","1":"product","2":"type-product","3":"status-publish","4":"has-post-thumbnail","6":"product_cat-capas-para-telemoveis","7":"product_tag-animais","8":"pa_ciudad-mallorca","9":"pa_motivo-salamandras","10":"pa_pais-espana","12":"first","13":"instock","14":"shipping-taxable","15":"product-type-simple"},"acf":[],"_links":{"self":[{"href":"https:\/\/olemosaic.orbitalia.org\/pt-pt\/wp-json\/wp\/v2\/product\/36961","targetHints":{"allow":["GET"]}}],"collection":[{"href":"https:\/\/olemosaic.orbitalia.org\/pt-pt\/wp-json\/wp\/v2\/product"}],"about":[{"href":"https:\/\/olemosaic.orbitalia.org\/pt-pt\/wp-json\/wp\/v2\/types\/product"}],"wp:featuredmedia":[{"embeddable":true,"href":"https:\/\/olemosaic.orbitalia.org\/pt-pt\/wp-json\/wp\/v2\/media\/13375"}],"wp:attachment":[{"href":"https:\/\/olemosaic.orbitalia.org\/pt-pt\/wp-json\/wp\/v2\/media?parent=36961"}],"wp:term":[{"taxonomy":"product_brand","embeddable":true,"href":"https:\/\/olemosaic.orbitalia.org\/pt-pt\/wp-json\/wp\/v2\/product_brand?post=36961"},{"taxonomy":"product_cat","embeddable":true,"href":"https:\/\/olemosaic.orbitalia.org\/pt-pt\/wp-json\/wp\/v2\/product_cat?post=36961"},{"taxonomy":"product_tag","embeddable":true,"href":"https:\/\/olemosaic.orbitalia.org\/pt-pt\/wp-json\/wp\/v2\/product_tag?post=36961"}],"curies":[{"name":"wp","href":"https:\/\/api.w.org\/{rel}","templated":true}]}}