{"id":36959,"date":"2025-02-20T23:36:28","date_gmt":"2025-02-20T22:36:28","guid":{"rendered":"https:\/\/olemosaic.orbitalia.org\/producto\/botella-inox-500-ml-abstracto\/"},"modified":"2025-07-25T18:54:06","modified_gmt":"2025-07-25T16:54:06","slug":"garrafa-inox-500-ml-abstrato","status":"publish","type":"product","link":"https:\/\/olemosaic.orbitalia.org\/pt-pt\/produto\/garrafa-inox-500-ml-abstrato\/","title":{"rendered":"Garrafa inox. 500 ml. Abstrato."},"content":{"rendered":"<p>A garrafa de a\u00e7o inoxid\u00e1vel de 500 ml \u00e9 uma op\u00e7\u00e3o moderna e funcional que reflete o esp\u00edrito vibrante da cultura contempor\u00e2nea. Com um design abstrato que funde uma explos\u00e3o de cores em suaves tonalidades de vermelho, amarelo, verde, azul e roxo, esta garrafa capta a aten\u00e7\u00e3o e acrescenta um toque de alegria a qualquer aventura. O padr\u00e3o geom\u00e9trico de tri\u00e2ngulos que adorna a sua superf\u00edcie, al\u00e9m de ser est\u00e9tico e \u00fanico, evoca as formas e cores das paisagens mediterr\u00e2nicas, ligando o produto \u00e0 frescura e vitalidade da regi\u00e3o. A sua tampa de a\u00e7o garante uma estanqueidade eficaz, ideal para manter as suas bebidas frias ou quentes, seja na praia, num passeio pela cidade ou no escrit\u00f3rio.<\/p>\n<p>Este pr\u00e1tico souvenir \u00e9 perfeito para os turistas que procuram uma recorda\u00e7\u00e3o da sua viagem, fundindo funcionalidade e arte num s\u00f3 objeto. Na Ol\u00e9 Mosaic, como grossistas de garrafas de a\u00e7o inoxid\u00e1vel, oferecemos produtos representativos e aut\u00eanticos, ideais para lojas de presentes tur\u00edsticos que querem atrair um p\u00fablico diverso e moderno. N\u00e3o \u00e9 apenas um acess\u00f3rio \u00fatil, mas tamb\u00e9m uma declara\u00e7\u00e3o de estilo que celebra a ess\u00eancia da vida ativa e o patrim\u00f3nio cultural espanhol.<\/p>\n","protected":false},"excerpt":{"rendered":"<p>Garrafa de a\u00e7o inoxid\u00e1vel de 500 ml com um design abstrato que se destaca pelas suas cores vibrantes em suaves tons vermelhos, amarelos, verdes, azuis e roxos. A garrafa apresenta uma textura geom\u00e9trica com um padr\u00e3o de tri\u00e2ngulos, o que lhe confere um acabamento moderno e estilizado. A sua tampa de a\u00e7o garante uma boa estanqueidade, ideal para manter as bebidas frias ou quentes, perfeita para levar em qualquer aventura.<\/p>\n","protected":false},"featured_media":13013,"template":"","meta":{"_acf_changed":false},"product_brand":[],"product_cat":[786],"product_tag":[],"class_list":{"0":"post-36959","1":"product","2":"type-product","3":"status-publish","4":"has-post-thumbnail","6":"product_cat-garrafas-inox","7":"pa_motivo-resumo","9":"first","10":"instock","11":"shipping-taxable","12":"product-type-simple"},"acf":[],"_links":{"self":[{"href":"https:\/\/olemosaic.orbitalia.org\/pt-pt\/wp-json\/wp\/v2\/product\/36959","targetHints":{"allow":["GET"]}}],"collection":[{"href":"https:\/\/olemosaic.orbitalia.org\/pt-pt\/wp-json\/wp\/v2\/product"}],"about":[{"href":"https:\/\/olemosaic.orbitalia.org\/pt-pt\/wp-json\/wp\/v2\/types\/product"}],"wp:featuredmedia":[{"embeddable":true,"href":"https:\/\/olemosaic.orbitalia.org\/pt-pt\/wp-json\/wp\/v2\/media\/13013"}],"wp:attachment":[{"href":"https:\/\/olemosaic.orbitalia.org\/pt-pt\/wp-json\/wp\/v2\/media?parent=36959"}],"wp:term":[{"taxonomy":"product_brand","embeddable":true,"href":"https:\/\/olemosaic.orbitalia.org\/pt-pt\/wp-json\/wp\/v2\/product_brand?post=36959"},{"taxonomy":"product_cat","embeddable":true,"href":"https:\/\/olemosaic.orbitalia.org\/pt-pt\/wp-json\/wp\/v2\/product_cat?post=36959"},{"taxonomy":"product_tag","embeddable":true,"href":"https:\/\/olemosaic.orbitalia.org\/pt-pt\/wp-json\/wp\/v2\/product_tag?post=36959"}],"curies":[{"name":"wp","href":"https:\/\/api.w.org\/{rel}","templated":true}]}}