{"id":36958,"date":"2025-02-20T23:36:28","date_gmt":"2025-02-20T22:36:28","guid":{"rendered":"https:\/\/olemosaic.orbitalia.org\/producto\/botella-inox-500-ml-toro-2\/"},"modified":"2025-07-25T19:06:53","modified_gmt":"2025-07-25T17:06:53","slug":"garrafa-inox-500-ml-touro-2","status":"publish","type":"product","link":"https:\/\/olemosaic.orbitalia.org\/pt-pt\/produto\/garrafa-inox-500-ml-touro-2\/","title":{"rendered":"Garrafa inox. 500 ml. Touro. Motivos florais."},"content":{"rendered":"<p>A garrafa de a\u00e7o inoxid\u00e1vel de 500 ml \u00e9 uma aut\u00eantica obra de arte que presta homenagem \u00e0 vibrante cultura espanhola. O seu design destaca-se por um impressionante touro decorado com um mosaico de cores brilhantes, s\u00edmbolo da paix\u00e3o e do folclore de Espanha. Este imponente touro, rodeado de exuberantes flores vermelhas e um sol radiante, n\u00e3o s\u00f3 capta a ess\u00eancia das tradi\u00e7\u00f5es espanholas, como tamb\u00e9m confere alegria e calor a cada bebida que cont\u00e9m. A estrutura de a\u00e7o inoxid\u00e1vel assegura que as bebidas mantenham a temperatura desejada, unindo funcionalidade e apelo est\u00e9tico numa s\u00f3 pe\u00e7a. O fundo apresenta um design de mosaico que acrescenta uma textura visual \u00fanica, enquanto o acabamento brilhante da garrafa complementa a ilustra\u00e7\u00e3o, tornando-a no souvenir perfeito, tanto para quem visita Espanha como para aqueles que desejam levar um pedacinho da sua cultura. Na Ol\u00e9 Mosaic, orgulhamo-nos de oferecer produtos aut\u00eanticos que refletem o patrim\u00f3nio cultural espanhol, ideais como recorda\u00e7\u00f5es para turistas que procuram experi\u00eancias significativas. Esta garrafa \u00e9, sem d\u00favida, uma excelente op\u00e7\u00e3o para lojas de presentes tur\u00edsticos que desejem oferecer artigos de qualidade que celebrem a rica heran\u00e7a de Espanha.<\/p>\n","protected":false},"excerpt":{"rendered":"<p>Garrafa de a\u00e7o inoxid\u00e1vel de 500 ml decorada com um design vibrante inspirado na cultura espanhola. Apresenta um touro em mosaico de cores brilhantes, s\u00edmbolo do folclore espanhol. No fundo, elementos como flores vermelhas e um sol radiante conferem alegria e calor ao design. A garrafa \u00e9 ideal para manter as bebidas \u00e0 temperatura desejada, combinando funcionalidade com um apelo visual \u00fanico.<\/p>\n","protected":false},"featured_media":13008,"template":"","meta":{"_acf_changed":false},"product_brand":[],"product_cat":[786],"product_tag":[516],"class_list":{"0":"post-36958","1":"product","2":"type-product","3":"status-publish","4":"has-post-thumbnail","6":"product_cat-garrafas-inox","7":"product_tag-animais","8":"pa_motivo-touros","10":"first","11":"instock","12":"shipping-taxable","13":"product-type-simple"},"acf":[],"_links":{"self":[{"href":"https:\/\/olemosaic.orbitalia.org\/pt-pt\/wp-json\/wp\/v2\/product\/36958","targetHints":{"allow":["GET"]}}],"collection":[{"href":"https:\/\/olemosaic.orbitalia.org\/pt-pt\/wp-json\/wp\/v2\/product"}],"about":[{"href":"https:\/\/olemosaic.orbitalia.org\/pt-pt\/wp-json\/wp\/v2\/types\/product"}],"wp:featuredmedia":[{"embeddable":true,"href":"https:\/\/olemosaic.orbitalia.org\/pt-pt\/wp-json\/wp\/v2\/media\/13008"}],"wp:attachment":[{"href":"https:\/\/olemosaic.orbitalia.org\/pt-pt\/wp-json\/wp\/v2\/media?parent=36958"}],"wp:term":[{"taxonomy":"product_brand","embeddable":true,"href":"https:\/\/olemosaic.orbitalia.org\/pt-pt\/wp-json\/wp\/v2\/product_brand?post=36958"},{"taxonomy":"product_cat","embeddable":true,"href":"https:\/\/olemosaic.orbitalia.org\/pt-pt\/wp-json\/wp\/v2\/product_cat?post=36958"},{"taxonomy":"product_tag","embeddable":true,"href":"https:\/\/olemosaic.orbitalia.org\/pt-pt\/wp-json\/wp\/v2\/product_tag?post=36958"}],"curies":[{"name":"wp","href":"https:\/\/api.w.org\/{rel}","templated":true}]}}