{"id":36957,"date":"2025-02-20T23:36:28","date_gmt":"2025-02-20T22:36:28","guid":{"rendered":"https:\/\/olemosaic.orbitalia.org\/producto\/botella-inox-500-ml-flamenco\/"},"modified":"2025-07-25T18:36:13","modified_gmt":"2025-07-25T16:36:13","slug":"garrafa-inox-500-ml-flamingo","status":"publish","type":"product","link":"https:\/\/olemosaic.orbitalia.org\/pt-pt\/produto\/garrafa-inox-500-ml-flamingo\/","title":{"rendered":"Garrafa inox. 500 ml. Flamingo."},"content":{"rendered":"<p>A garrafa de a\u00e7o inoxid\u00e1vel de 500 ml decorada com flamingos \u00e9 uma pe\u00e7a que capta a ess\u00eancia vibrante da cultura espanhola. Com um design exclusivo que simula um mosaico, a sua superf\u00edcie branca esmaltada apresenta dois flamingos entrela\u00e7ando os seus pesco\u00e7os num gesto rom\u00e2ntico, adornados em tons vermelhos que acrescentam um toque de alegria e cor. Este design n\u00e3o s\u00f3 representa a beleza da fauna ib\u00e9rica, como tamb\u00e9m evoca o calor e a hospitalidade das regi\u00f5es mediterr\u00e2nicas, onde estas elegantes aves costumam ser um s\u00edmbolo de amor e liga\u00e7\u00e3o com a natureza.<\/p>\n<p>Pr\u00e1tica e estilizada, esta garrafa foi concebida para manter as suas bebidas frias, sendo ideal para o dia a dia, piqueniques ou atividades ao ar livre. A tampa de a\u00e7o garante um fecho herm\u00e9tico, enquanto a asa vermelha facilita o seu transporte. Este souvenir \u00e9 perfeito para quem procura recordar a sua viagem a Espanha, pois combina funcionalidade e um design cativante.<\/p>\n<p>Na Ol\u00e9 Mosaic, compreendemos a import\u00e2ncia de oferecer produtos aut\u00eanticos e representativos da cultura espanhola. Esta garrafa de flamingos n\u00e3o \u00e9 apenas uma recorda\u00e7\u00e3o, mas tamb\u00e9m um elemento \u00fanico de conversa que reflete o estilo de vida radiante do pa\u00eds. Como grossistas de souvenirs, fornecemos artigos que acrescentam valor e autenticidade a qualquer loja de presentes tur\u00edsticos. Ideal para clientes que procuram souvenirs de qualidade, esta garrafa torna-se um artigo imprescind\u00edvel para viajantes e amantes da cultura espanhola.<\/p>\n","protected":false},"excerpt":{"rendered":"<p>Garrafa de a\u00e7o inoxid\u00e1vel de 500 ml, decorada com um design elegante de flamingos, que capta a ess\u00eancia vibrante da cultura espanhola. Este modelo destaca-se pela sua superf\u00edcie branca esmaltada que simula um mosaico, com flamingos em tons vermelhos entrela\u00e7ando os seus pesco\u00e7os, um toque rom\u00e2ntico. Ideal para manter as suas bebidas frias, a sua tampa e asa vermelhas de a\u00e7o tornam-na pr\u00e1tica e estilizada, perfeita para o dia a dia ou atividades ao ar livre.<\/p>\n","protected":false},"featured_media":9788,"template":"","meta":{"_acf_changed":false},"product_brand":[],"product_cat":[786],"product_tag":[516],"class_list":{"0":"post-36957","1":"product","2":"type-product","3":"status-publish","4":"has-post-thumbnail","6":"product_cat-garrafas-inox","7":"product_tag-animais","8":"pa_motivo-flamingos","10":"first","11":"instock","12":"shipping-taxable","13":"product-type-simple"},"acf":[],"_links":{"self":[{"href":"https:\/\/olemosaic.orbitalia.org\/pt-pt\/wp-json\/wp\/v2\/product\/36957","targetHints":{"allow":["GET"]}}],"collection":[{"href":"https:\/\/olemosaic.orbitalia.org\/pt-pt\/wp-json\/wp\/v2\/product"}],"about":[{"href":"https:\/\/olemosaic.orbitalia.org\/pt-pt\/wp-json\/wp\/v2\/types\/product"}],"wp:featuredmedia":[{"embeddable":true,"href":"https:\/\/olemosaic.orbitalia.org\/pt-pt\/wp-json\/wp\/v2\/media\/9788"}],"wp:attachment":[{"href":"https:\/\/olemosaic.orbitalia.org\/pt-pt\/wp-json\/wp\/v2\/media?parent=36957"}],"wp:term":[{"taxonomy":"product_brand","embeddable":true,"href":"https:\/\/olemosaic.orbitalia.org\/pt-pt\/wp-json\/wp\/v2\/product_brand?post=36957"},{"taxonomy":"product_cat","embeddable":true,"href":"https:\/\/olemosaic.orbitalia.org\/pt-pt\/wp-json\/wp\/v2\/product_cat?post=36957"},{"taxonomy":"product_tag","embeddable":true,"href":"https:\/\/olemosaic.orbitalia.org\/pt-pt\/wp-json\/wp\/v2\/product_tag?post=36957"}],"curies":[{"name":"wp","href":"https:\/\/api.w.org\/{rel}","templated":true}]}}