{"id":36955,"date":"2025-02-20T23:36:27","date_gmt":"2025-02-20T22:36:27","guid":{"rendered":"https:\/\/olemosaic.orbitalia.org\/producto\/bola-de-navidad-con-caja-panoramica-madrid-4\/"},"modified":"2025-07-25T18:34:51","modified_gmt":"2025-07-25T16:34:51","slug":"bola-de-natal-com-caixa-panoramica-madrid-4","status":"publish","type":"product","link":"https:\/\/olemosaic.orbitalia.org\/pt-pt\/produto\/bola-de-natal-com-caixa-panoramica-madrid-4\/","title":{"rendered":"Bola de Natal com caixa. Panor\u00e2mica. Mosaico. Madrid."},"content":{"rendered":"<p>A bola de Natal decorativa com design panor\u00e2mico de Madrid \u00e9 um adorno requintado que captura a ess\u00eancia festiva da capital espanhola. Esta preciosa bola, elaborada em cer\u00e2mica, apresenta uma vibrante ilustra\u00e7\u00e3o que destaca a ic\u00f3nica Puerta de Alcal\u00e1, rodeada de coloridos mosaicos que refletem a diversidade e o esp\u00edrito da cidade. Os tons de vermelho, amarelo e azul combinam-se de forma harmoniosa, criando um efeito visual que real\u00e7a a sua eleg\u00e2ncia e calor. O la\u00e7o roxo que a acompanha n\u00e3o s\u00f3 adiciona um toque de sofistica\u00e7\u00e3o, como tamb\u00e9m facilita a sua coloca\u00e7\u00e3o na \u00e1rvore de Natal, tornando-a um elemento central em qualquer decora\u00e7\u00e3o festiva.<\/p>\n<p>Esta recorda\u00e7\u00e3o natal\u00edcia n\u00e3o \u00e9 apenas uma pe\u00e7a decorativa, mas um s\u00edmbolo da rica cultura madrilena, ideal para quem deseja levar um pedacinho de Madrid para as suas casas. A bola de Natal encapsula a alegria e a tradi\u00e7\u00e3o das celebra\u00e7\u00f5es na cidade, e \u00e9 uma excelente op\u00e7\u00e3o tanto para turistas como para locais que procuram recordar momentos especiais. Na Ol\u00e9 Mosaic, como grossistas especializados em recorda\u00e7\u00f5es, oferecemos produtos aut\u00eanticos que refletem a ess\u00eancia das regi\u00f5es de Espanha. Esta bola de Natal \u00e9 uma magn\u00edfica escolha para lojas de presentes tur\u00edsticos, assegurando que cada cliente encontre uma recorda\u00e7\u00e3o \u00fanica e significativa da sua passagem por Madrid.<\/p>\n","protected":false},"excerpt":{"rendered":"<p>Bola de Natal decorativa com design panor\u00e2mico de Madrid, apresentada numa elegante caixa. Este adorno de cer\u00e2mica est\u00e1 ilustrado com uma colorida mistura de mosaicos que destacam a ic\u00f3nica Puerta de Alcal\u00e1 e outros elementos representativos da cidade. O uso de cores vibrantes como o vermelho, o amarelo e o azul adiciona um toque festivo, enquanto o la\u00e7o roxo facilita a sua coloca\u00e7\u00e3o na \u00e1rvore. Ideal para celebrar o Natal com um toque madrileno.<\/p>\n","protected":false},"featured_media":9852,"template":"","meta":{"_acf_changed":false},"product_brand":[],"product_cat":[652],"product_tag":[642],"class_list":{"0":"post-36955","1":"product","2":"type-product","3":"status-publish","4":"has-post-thumbnail","6":"product_cat-bolas-de-natal","7":"product_tag-natal","8":"pa_ciudad-madrid","9":"pa_motivo-panoramas","10":"pa_pais-espana","12":"first","13":"instock","14":"shipping-taxable","15":"product-type-simple"},"acf":[],"_links":{"self":[{"href":"https:\/\/olemosaic.orbitalia.org\/pt-pt\/wp-json\/wp\/v2\/product\/36955","targetHints":{"allow":["GET"]}}],"collection":[{"href":"https:\/\/olemosaic.orbitalia.org\/pt-pt\/wp-json\/wp\/v2\/product"}],"about":[{"href":"https:\/\/olemosaic.orbitalia.org\/pt-pt\/wp-json\/wp\/v2\/types\/product"}],"wp:featuredmedia":[{"embeddable":true,"href":"https:\/\/olemosaic.orbitalia.org\/pt-pt\/wp-json\/wp\/v2\/media\/9852"}],"wp:attachment":[{"href":"https:\/\/olemosaic.orbitalia.org\/pt-pt\/wp-json\/wp\/v2\/media?parent=36955"}],"wp:term":[{"taxonomy":"product_brand","embeddable":true,"href":"https:\/\/olemosaic.orbitalia.org\/pt-pt\/wp-json\/wp\/v2\/product_brand?post=36955"},{"taxonomy":"product_cat","embeddable":true,"href":"https:\/\/olemosaic.orbitalia.org\/pt-pt\/wp-json\/wp\/v2\/product_cat?post=36955"},{"taxonomy":"product_tag","embeddable":true,"href":"https:\/\/olemosaic.orbitalia.org\/pt-pt\/wp-json\/wp\/v2\/product_tag?post=36955"}],"curies":[{"name":"wp","href":"https:\/\/api.w.org\/{rel}","templated":true}]}}