{"id":36953,"date":"2025-02-20T22:36:27","date_gmt":"2025-02-20T22:36:27","guid":{"rendered":"https:\/\/olemosaic.orbitalia.org\/producto\/funda-de-telefono-para-iphone-12-pro-tpu-salamandra-barcelona-negro\/"},"modified":"2025-07-25T18:57:30","modified_gmt":"2025-07-25T16:57:30","slug":"capa-de-telemovel-para-iphone-12-pro-tpu-salamandra-barcelona-preto","status":"publish","type":"product","link":"https:\/\/olemosaic.orbitalia.org\/pt-pt\/produto\/capa-de-telemovel-para-iphone-12-pro-tpu-salamandra-barcelona-preto\/","title":{"rendered":"Capa de telem\u00f3vel para iPhone 12 Pro (TPU). Salamandra. Barcelona. Preto"},"content":{"rendered":"<p>A capa para iPhone 12 Pro \u00e9 um acess\u00f3rio imprescind\u00edvel que funde estilo e prote\u00e7\u00e3o, inspirado na vibrante cultura de Barcelona. Fabricada em material TPU de alta qualidade, esta capa destaca-se pelo seu design cativante adornado com coloridas salamandras e flores, uma homenagem \u00e0 rica flora e fauna da regi\u00e3o. Sobre um elegante fundo preto, as salamandras, pintadas em tons de azul, verde, vermelho e amarelo, conferem um toque de alegria e originalidade que reflete a ess\u00eancia art\u00edstica da cidade. Os detalhes de cada salamandra s\u00e3o intrincados, mostrando tanto a tradi\u00e7\u00e3o como a modernidade que caracteriza Barcelona.<\/p>\n<p>Al\u00e9m do seu apelo visual, esta capa proporciona uma excelente prote\u00e7\u00e3o contra quedas e riscos, assegurando a seguran\u00e7a do seu dispositivo enquanto passeia pela cidade ou desfruta de un dia de turismo. Este produto n\u00e3o \u00e9 apenas uma prote\u00e7\u00e3o pr\u00e1tica, mas tamb\u00e9m uma pe\u00e7a de conversa, que permite aos turistas levar um fragmento da cultura barcelonesa para qualquer lugar. Na Ol\u00e9 Mosaic, como grossistas de acess\u00f3rios aut\u00eanticos, oferecemos esta capa como a op\u00e7\u00e3o perfeita para lojas de presentes tur\u00edsticos que procuram recorda\u00e7\u00f5es que combinem funcionalidade e representa\u00e7\u00e3o cultural. Sem d\u00favida, um presente ideal para quem deseja recordar a sua visita a Barcelona com um toque de estilo.<\/p>\n","protected":false},"excerpt":{"rendered":"<p>Capa para iPhone 12 Pro fabricada em TPU, decorada com salamandras e flores coloridas, inspirada na vibrante cultura barcelonesa. O design destaca-se pelos seus motivos em tons de azul, verde, vermelho e amarelo, que conferem alegria e originalidade. Com um elegante fundo preto, a capa n\u00e3o s\u00f3 \u00e9 apelativa, como tamb\u00e9m protege e estiliza o telem\u00f3vel, tornando-se um acess\u00f3rio ideal para os amantes desta emblem\u00e1tica cidade.<\/p>\n","protected":false},"featured_media":12252,"template":"","meta":{"_acf_changed":false},"product_brand":[],"product_cat":[685],"product_tag":[516],"class_list":{"0":"post-36953","1":"product","2":"type-product","3":"status-publish","4":"has-post-thumbnail","6":"product_cat-capas-para-telemoveis","7":"product_tag-animais","8":"pa_ciudad-barcelona","9":"pa_motivo-salamandras","10":"pa_pais-espana","12":"first","13":"instock","14":"shipping-taxable","15":"product-type-simple"},"acf":[],"_links":{"self":[{"href":"https:\/\/olemosaic.orbitalia.org\/pt-pt\/wp-json\/wp\/v2\/product\/36953","targetHints":{"allow":["GET"]}}],"collection":[{"href":"https:\/\/olemosaic.orbitalia.org\/pt-pt\/wp-json\/wp\/v2\/product"}],"about":[{"href":"https:\/\/olemosaic.orbitalia.org\/pt-pt\/wp-json\/wp\/v2\/types\/product"}],"wp:featuredmedia":[{"embeddable":true,"href":"https:\/\/olemosaic.orbitalia.org\/pt-pt\/wp-json\/wp\/v2\/media\/12252"}],"wp:attachment":[{"href":"https:\/\/olemosaic.orbitalia.org\/pt-pt\/wp-json\/wp\/v2\/media?parent=36953"}],"wp:term":[{"taxonomy":"product_brand","embeddable":true,"href":"https:\/\/olemosaic.orbitalia.org\/pt-pt\/wp-json\/wp\/v2\/product_brand?post=36953"},{"taxonomy":"product_cat","embeddable":true,"href":"https:\/\/olemosaic.orbitalia.org\/pt-pt\/wp-json\/wp\/v2\/product_cat?post=36953"},{"taxonomy":"product_tag","embeddable":true,"href":"https:\/\/olemosaic.orbitalia.org\/pt-pt\/wp-json\/wp\/v2\/product_tag?post=36953"}],"curies":[{"name":"wp","href":"https:\/\/api.w.org\/{rel}","templated":true}]}}