{"id":36952,"date":"2025-02-20T23:36:27","date_gmt":"2025-02-20T22:36:27","guid":{"rendered":"https:\/\/olemosaic.orbitalia.org\/producto\/6-vasos-de-chupito-de-vidrio-metalizado-9\/"},"modified":"2025-07-25T22:39:54","modified_gmt":"2025-07-25T20:39:54","slug":"6-copos-de-shot-de-vidro-metalizado-9","status":"publish","type":"product","link":"https:\/\/olemosaic.orbitalia.org\/pt-pt\/produto\/6-copos-de-shot-de-vidro-metalizado-9\/","title":{"rendered":"6 copos de shot de vidro metalizado. Sagrada Fam\u00edlia. Barcelona."},"content":{"rendered":"<p>Conjunto de 6 copos de shot de vidro metalizado com ilustra\u00e7\u00f5es da Sagrada Fam\u00edlia. Este conjunto \u00fanico e colorido \u00e9 uma homenagem \u00e0 magn\u00edfica obra do arquiteto Antoni Gaud\u00ed, que simboliza a ess\u00eancia de Barcelona. Cada copo apresenta um vibrante acabamento metalizado em tons de roxo, azul, amarelo, vermelho, verde e celeste, real\u00e7ando o seu apelo visual e tornando-os um elemento perfeito para animar qualquer celebra\u00e7\u00e3o. A ilustra\u00e7\u00e3o da Sagrada Fam\u00edlia, finamente detalhada, captura a majestosidade deste monumento ic\u00f3nico, convidando os turistas a levar um peda\u00e7o da arquitetura catal\u00e3 para casa.<\/p>\n<p>Estes copos de shot n\u00e3o s\u00e3o apenas pr\u00e1ticos para servir bebidas, mas tamb\u00e9m atuam como excelentes recorda\u00e7\u00f5es de Barcelona, ideais para partilhar com amigos num brinde especial. O seu design contempor\u00e2neo adapta-se a diversas ocasi\u00f5es, desde festas informais a reuni\u00f5es elegantes, e a sua f\u00e1cil limpeza torna-os uma op\u00e7\u00e3o conveniente para o uso di\u00e1rio. Na Ol\u00e9 Mosaic, especializamo-nos na distribui\u00e7\u00e3o de recorda\u00e7\u00f5es por grosso, oferecendo produtos aut\u00eanticos que celebram a cultura espanhola. Esta cole\u00e7\u00e3o de copos \u00e9 uma op\u00e7\u00e3o ideal para lojas de presentes tur\u00edsticos que procuram artigos que realcem a rica heran\u00e7a cultural de Barcelona. Como grossistas de recorda\u00e7\u00f5es, garantimos qualidade e autenticidade em cada pe\u00e7a, assegurando que cada compra deixe uma marca memor\u00e1vel.<\/p>\n","protected":false},"excerpt":{"rendered":"<p>Conjunto de seis copos de shot de vidro metalizado, perfeitos para dar um toque distintivo \u00e0s suas celebra\u00e7\u00f5es. Cada copo apresenta uma colorida ilustra\u00e7\u00e3o da Sagrada Fam\u00edlia, com tonalidades vibrantes como o roxo, o azul, o amarelo, o vermelho e o verde. Com o seu acabamento metalizado, refletem a ess\u00eancia de Barcelona e s\u00e3o ideais para partilhar um brinde entre amigos. Design contempor\u00e2neo, f\u00e1ceis de limpar e adequados para diversas ocasi\u00f5es.<\/p>\n","protected":false},"featured_media":11210,"template":"","meta":{"_acf_changed":false},"product_brand":[],"product_cat":[815],"product_tag":[],"class_list":{"0":"post-36952","1":"product","2":"type-product","3":"status-publish","4":"has-post-thumbnail","6":"product_cat-copos-de-shot","7":"pa_ciudad-barcelona","8":"pa_motivo-sagrada-familia","9":"pa_pais-espana","11":"first","12":"instock","13":"shipping-taxable","14":"product-type-simple"},"acf":[],"_links":{"self":[{"href":"https:\/\/olemosaic.orbitalia.org\/pt-pt\/wp-json\/wp\/v2\/product\/36952","targetHints":{"allow":["GET"]}}],"collection":[{"href":"https:\/\/olemosaic.orbitalia.org\/pt-pt\/wp-json\/wp\/v2\/product"}],"about":[{"href":"https:\/\/olemosaic.orbitalia.org\/pt-pt\/wp-json\/wp\/v2\/types\/product"}],"wp:featuredmedia":[{"embeddable":true,"href":"https:\/\/olemosaic.orbitalia.org\/pt-pt\/wp-json\/wp\/v2\/media\/11210"}],"wp:attachment":[{"href":"https:\/\/olemosaic.orbitalia.org\/pt-pt\/wp-json\/wp\/v2\/media?parent=36952"}],"wp:term":[{"taxonomy":"product_brand","embeddable":true,"href":"https:\/\/olemosaic.orbitalia.org\/pt-pt\/wp-json\/wp\/v2\/product_brand?post=36952"},{"taxonomy":"product_cat","embeddable":true,"href":"https:\/\/olemosaic.orbitalia.org\/pt-pt\/wp-json\/wp\/v2\/product_cat?post=36952"},{"taxonomy":"product_tag","embeddable":true,"href":"https:\/\/olemosaic.orbitalia.org\/pt-pt\/wp-json\/wp\/v2\/product_tag?post=36952"}],"curies":[{"name":"wp","href":"https:\/\/api.w.org\/{rel}","templated":true}]}}