{"id":36951,"date":"2025-02-20T22:36:27","date_gmt":"2025-02-20T22:36:27","guid":{"rendered":"https:\/\/olemosaic.orbitalia.org\/producto\/iman-de-metal-bailaora-sevilla-8-cm\/"},"modified":"2025-07-25T19:47:47","modified_gmt":"2025-07-25T17:47:47","slug":"iman-de-metal-bailarina-sevilha-8-cm","status":"publish","type":"product","link":"https:\/\/olemosaic.orbitalia.org\/pt-pt\/produto\/iman-de-metal-bailarina-sevilha-8-cm\/","title":{"rendered":"\u00cdman de metal. Bailarina. Sevilha. 8 cm."},"content":{"rendered":"<p>Introduza um toque vibrante da cultura andaluza com o nosso \u00edman de metal de 8 cm que representa uma bailarina de flamenco, emblema de Sevilha. Este atraente \u00edman combina um design colorido e vibrante, onde a bailarina, vestida com um espetacular vestido de folhos em m\u00faltiplas tonalidades, executa a dan\u00e7a com gra\u00e7a. O fundo religioso que emoldura a sua figura \u00e9 um mosaico em tons de azul e amarelo, evocando os belos azulejos t\u00edpicos que adornam a arquitetura sevilhana. A palavra &#8220;SEVILLA&#8221; aparece numa chamativa cor lil\u00e1s, destacando a ess\u00eancia cultural e festiva desta ic\u00f3nica cidade andaluza. Este \u00edman n\u00e3o \u00e9 apenas uma bela recorda\u00e7\u00e3o para os visitantes de Sevilha, mas tamb\u00e9m uma aut\u00eantica representa\u00e7\u00e3o do seu folclore e tradi\u00e7\u00e3o. Ideal para atrair turistas que procuram souvenirs que capturem a ess\u00eancia da sua viagem, este \u00edman destaca-se como uma op\u00e7\u00e3o perfeita para lojas de presentes tur\u00edsticos. Na Ol\u00e9 Mosaic, o seu distribuidor de souvenirs, garantimos qualidade e autenticidade em cada produto. Este \u00edman da bailarina flamenca \u00e9 uma excelente adi\u00e7\u00e3o a qualquer cole\u00e7\u00e3o de recorda\u00e7\u00f5es de Sevilha.<\/p>\n","protected":false},"excerpt":{"rendered":"<p>\u00cdman met\u00e1lico de 8 cm que representa uma bailarina de flamenco, um \u00edcone de Sevilha. Este atraente \u00edman apresenta um design colorido e vibrante, com uma ilustra\u00e7\u00e3o que destaca a bailarina com um vestido de folhos multicoloridos, sobre um fundo de mosaico em tons de azul e amarelo. A palavra &#8220;SEVILLA&#8221; aparece numa chamativa cor lil\u00e1s, capturando a ess\u00eancia cultural e festiva da cidade andaluza. Perfeito para levar uma recorda\u00e7\u00e3o original de Sevilha para casa.<\/p>\n","protected":false},"featured_media":10555,"template":"","meta":{"_acf_changed":false},"product_brand":[],"product_cat":[699],"product_tag":[],"class_list":{"0":"post-36951","1":"product","2":"type-product","3":"status-publish","4":"has-post-thumbnail","6":"product_cat-imanes","7":"pa_ciudad-sevilla","8":"pa_motivo-dancarinos","9":"pa_pais-espana","11":"first","12":"instock","13":"shipping-taxable","14":"product-type-simple"},"acf":[],"_links":{"self":[{"href":"https:\/\/olemosaic.orbitalia.org\/pt-pt\/wp-json\/wp\/v2\/product\/36951","targetHints":{"allow":["GET"]}}],"collection":[{"href":"https:\/\/olemosaic.orbitalia.org\/pt-pt\/wp-json\/wp\/v2\/product"}],"about":[{"href":"https:\/\/olemosaic.orbitalia.org\/pt-pt\/wp-json\/wp\/v2\/types\/product"}],"wp:featuredmedia":[{"embeddable":true,"href":"https:\/\/olemosaic.orbitalia.org\/pt-pt\/wp-json\/wp\/v2\/media\/10555"}],"wp:attachment":[{"href":"https:\/\/olemosaic.orbitalia.org\/pt-pt\/wp-json\/wp\/v2\/media?parent=36951"}],"wp:term":[{"taxonomy":"product_brand","embeddable":true,"href":"https:\/\/olemosaic.orbitalia.org\/pt-pt\/wp-json\/wp\/v2\/product_brand?post=36951"},{"taxonomy":"product_cat","embeddable":true,"href":"https:\/\/olemosaic.orbitalia.org\/pt-pt\/wp-json\/wp\/v2\/product_cat?post=36951"},{"taxonomy":"product_tag","embeddable":true,"href":"https:\/\/olemosaic.orbitalia.org\/pt-pt\/wp-json\/wp\/v2\/product_tag?post=36951"}],"curies":[{"name":"wp","href":"https:\/\/api.w.org\/{rel}","templated":true}]}}