{"id":36948,"date":"2025-02-20T23:36:26","date_gmt":"2025-02-20T22:36:26","guid":{"rendered":"https:\/\/olemosaic.orbitalia.org\/producto\/iman-de-resina-dragon-7-cm\/"},"modified":"2025-07-25T18:47:47","modified_gmt":"2025-07-25T16:47:47","slug":"iman-de-resina-dragao-7-cm","status":"publish","type":"product","link":"https:\/\/olemosaic.orbitalia.org\/pt-pt\/produto\/iman-de-resina-dragao-7-cm\/","title":{"rendered":"\u00cdman de resina. Drag\u00e3o. 7 cm."},"content":{"rendered":"<p>\u00cdman decorativo de resina com forma de drag\u00e3o, uma recorda\u00e7\u00e3o vibrante que captura a ess\u00eancia da rica cultura espanhola. Este atraente \u00edman mede 7 cm e destaca-se pelo seu elaborado design de mosaico colorido, com tons vivos de azul, vermelho e amarelo que evocam a est\u00e9tica da arte cant\u00e1brica. Cada detalhe do drag\u00e3o \u00e9 meticulosamente pintado \u00e0 m\u00e3o, o que real\u00e7a a sua autenticidade e qualidade artesanal, tornando-o um excelente souvenir de Espanha.<\/p>\n<p>O drag\u00e3o, um s\u00edmbolo de for\u00e7a e poder na mitologia espanhola, confere um toque de magia e fantasia, recordando as antigas lendas que deixaram marca na cultura peninsular. Com um acabamento brilhante e uma textura suave, este \u00edman \u00e9 perfeito para decorar o seu frigor\u00edfico ou qualquer superf\u00edcie met\u00e1lica, adicionando um elemento l\u00fadico e cultural ao seu lar.<\/p>\n<p>Na Ol\u00e9 Mosaic, especializamo-nos na distribui\u00e7\u00e3o de souvenirs por grosso, e este \u00edman de drag\u00e3o \u00e9 uma op\u00e7\u00e3o ideal para lojas de presentes tur\u00edsticos que procuram oferecer produtos aut\u00eanticos e representativos de Espanha. Com este souvenir, os seus clientes poder\u00e3o levar um peda\u00e7o da rica tradi\u00e7\u00e3o art\u00edstica e folcl\u00f3rica do pa\u00eds, transformando cada olhar para o frigor\u00edfico numa viagem \u00e0 cultura espanhola.<\/p>\n","protected":false},"excerpt":{"rendered":"<p>\u00cdman com forma de drag\u00e3o, concebido como uma recorda\u00e7\u00e3o colorida da rica cultura espanhola. Este atraente \u00edman, de 7 cm, exibe um vibrante mosaico de cores, destacando detalhes em azul, vermelho e amarelo que evocam a est\u00e9tica da arte cant\u00e1brica. Com um acabamento brilhante e textura suave, \u00e9 um souvenir encantador que captura a ess\u00eancia da tradi\u00e7\u00e3o art\u00edstica e folcl\u00f3rica de Espanha, ideal para adornar o seu frigor\u00edfico ou qualquer superf\u00edcie met\u00e1lica.<\/p>\n","protected":false},"featured_media":6275,"template":"","meta":{"_acf_changed":false},"product_brand":[],"product_cat":[699],"product_tag":[],"class_list":{"0":"post-36948","1":"product","2":"type-product","3":"status-publish","4":"has-post-thumbnail","6":"product_cat-imanes","7":"pa_motivo-dragao","9":"first","10":"instock","11":"shipping-taxable","12":"product-type-simple"},"acf":[],"_links":{"self":[{"href":"https:\/\/olemosaic.orbitalia.org\/pt-pt\/wp-json\/wp\/v2\/product\/36948","targetHints":{"allow":["GET"]}}],"collection":[{"href":"https:\/\/olemosaic.orbitalia.org\/pt-pt\/wp-json\/wp\/v2\/product"}],"about":[{"href":"https:\/\/olemosaic.orbitalia.org\/pt-pt\/wp-json\/wp\/v2\/types\/product"}],"wp:featuredmedia":[{"embeddable":true,"href":"https:\/\/olemosaic.orbitalia.org\/pt-pt\/wp-json\/wp\/v2\/media\/6275"}],"wp:attachment":[{"href":"https:\/\/olemosaic.orbitalia.org\/pt-pt\/wp-json\/wp\/v2\/media?parent=36948"}],"wp:term":[{"taxonomy":"product_brand","embeddable":true,"href":"https:\/\/olemosaic.orbitalia.org\/pt-pt\/wp-json\/wp\/v2\/product_brand?post=36948"},{"taxonomy":"product_cat","embeddable":true,"href":"https:\/\/olemosaic.orbitalia.org\/pt-pt\/wp-json\/wp\/v2\/product_cat?post=36948"},{"taxonomy":"product_tag","embeddable":true,"href":"https:\/\/olemosaic.orbitalia.org\/pt-pt\/wp-json\/wp\/v2\/product_tag?post=36948"}],"curies":[{"name":"wp","href":"https:\/\/api.w.org\/{rel}","templated":true}]}}