{"id":36930,"date":"2025-02-20T23:36:26","date_gmt":"2025-02-20T22:36:26","guid":{"rendered":"https:\/\/olemosaic.orbitalia.org\/producto\/iman-de-metal-toro-marbella-8-cm-2\/"},"modified":"2025-07-25T18:37:29","modified_gmt":"2025-07-25T16:37:29","slug":"iman-de-metal-touro-marbella-8-cm-2","status":"publish","type":"product","link":"https:\/\/olemosaic.orbitalia.org\/pt-pt\/produto\/iman-de-metal-touro-marbella-8-cm-2\/","title":{"rendered":"\u00cdman de metal. Touro. Mosaico. Marbella. 8 cm."},"content":{"rendered":"<p>\u00cdman decorativo de Marbella. Este vibrante \u00edman de metal de 8 cm captura a ess\u00eancia do folclore espanhol atrav\u00e9s de um impressionante design de mosaico que destaca um emblem\u00e1tico touro. Com cores intensas em tons de vermelho e amarelo, o touro apresenta-se numa postura majestosa, transmitindo a for\u00e7a e o simbolismo da cultura taurom\u00e1quica espanhola. O fundo azul claro real\u00e7a ainda mais a riqueza crom\u00e1tica do design, criando um contraste visual que atrai o olhar e evoca a beleza do mar Mediterr\u00e2neo que rodeia Marbella. O nome &#8220;MARBELLA&#8221; aparece em letras grandes e chamativas, tornando este \u00edman numa recorda\u00e7\u00e3o ideal da costa andaluza.<\/p>\n<p>Este \u00edman n\u00e3o \u00e9 apenas um objeto decorativo, mas tamb\u00e9m um representante do patrim\u00f3nio cultural de Marbella, uma cidade famosa pelo seu glamour e pelas suas tradi\u00e7\u00f5es \u00fanicas. Na Ol\u00e9 Mosaic, especializamo-nos na distribui\u00e7\u00e3o de souvenirs por grosso, e este \u00edman de touro \u00e9 uma excelente op\u00e7\u00e3o para lojas de presentes tur\u00edsticos que procuram produtos aut\u00eanticos. Ao escolher este souvenir, os turistas levam consigo um peda\u00e7o da rica heran\u00e7a espanhola, ideal para recordar as suas experi\u00eancias em Marbella. Como grossistas de \u00edmanes, garantimos a qualidade e a fidelidade cultural em cada pe\u00e7a.<\/p>\n","protected":false},"excerpt":{"rendered":"<p>\u00cdman met\u00e1lico de 8 cm, inspirado no emblem\u00e1tico touro de Marbella. Este atraente \u00edman apresenta um vibrante design em mosaico de cores, com um touro em tons de vermelho e amarelo que captura a ess\u00eancia do folclore espanhol. O fundo azul real\u00e7a ainda mais as cores vivas do design, enquanto o nome &#8220;MARBELLA&#8221; \u00e9 exibido com letras destacadas, tornando-o num souvenir perfeito para recordar a beleza e cultura desta cidade.<\/p>\n","protected":false},"featured_media":9987,"template":"","meta":{"_acf_changed":false},"product_brand":[],"product_cat":[699],"product_tag":[516],"class_list":{"0":"post-36930","1":"product","2":"type-product","3":"status-publish","4":"has-post-thumbnail","6":"product_cat-imanes","7":"product_tag-animais","8":"pa_ciudad-marbella","9":"pa_motivo-touros","10":"pa_pais-espana","12":"first","13":"instock","14":"shipping-taxable","15":"product-type-simple"},"acf":[],"_links":{"self":[{"href":"https:\/\/olemosaic.orbitalia.org\/pt-pt\/wp-json\/wp\/v2\/product\/36930","targetHints":{"allow":["GET"]}}],"collection":[{"href":"https:\/\/olemosaic.orbitalia.org\/pt-pt\/wp-json\/wp\/v2\/product"}],"about":[{"href":"https:\/\/olemosaic.orbitalia.org\/pt-pt\/wp-json\/wp\/v2\/types\/product"}],"wp:featuredmedia":[{"embeddable":true,"href":"https:\/\/olemosaic.orbitalia.org\/pt-pt\/wp-json\/wp\/v2\/media\/9987"}],"wp:attachment":[{"href":"https:\/\/olemosaic.orbitalia.org\/pt-pt\/wp-json\/wp\/v2\/media?parent=36930"}],"wp:term":[{"taxonomy":"product_brand","embeddable":true,"href":"https:\/\/olemosaic.orbitalia.org\/pt-pt\/wp-json\/wp\/v2\/product_brand?post=36930"},{"taxonomy":"product_cat","embeddable":true,"href":"https:\/\/olemosaic.orbitalia.org\/pt-pt\/wp-json\/wp\/v2\/product_cat?post=36930"},{"taxonomy":"product_tag","embeddable":true,"href":"https:\/\/olemosaic.orbitalia.org\/pt-pt\/wp-json\/wp\/v2\/product_tag?post=36930"}],"curies":[{"name":"wp","href":"https:\/\/api.w.org\/{rel}","templated":true}]}}