{"id":36926,"date":"2025-02-20T23:36:25","date_gmt":"2025-02-20T22:36:25","guid":{"rendered":"https:\/\/olemosaic.orbitalia.org\/producto\/iman-de-metal-salamandra-gran-canaria-plata-8-cm-2\/"},"modified":"2025-07-25T19:00:41","modified_gmt":"2025-07-25T17:00:41","slug":"iman-de-metal-salamandra-gran-canaria-prata-8-cm-2","status":"publish","type":"product","link":"https:\/\/olemosaic.orbitalia.org\/pt-pt\/produto\/iman-de-metal-salamandra-gran-canaria-prata-8-cm-2\/","title":{"rendered":"\u00cdman de metal. Salamandra. Mosaico. Gran Can\u00e1ria. Prata. 8 cm."},"content":{"rendered":"<p>\u00cdman decorativo de Gran Can\u00e1ria, requintadamente desenhado para capturar a vibrante ess\u00eancia desta ilha can\u00e1ria. Com um tamanho de 8 cm, este \u00edman met\u00e1lico apresenta uma colorida representa\u00e7\u00e3o de salamandras, destacando a fauna \u00fanica e caracter\u00edstica da regi\u00e3o. Os designs mostram salamandras numa variedade de cores, cada uma iluminada por um fundo alegre que combina tons brancos e mosaicos que evocam a distintiva tradi\u00e7\u00e3o art\u00edstica de Gran Can\u00e1ria.<\/p>\n<p>O texto &#8220;Gran Canaria&#8221; \u00e9 apresentado na parte superior com letras chamativas, tornando este \u00edman numa recorda\u00e7\u00e3o ideal para quem deseja levar um peda\u00e7o da cultura can\u00e1ria. Esta recorda\u00e7\u00e3o n\u00e3o \u00e9 apenas funcional, mas tamb\u00e9m uma pe\u00e7a decorativa que reflete a beleza natural e a diversidade animal que habita a ilha.<\/p>\n<p>A liga\u00e7\u00e3o cultural deste \u00edman reside na rica heran\u00e7a de Gran Can\u00e1ria, onde a fauna e a flora se entrela\u00e7am com a vida quotidiana dos seus habitantes. Na Ol\u00e9 Mosaic, sabemos que as recorda\u00e7\u00f5es de Gran Can\u00e1ria devem celebrar a sua autenticidade, e este \u00edman \u00e9 uma op\u00e7\u00e3o perfeita para lojas de presentes tur\u00edsticos que procuram produtos que representem com precis\u00e3o a identidade cultural da ilha. Como distribuidores de recorda\u00e7\u00f5es por grosso, oferecemos artigos que se destacam pela sua qualidade e significado, fazendo de cada pe\u00e7a uma homenagem \u00e0 sua origem.<\/p>\n","protected":false},"excerpt":{"rendered":"<p>\u00cdman met\u00e1lico decorado com coloridas salamandras, que representam a fauna \u00fanica de Gran Can\u00e1ria. Com um tamanho de 8 cm, esta recorda\u00e7\u00e3o apresenta um design vibrante e alegre, com um fundo em tons brancos e elementos em mosaico que evocam a tradi\u00e7\u00e3o art\u00edstica can\u00e1ria. O texto &#8220;Gran Canaria&#8221; destaca-se na parte superior, tornando-o numa recorda\u00e7\u00e3o perfeita desta ilha encantadora. Ideal para quem deseja levar um peda\u00e7o da sua cultura.<\/p>\n","protected":false},"featured_media":12906,"template":"","meta":{"_acf_changed":false},"product_brand":[],"product_cat":[699],"product_tag":[516],"class_list":{"0":"post-36926","1":"product","2":"type-product","3":"status-publish","4":"has-post-thumbnail","6":"product_cat-imanes","7":"product_tag-animais","8":"pa_ciudad-gran-canaria","9":"pa_motivo-salamandras","10":"pa_pais-espana","12":"first","13":"instock","14":"shipping-taxable","15":"product-type-simple"},"acf":[],"_links":{"self":[{"href":"https:\/\/olemosaic.orbitalia.org\/pt-pt\/wp-json\/wp\/v2\/product\/36926","targetHints":{"allow":["GET"]}}],"collection":[{"href":"https:\/\/olemosaic.orbitalia.org\/pt-pt\/wp-json\/wp\/v2\/product"}],"about":[{"href":"https:\/\/olemosaic.orbitalia.org\/pt-pt\/wp-json\/wp\/v2\/types\/product"}],"wp:featuredmedia":[{"embeddable":true,"href":"https:\/\/olemosaic.orbitalia.org\/pt-pt\/wp-json\/wp\/v2\/media\/12906"}],"wp:attachment":[{"href":"https:\/\/olemosaic.orbitalia.org\/pt-pt\/wp-json\/wp\/v2\/media?parent=36926"}],"wp:term":[{"taxonomy":"product_brand","embeddable":true,"href":"https:\/\/olemosaic.orbitalia.org\/pt-pt\/wp-json\/wp\/v2\/product_brand?post=36926"},{"taxonomy":"product_cat","embeddable":true,"href":"https:\/\/olemosaic.orbitalia.org\/pt-pt\/wp-json\/wp\/v2\/product_cat?post=36926"},{"taxonomy":"product_tag","embeddable":true,"href":"https:\/\/olemosaic.orbitalia.org\/pt-pt\/wp-json\/wp\/v2\/product_tag?post=36926"}],"curies":[{"name":"wp","href":"https:\/\/api.w.org\/{rel}","templated":true}]}}