{"id":36925,"date":"2025-02-20T22:36:25","date_gmt":"2025-02-20T22:36:25","guid":{"rendered":"https:\/\/olemosaic.orbitalia.org\/producto\/iman-de-metal-gato-plata-8-cm\/"},"modified":"2025-07-25T19:02:28","modified_gmt":"2025-07-25T17:02:28","slug":"iman-de-metal-gato-prata-8-cm","status":"publish","type":"product","link":"https:\/\/olemosaic.orbitalia.org\/pt-pt\/produto\/iman-de-metal-gato-prata-8-cm\/","title":{"rendered":"\u00cdman de metal. Gato. Prata. 8 cm."},"content":{"rendered":"<p>\u00cdman decorativo de gato em estilo mosaico, uma recorda\u00e7\u00e3o aut\u00eantica que captura a ess\u00eancia da arte da cer\u00e2mica mediterr\u00e2nica. Este \u00edman met\u00e1lico de 8 cm apresenta um design vibrante que funde uma explos\u00e3o de cores: azuis, verdes, amarelos e vermelhos, evocando o estilo caracter\u00edstico de Antoni Gaud\u00ed e o patrim\u00f3nio art\u00edstico de Barcelona. A meticulosa ilustra\u00e7\u00e3o do gato, com os seus grandes olhos amarelos e a sua elegante postura, confere a este objeto uma personalidade encantadora, perfeita para dar um toque de alegria ao seu frigor\u00edfico ou outras superf\u00edcies met\u00e1licas.<\/p>\n<p>O fundo do \u00edman simula um mosaico de cer\u00e2mica, com um design texturizado que lembra as obras-primas do modernismo catal\u00e3o, tornando este \u00edman num s\u00edmbolo de um legado cultural vibrante. N\u00e3o \u00e9 apenas um produto funcional, mas tamb\u00e9m atua como um lembrete visual da riqueza da arte espanhola, fazendo com que cada vez que olhe para ele, recorde a sua visita \u00e0 m\u00e1gica cidade de Barcelona. Na Ol\u00e9 Mosaic, somos especialistas na distribui\u00e7\u00e3o de recorda\u00e7\u00f5es por grosso, e este \u00edman de gato \u00e9 uma excelente op\u00e7\u00e3o para lojas de presentes tur\u00edsticos que procuram oferecer produtos \u00fanicos e memor\u00e1veis. Ideal para quem procura recorda\u00e7\u00f5es representativas da arte e da cultura espanhola, este \u00edman \u00e9 um complemento imprescind\u00edvel para qualquer amante de gatos e de arte.<\/p>\n","protected":false},"excerpt":{"rendered":"<p>\u00cdman met\u00e1lico com um design chamativo de um gato, inspirado na arte do mosaico. Este \u00edman de 8 cm apresenta uma explos\u00e3o de cores vibrantes, como azuis, verdes, amarelos e vermelhos, que criam um apelo visual que lembra o estilo decorativo t\u00edpico das obras de Antoni Gaud\u00ed. Os detalhes do gato s\u00e3o meticulosamente desenhados, destacando os seus grandes olhos amarelos e a sua pose elegante, ideal para decorar o seu frigor\u00edfico ou qualquer superf\u00edcie met\u00e1lica.<\/p>\n","protected":false},"featured_media":12822,"template":"","meta":{"_acf_changed":false},"product_brand":[],"product_cat":[699],"product_tag":[516],"class_list":{"0":"post-36925","1":"product","2":"type-product","3":"status-publish","4":"has-post-thumbnail","6":"product_cat-imanes","7":"product_tag-animais","8":"pa_motivo-gatos","10":"first","11":"instock","12":"shipping-taxable","13":"product-type-simple"},"acf":[],"_links":{"self":[{"href":"https:\/\/olemosaic.orbitalia.org\/pt-pt\/wp-json\/wp\/v2\/product\/36925","targetHints":{"allow":["GET"]}}],"collection":[{"href":"https:\/\/olemosaic.orbitalia.org\/pt-pt\/wp-json\/wp\/v2\/product"}],"about":[{"href":"https:\/\/olemosaic.orbitalia.org\/pt-pt\/wp-json\/wp\/v2\/types\/product"}],"wp:featuredmedia":[{"embeddable":true,"href":"https:\/\/olemosaic.orbitalia.org\/pt-pt\/wp-json\/wp\/v2\/media\/12822"}],"wp:attachment":[{"href":"https:\/\/olemosaic.orbitalia.org\/pt-pt\/wp-json\/wp\/v2\/media?parent=36925"}],"wp:term":[{"taxonomy":"product_brand","embeddable":true,"href":"https:\/\/olemosaic.orbitalia.org\/pt-pt\/wp-json\/wp\/v2\/product_brand?post=36925"},{"taxonomy":"product_cat","embeddable":true,"href":"https:\/\/olemosaic.orbitalia.org\/pt-pt\/wp-json\/wp\/v2\/product_cat?post=36925"},{"taxonomy":"product_tag","embeddable":true,"href":"https:\/\/olemosaic.orbitalia.org\/pt-pt\/wp-json\/wp\/v2\/product_tag?post=36925"}],"curies":[{"name":"wp","href":"https:\/\/api.w.org\/{rel}","templated":true}]}}