{"id":36911,"date":"2025-02-20T23:36:23","date_gmt":"2025-02-20T22:36:23","guid":{"rendered":"https:\/\/olemosaic.orbitalia.org\/producto\/iman-de-resina-tortuga\/"},"modified":"2025-07-25T20:09:09","modified_gmt":"2025-07-25T18:09:09","slug":"iman-de-resina-tartaruga","status":"publish","type":"product","link":"https:\/\/olemosaic.orbitalia.org\/pt-pt\/produto\/iman-de-resina-tartaruga\/","title":{"rendered":"\u00cdman de resina. Tartaruga."},"content":{"rendered":"<p>\u00cdman de resina com forma de tartaruga, inspirado nos coloridos mosaicos da cer\u00e2mica tradicional. Este encantador \u00edman representa uma vibrante obra de arte que combina a tradi\u00e7\u00e3o mediterr\u00e2nica com um design contempor\u00e2neo. Elaborado com resina de alta qualidade, apresenta um design tridimensional que se destaca pelos seus tons vivos de azul, amarelo, vermelho e verde, evocando o calor e o esplendor do ambiente espanhol. As delicadas pe\u00e7as de mosaico com efeito pintado \u00e0 m\u00e3o refletem a rica heran\u00e7a cultural de Espanha, especialmente das regi\u00f5es costeiras onde a cer\u00e2mica art\u00edstica \u00e9 um s\u00edmbolo de identidade local.<\/p>\n<p>Cada \u00edman captura a ess\u00eancia alegre do Mediterr\u00e2neo, sendo perfeito para adornar qualquer superf\u00edcie met\u00e1lica, desde frigor\u00edficos a quadros magn\u00e9ticos, adicionando um toque de cor e cultura ao seu lar. Este souvenir de tartaruga n\u00e3o \u00e9 apenas um artigo decorativo, mas tamb\u00e9m uma recorda\u00e7\u00e3o significativa para quem visita Espanha, ideal para colecionadores ou como presente para amigos e familiares que valorizam a autenticidade.<\/p>\n<p>Na Ol\u00e9 Mosaic, especializamo-nos na distribui\u00e7\u00e3o de souvenirs por grosso, oferecendo este \u00edman de tartaruga como uma excelente op\u00e7\u00e3o para lojas de presentes tur\u00edsticos que procuram produtos de qualidade e relev\u00e2ncia cultural. Este encantador \u00edman \u00e9 o presente perfeito que encarna a alegria do esp\u00edrito mediterr\u00e2neo, ideal para quem procura souvenirs representativos da rica tradi\u00e7\u00e3o espanhola.<\/p>\n","protected":false},"excerpt":{"rendered":"<p>\u00cdman com forma de tartaruga, inspirado nos coloridos mosaicos da cer\u00e2mica tradicional. Elaborado com detalhes pintados \u00e0 m\u00e3o, que incluem tons vivos de azul, amarelo, vermelho e verde, este \u00edman \u00e9 uma encantadora recorda\u00e7\u00e3o da rica heran\u00e7a cultural mediterr\u00e2nica. Perfeito para adornar qualquer superf\u00edcie met\u00e1lica, evoca o ambiente vibrante de Espanha com o seu design art\u00edstico e alegre. Ideal para colecionadores ou como presente.<\/p>\n","protected":false},"featured_media":6230,"template":"","meta":{"_acf_changed":false},"product_brand":[],"product_cat":[699],"product_tag":[516],"class_list":{"0":"post-36911","1":"product","2":"type-product","3":"status-publish","4":"has-post-thumbnail","6":"product_cat-imanes","7":"product_tag-animais","8":"pa_motivo-tartarugas","10":"first","11":"instock","12":"shipping-taxable","13":"product-type-simple"},"acf":[],"_links":{"self":[{"href":"https:\/\/olemosaic.orbitalia.org\/pt-pt\/wp-json\/wp\/v2\/product\/36911","targetHints":{"allow":["GET"]}}],"collection":[{"href":"https:\/\/olemosaic.orbitalia.org\/pt-pt\/wp-json\/wp\/v2\/product"}],"about":[{"href":"https:\/\/olemosaic.orbitalia.org\/pt-pt\/wp-json\/wp\/v2\/types\/product"}],"wp:featuredmedia":[{"embeddable":true,"href":"https:\/\/olemosaic.orbitalia.org\/pt-pt\/wp-json\/wp\/v2\/media\/6230"}],"wp:attachment":[{"href":"https:\/\/olemosaic.orbitalia.org\/pt-pt\/wp-json\/wp\/v2\/media?parent=36911"}],"wp:term":[{"taxonomy":"product_brand","embeddable":true,"href":"https:\/\/olemosaic.orbitalia.org\/pt-pt\/wp-json\/wp\/v2\/product_brand?post=36911"},{"taxonomy":"product_cat","embeddable":true,"href":"https:\/\/olemosaic.orbitalia.org\/pt-pt\/wp-json\/wp\/v2\/product_cat?post=36911"},{"taxonomy":"product_tag","embeddable":true,"href":"https:\/\/olemosaic.orbitalia.org\/pt-pt\/wp-json\/wp\/v2\/product_tag?post=36911"}],"curies":[{"name":"wp","href":"https:\/\/api.w.org\/{rel}","templated":true}]}}