{"id":36910,"date":"2025-02-20T23:36:23","date_gmt":"2025-02-20T22:36:23","guid":{"rendered":"https:\/\/olemosaic.orbitalia.org\/producto\/iman-de-resina-salamandra-13-cm\/"},"modified":"2025-07-25T19:38:58","modified_gmt":"2025-07-25T17:38:58","slug":"iman-de-resina-salamandra-13-cm-pt-pt","status":"publish","type":"product","link":"https:\/\/olemosaic.orbitalia.org\/pt-pt\/produto\/iman-de-resina-salamandra-13-cm-pt-pt\/","title":{"rendered":"\u00cdman de resina. Salamandra. 13 cm."},"content":{"rendered":"<p>\u00cdman de resina em forma de salamandra de 13 cm, uma pe\u00e7a art\u00edstica que captura a ess\u00eancia do folclore espanhol. Este colorido \u00edman destaca-se pelo seu design vibrante, com uma gama de tons que v\u00e3o do azul profundo ao amarelo brilhante, dispostos num padr\u00e3o que simula um mosaico, evocando a arte tradicional espanhola. A salamandra, s\u00edmbolo ancestral de boa sorte e regenera\u00e7\u00e3o, representa a liga\u00e7\u00e3o do povo espanhol com a natureza, especialmente na regi\u00e3o mediterr\u00e2nica, onde esta esp\u00e9cie \u00e9 comum. Cada detalhe da figura foi meticulosamente elaborado, mostrando as caracter\u00edsticas distintivas da salamandra, como o seu corpo alargado e as suas patas com dedos finamente moldados.<\/p>\n<p>Este \u00edman n\u00e3o \u00e9 apenas uma pe\u00e7a decorativa ideal para adornar qualquer superf\u00edcie met\u00e1lica, mas tamb\u00e9m atua como uma recorda\u00e7\u00e3o memor\u00e1vel e aut\u00eantica da arte e da cultura espanhola. O seu design atraente e o seu prop\u00f3sito funcional tornam-no um magn\u00edfico souvenir para turistas que procuram captar a ess\u00eancia da sua viagem a Espanha. Na Ol\u00e9 Mosaic, especializamo-nos na distribui\u00e7\u00e3o de souvenirs de resina por grosso, oferecendo produtos de qualidade que real\u00e7am a riqueza cultural de cada regi\u00e3o. Este \u00edman de salamandra \u00e9 uma excelente op\u00e7\u00e3o para lojas de presentes tur\u00edsticos que desejem oferecer recorda\u00e7\u00f5es representativas e carregadas de significado.<\/p>\n","protected":false},"excerpt":{"rendered":"<p>\u00cdman de 13 cm com forma de salamandra, que reproduz um design colorido inspirado no folclore espanhol. Este chamativo \u00edman destaca-se pelas suas cores vivas e pelos detalhes decorativos que simulam um mosaico, criando um apelo visual \u00fanico. A salamandra, s\u00edmbolo de boa sorte e vida, \u00e9 perfeita para adornar superf\u00edcies met\u00e1licas, adicionando um toque art\u00edstico e cultural a qualquer espa\u00e7o. Uma excelente forma de recordar a beleza da fauna mediterr\u00e2nica.<\/p>\n","protected":false},"featured_media":6211,"template":"","meta":{"_acf_changed":false},"product_brand":[],"product_cat":[699],"product_tag":[516],"class_list":{"0":"post-36910","1":"product","2":"type-product","3":"status-publish","4":"has-post-thumbnail","6":"product_cat-imanes","7":"product_tag-animais","8":"pa_motivo-salamandras","10":"first","11":"instock","12":"shipping-taxable","13":"product-type-simple"},"acf":[],"_links":{"self":[{"href":"https:\/\/olemosaic.orbitalia.org\/pt-pt\/wp-json\/wp\/v2\/product\/36910","targetHints":{"allow":["GET"]}}],"collection":[{"href":"https:\/\/olemosaic.orbitalia.org\/pt-pt\/wp-json\/wp\/v2\/product"}],"about":[{"href":"https:\/\/olemosaic.orbitalia.org\/pt-pt\/wp-json\/wp\/v2\/types\/product"}],"wp:featuredmedia":[{"embeddable":true,"href":"https:\/\/olemosaic.orbitalia.org\/pt-pt\/wp-json\/wp\/v2\/media\/6211"}],"wp:attachment":[{"href":"https:\/\/olemosaic.orbitalia.org\/pt-pt\/wp-json\/wp\/v2\/media?parent=36910"}],"wp:term":[{"taxonomy":"product_brand","embeddable":true,"href":"https:\/\/olemosaic.orbitalia.org\/pt-pt\/wp-json\/wp\/v2\/product_brand?post=36910"},{"taxonomy":"product_cat","embeddable":true,"href":"https:\/\/olemosaic.orbitalia.org\/pt-pt\/wp-json\/wp\/v2\/product_cat?post=36910"},{"taxonomy":"product_tag","embeddable":true,"href":"https:\/\/olemosaic.orbitalia.org\/pt-pt\/wp-json\/wp\/v2\/product_tag?post=36910"}],"curies":[{"name":"wp","href":"https:\/\/api.w.org\/{rel}","templated":true}]}}