{"id":36887,"date":"2025-02-20T23:36:22","date_gmt":"2025-02-20T22:36:22","guid":{"rendered":"https:\/\/olemosaic.orbitalia.org\/producto\/iman-de-resina-sagrada-familia-barcelona-2\/"},"modified":"2025-07-25T20:05:05","modified_gmt":"2025-07-25T18:05:05","slug":"iman-de-resina-sagrada-familia-barcelona-2-pt-pt","status":"publish","type":"product","link":"https:\/\/olemosaic.orbitalia.org\/pt-pt\/produto\/iman-de-resina-sagrada-familia-barcelona-2-pt-pt\/","title":{"rendered":"\u00cdman de resina. Sagrada Fam\u00edlia. Dourado, vermelho, verde e azul. Barcelona."},"content":{"rendered":"<p>\u00cdman de resina da Sagrada Fam\u00edlia, uma aut\u00eantica joia que captura a majestosidade do emblem\u00e1tico monumento de Barcelona. Este atraente \u00edman apresenta um design vibrante com uma explos\u00e3o de tons dourados, vermelhos, verdes e azuis, que evocam os coloridos mosaicos da c\u00e9lebre obra-prima de Antoni Gaud\u00ed. Com o seu acabamento brilhante, real\u00e7a as finas linhas arquitet\u00f3nicas das impressionantes torres e das elaboradas janelas, conseguindo uma representa\u00e7\u00e3o excecional que convida a apreciar cada detalhe desta maravilha do modernismo catal\u00e3o.<\/p>\n<p>O nome &#8220;Barcelona&#8221; aparece em letras coloridas, acrescentando um toque distintivo que liga diretamente a recorda\u00e7\u00e3o \u00e0 cidade. Este \u00edman n\u00e3o \u00e9 apenas um objeto decorativo, mas uma forma de levar um peda\u00e7o da rica hist\u00f3ria e cultura de Barcelona, ideal para aqueles que desejem conservar uma recorda\u00e7\u00e3o da arte e da arquitetura \u00fanicas da cidade.<\/p>\n<p>Na Ol\u00e9 Mosaic, compreendemos a import\u00e2ncia das recorda\u00e7\u00f5es como representa\u00e7\u00e3o aut\u00eantica de um destino. Este \u00edman de resina \u00e9 uma excelente op\u00e7\u00e3o para turistas que procuram um s\u00edmbolo da beleza da Sagrada Fam\u00edlia e \u00e9 perfeito para lojas de presentes tur\u00edsticos que desejam oferecer artigos originais e relevantes. Como grossistas de recorda\u00e7\u00f5es de Barcelona, garantimos qualidade e autenticidade em cada pe\u00e7a.<\/p>\n","protected":false},"excerpt":{"rendered":"<p>\u00cdman que captura a majestosidade da Sagrada Fam\u00edlia de Barcelona. Esta atraente recorda\u00e7\u00e3o apresenta um design vibrante em tons dourados, vermelhos, verdes e azuis, inspirado nos mosaicos do emblem\u00e1tico monumento. Com um acabamento brilhante, real\u00e7a as finas linhas arquitet\u00f3nicas das torres e das janelas, e inclui o nome &#8220;Barcelona&#8221; em letras coloridas. Ideal para recordar a beleza da arte de Gaud\u00ed e a arquitetura modernista da cidade.<\/p>\n","protected":false},"featured_media":9360,"template":"","meta":{"_acf_changed":false},"product_brand":[],"product_cat":[699],"product_tag":[],"class_list":{"0":"post-36887","1":"product","2":"type-product","3":"status-publish","4":"has-post-thumbnail","6":"product_cat-imanes","7":"pa_ciudad-barcelona","8":"pa_motivo-sagrada-familia","9":"pa_pais-espana","11":"first","12":"instock","13":"shipping-taxable","14":"product-type-simple"},"acf":[],"_links":{"self":[{"href":"https:\/\/olemosaic.orbitalia.org\/pt-pt\/wp-json\/wp\/v2\/product\/36887","targetHints":{"allow":["GET"]}}],"collection":[{"href":"https:\/\/olemosaic.orbitalia.org\/pt-pt\/wp-json\/wp\/v2\/product"}],"about":[{"href":"https:\/\/olemosaic.orbitalia.org\/pt-pt\/wp-json\/wp\/v2\/types\/product"}],"wp:featuredmedia":[{"embeddable":true,"href":"https:\/\/olemosaic.orbitalia.org\/pt-pt\/wp-json\/wp\/v2\/media\/9360"}],"wp:attachment":[{"href":"https:\/\/olemosaic.orbitalia.org\/pt-pt\/wp-json\/wp\/v2\/media?parent=36887"}],"wp:term":[{"taxonomy":"product_brand","embeddable":true,"href":"https:\/\/olemosaic.orbitalia.org\/pt-pt\/wp-json\/wp\/v2\/product_brand?post=36887"},{"taxonomy":"product_cat","embeddable":true,"href":"https:\/\/olemosaic.orbitalia.org\/pt-pt\/wp-json\/wp\/v2\/product_cat?post=36887"},{"taxonomy":"product_tag","embeddable":true,"href":"https:\/\/olemosaic.orbitalia.org\/pt-pt\/wp-json\/wp\/v2\/product_tag?post=36887"}],"curies":[{"name":"wp","href":"https:\/\/api.w.org\/{rel}","templated":true}]}}