{"id":36885,"date":"2025-02-20T23:36:21","date_gmt":"2025-02-20T22:36:21","guid":{"rendered":"https:\/\/olemosaic.orbitalia.org\/producto\/iman-de-resina-casa-batllo-barcelona-4\/"},"modified":"2025-07-25T18:34:18","modified_gmt":"2025-07-25T16:34:18","slug":"iman-de-resina-casa-batllo-barcelona-4-pt-pt","status":"publish","type":"product","link":"https:\/\/olemosaic.orbitalia.org\/pt-pt\/produto\/iman-de-resina-casa-batllo-barcelona-4-pt-pt\/","title":{"rendered":"\u00cdman de resina. Casa Batll\u00f3. Gaud\u00ed. Barcelona."},"content":{"rendered":"<p>\u00cdman de resina da emblem\u00e1tica Casa Batll\u00f3 de Barcelona. Este vibrante \u00edman captura a ess\u00eancia do modernismo catal\u00e3o, mostrando uma detalhada representa\u00e7\u00e3o da impressionante fachada do edif\u00edcio, famoso pelo seu design singular de mosaicos de cer\u00e2mica. Numa chamativa paleta de cores que inclui vermelhos, azuis e verdes, esta recorda\u00e7\u00e3o destaca-se n\u00e3o s\u00f3 pela sua est\u00e9tica, mas tamb\u00e9m pela rica hist\u00f3ria cultural que representa. A Casa Batll\u00f3, obra-prima de Antoni Gaud\u00ed, \u00e9 um emblema da arquitetura inovadora de Barcelona, um s\u00edmbolo do modernismo que deixou marca na arte e na cultura da cidade. A palavra &#8220;Barcelona&#8221; est\u00e1 elegantemente impressa em letras chamativas na parte inferior do \u00edman, acrescentando um toque de autenticidade e atrativo para turistas e colecionadores. Este \u00edman de resina n\u00e3o \u00e9 apenas um produto decorativo, mas tamb\u00e9m uma recorda\u00e7\u00e3o perfeita que simboliza a magia desta metr\u00f3pole mediterr\u00e2nica. Na Ol\u00e9 Mosaic, distribu\u00edmos recorda\u00e7\u00f5es aut\u00eanticas por grosso, de alta qualidade, ideais para lojas de presentes tur\u00edsticos que procuram oferecer aos seus clientes um peda\u00e7o da rica heran\u00e7a cultural de Espanha. Este \u00edman da Casa Batll\u00f3 \u00e9 uma excelente op\u00e7\u00e3o para quem deseja levar uma recorda\u00e7\u00e3o significativa da sua visita a Barcelona.<\/p>\n","protected":false},"excerpt":{"rendered":"<p>\u00cdman inspirado na ic\u00f3nica Casa Batll\u00f3 de Barcelona. Este colorido \u00edman apresenta uma vibrante representa\u00e7\u00e3o da fachada, destacando o uso dos caracter\u00edsticos mosaicos de cer\u00e2mica que adornam o edif\u00edcio. Com tons vermelhos, azuis e verdes, captura a ess\u00eancia do modernismo catal\u00e3o. A palavra &#8220;Barcelona&#8221; est\u00e1 impressa em letras chamativas na parte inferior, o que torna este \u00edman numa recorda\u00e7\u00e3o perfeita para os amantes da arquitetura e da arte.<\/p>\n","protected":false},"featured_media":9359,"template":"","meta":{"_acf_changed":false},"product_brand":[],"product_cat":[699],"product_tag":[],"class_list":{"0":"post-36885","1":"product","2":"type-product","3":"status-publish","4":"has-post-thumbnail","6":"product_cat-imanes","7":"pa_ciudad-barcelona","8":"pa_motivo-casa-batllo","9":"pa_pais-espana","11":"first","12":"instock","13":"shipping-taxable","14":"product-type-simple"},"acf":[],"_links":{"self":[{"href":"https:\/\/olemosaic.orbitalia.org\/pt-pt\/wp-json\/wp\/v2\/product\/36885","targetHints":{"allow":["GET"]}}],"collection":[{"href":"https:\/\/olemosaic.orbitalia.org\/pt-pt\/wp-json\/wp\/v2\/product"}],"about":[{"href":"https:\/\/olemosaic.orbitalia.org\/pt-pt\/wp-json\/wp\/v2\/types\/product"}],"wp:featuredmedia":[{"embeddable":true,"href":"https:\/\/olemosaic.orbitalia.org\/pt-pt\/wp-json\/wp\/v2\/media\/9359"}],"wp:attachment":[{"href":"https:\/\/olemosaic.orbitalia.org\/pt-pt\/wp-json\/wp\/v2\/media?parent=36885"}],"wp:term":[{"taxonomy":"product_brand","embeddable":true,"href":"https:\/\/olemosaic.orbitalia.org\/pt-pt\/wp-json\/wp\/v2\/product_brand?post=36885"},{"taxonomy":"product_cat","embeddable":true,"href":"https:\/\/olemosaic.orbitalia.org\/pt-pt\/wp-json\/wp\/v2\/product_cat?post=36885"},{"taxonomy":"product_tag","embeddable":true,"href":"https:\/\/olemosaic.orbitalia.org\/pt-pt\/wp-json\/wp\/v2\/product_tag?post=36885"}],"curies":[{"name":"wp","href":"https:\/\/api.w.org\/{rel}","templated":true}]}}