{"id":36882,"date":"2025-02-20T23:36:21","date_gmt":"2025-02-20T22:36:21","guid":{"rendered":"https:\/\/olemosaic.orbitalia.org\/producto\/iman-de-resina-panoramica-barcelona-7\/"},"modified":"2025-07-25T20:37:43","modified_gmt":"2025-07-25T18:37:43","slug":"iman-de-resina-panoramica-barcelona-7-pt-pt","status":"publish","type":"product","link":"https:\/\/olemosaic.orbitalia.org\/pt-pt\/produto\/iman-de-resina-panoramica-barcelona-7-pt-pt\/","title":{"rendered":"\u00cdman de resina. Panor\u00e2mica. Edif\u00edcios Gaud\u00ed. Barcelona."},"content":{"rendered":"<p>\u00cdman de resina com uma colorida panor\u00e2mica de Barcelona. Este vibrante \u00edman captura a ess\u00eancia arquitet\u00f3nica da capital catal\u00e3, destacando a ic\u00f3nica Sagrada Fam\u00edlia e os inovadores edif\u00edcios de Gaud\u00ed, emblemas da cidade. O seu design, inspirado na t\u00e9cnica do trencad\u00eds, apresenta uma explos\u00e3o de cores brilhantes que refletem a criatividade e vitalidade da cultura catal\u00e3. A Sagrada Fam\u00edlia, com o seu impressionante detalhe, ergue-se majestosa no centro, enquanto os edif\u00edcios de Gaud\u00ed, com as suas formas org\u00e2nicas e coloridas, conferem um toque moderno e festivo.<\/p>\n<p>O fundo do \u00edman est\u00e1 adornado com um mosaico que complementa a paleta de cores, oferecendo um contraste visual atraente. A legenda &#8220;Barcelona&#8221;, em letras destacadas, adiciona um elemento chamativo que torna esta recorda\u00e7\u00e3o um lembrete perfeito de cada visita a esta metr\u00f3pole europeia cheia de vida, arte e hist\u00f3ria. Este \u00edman de resina n\u00e3o \u00e9 apenas um acess\u00f3rio decorativo ideal para qualquer superf\u00edcie met\u00e1lica, mas tamb\u00e9m uma recorda\u00e7\u00e3o aut\u00eantica da beleza de Barcelona. Na Ol\u00e9 Mosaic, como distribuidores de souvenirs por grosso, oferecemos este \u00edman como uma excelente op\u00e7\u00e3o para lojas de presentes tur\u00edsticos que procuram oferecer produtos genu\u00ednos que evoquem a vibrante cultura de Barcelona.<\/p>\n","protected":false},"excerpt":{"rendered":"<p>\u00cdman com uma colorida panor\u00e2mica de Barcelona, onde se destacam a famosa Sagrada Fam\u00edlia e as vibrantes formas dos edif\u00edcios de Gaud\u00ed. O design, inspirado no trencad\u00eds, apresenta uma explos\u00e3o de cores brilhantes que capturam a ess\u00eancia arquitet\u00f3nica da cidade. Com a palavra &#8220;Barcelona&#8221; em letras real\u00e7adas, este \u00edman \u00e9 o souvenir perfeito para recordar a beleza da capital catal\u00e3 e decorar qualquer superf\u00edcie met\u00e1lica.<\/p>\n","protected":false},"featured_media":9358,"template":"","meta":{"_acf_changed":false},"product_brand":[],"product_cat":[699],"product_tag":[],"class_list":{"0":"post-36882","1":"product","2":"type-product","3":"status-publish","4":"has-post-thumbnail","6":"product_cat-imanes","7":"pa_ciudad-barcelona","8":"pa_motivo-panoramas","9":"pa_pais-espana","11":"first","12":"instock","13":"shipping-taxable","14":"product-type-simple"},"acf":[],"_links":{"self":[{"href":"https:\/\/olemosaic.orbitalia.org\/pt-pt\/wp-json\/wp\/v2\/product\/36882","targetHints":{"allow":["GET"]}}],"collection":[{"href":"https:\/\/olemosaic.orbitalia.org\/pt-pt\/wp-json\/wp\/v2\/product"}],"about":[{"href":"https:\/\/olemosaic.orbitalia.org\/pt-pt\/wp-json\/wp\/v2\/types\/product"}],"wp:featuredmedia":[{"embeddable":true,"href":"https:\/\/olemosaic.orbitalia.org\/pt-pt\/wp-json\/wp\/v2\/media\/9358"}],"wp:attachment":[{"href":"https:\/\/olemosaic.orbitalia.org\/pt-pt\/wp-json\/wp\/v2\/media?parent=36882"}],"wp:term":[{"taxonomy":"product_brand","embeddable":true,"href":"https:\/\/olemosaic.orbitalia.org\/pt-pt\/wp-json\/wp\/v2\/product_brand?post=36882"},{"taxonomy":"product_cat","embeddable":true,"href":"https:\/\/olemosaic.orbitalia.org\/pt-pt\/wp-json\/wp\/v2\/product_cat?post=36882"},{"taxonomy":"product_tag","embeddable":true,"href":"https:\/\/olemosaic.orbitalia.org\/pt-pt\/wp-json\/wp\/v2\/product_tag?post=36882"}],"curies":[{"name":"wp","href":"https:\/\/api.w.org\/{rel}","templated":true}]}}